{"id":100,"date":"2018-06-05T17:05:11","date_gmt":"2018-06-05T15:05:11","guid":{"rendered":"http:\/\/dahz.daffyhazan.com\/food-cook\/?page_id=100"},"modified":"2021-12-23T14:48:57","modified_gmt":"2021-12-23T13:48:57","slug":"about-thematchagreen","status":"publish","type":"page","link":"https:\/\/thematchagreen.com\/fr\/about-thematchagreen\/","title":{"rendered":"theMatchaGreen: Cours de Cuisine Japonaise"},"content":{"rendered":"<p><img decoding=\"async\" class=\"alignnone size-thumbnail wp-image-9939\" style=\"float: left; margin-right: 20px;\" src=\"https:\/\/thematchagreen.com\/wp-content\/uploads\/2018\/01\/IMG_2984-e1516213115117-200x200.jpg\" alt=\"Akiko - MatchaGreen\" width=\"200\" height=\"200\" srcset=\"https:\/\/thematchagreen.com\/wp-content\/uploads\/2018\/01\/IMG_2984-e1516213115117-200x200.jpg 200w, https:\/\/thematchagreen.com\/wp-content\/uploads\/2018\/01\/IMG_2984-e1516213115117-300x300.jpg 300w, https:\/\/thematchagreen.com\/wp-content\/uploads\/2018\/01\/IMG_2984-e1516213115117-750x750.jpg 750w, https:\/\/thematchagreen.com\/wp-content\/uploads\/2018\/01\/IMG_2984-e1516213115117-50x50.jpg 50w, https:\/\/thematchagreen.com\/wp-content\/uploads\/2018\/01\/IMG_2984-e1516213115117-60x60.jpg 60w, https:\/\/thematchagreen.com\/wp-content\/uploads\/2018\/01\/IMG_2984-e1516213115117-80x80.jpg 80w, https:\/\/thematchagreen.com\/wp-content\/uploads\/2018\/01\/IMG_2984-e1516213115117.jpg 1000w\" sizes=\"(max-width: 200px) 100vw, 200px\" \/><\/p>\n<h2>About Japanese Home Cooking<\/h2>\n<p><em>Bonjour et Bienvenue chez theMatchaGreen.<\/em><\/p>\n<p><em>Je m&#8217;appelle Akiko. Je suis japonaise, suis n\u00e9e et \u00e9l\u00e9v\u00e9e au Japon. Maintenant j&#8217;habite en Suisse (dans la Grande Lausanne) avec ma famille. <\/em><em>J&#8217;aime manger et cuisiner et m&#8217;int\u00e9resse \u00e0 tous les aliments.<\/em><\/p>\n<p><em>Depuis peu, les sushi sont \u00e9tonnamment populaires \u00e0 l&#8217;\u00e9tranger; on peut m\u00eame en acheter au supermarch\u00e9! Pourtant, depuis mon enfance les variations et les ingr\u00e9dients ont beaucoup chang\u00e9.<\/em><\/p>\n<p><em>Je pense qu&#8217;il est primordial de respecter la tradition, mais le changement est important et normal. Changer peut apporter un plus.<\/em><\/p>\n<p><em>J&#8217;adore manger au restaurant. On peut manger quelque chose de nouveau et\/ou quelque chose qu&#8217;on ne fait jamais \u00e0 la maison &#8211; et cela peut donner de nouvelles id\u00e9es!<\/em><\/p>\n<div class=\"threecol-one\"><img fetchpriority=\"high\" decoding=\"async\" class=\"alignnone wp-image-9680 size-medium\" src=\"https:\/\/thematchagreen.com\/wp-content\/uploads\/2017\/Workshops2017\/fullsizeoutput_688-e1513155352820-300x225.jpeg\" alt=\"voucher\" width=\"300\" height=\"225\" srcset=\"https:\/\/thematchagreen.com\/wp-content\/uploads\/2017\/Workshops2017\/fullsizeoutput_688-e1513155352820-300x225.jpeg 300w, https:\/\/thematchagreen.com\/wp-content\/uploads\/2017\/Workshops2017\/fullsizeoutput_688-e1513155352820.jpeg 1000w\" sizes=\"(max-width: 300px) 100vw, 300px\" \/><\/div> <div class=\"threecol-one\"><img decoding=\"async\" class=\"alignnone wp-image-10485 size-medium\" src=\"https:\/\/thematchagreen.com\/wp-content\/uploads\/2017\/Food2017\/P1390415-1-e1483810544298-300x225.jpg\" alt=\"\" width=\"300\" height=\"225\" \/><\/div> <div class=\"threecol-one last\"><img loading=\"lazy\" decoding=\"async\" class=\"alignnone wp-image-10716 size-medium\" src=\"https:\/\/thematchagreen.com\/wp-content\/uploads\/2016\/Workshops2016\/P1380809-e1478266203981-300x225.jpg\" alt=\"\" width=\"300\" height=\"225\" \/><\/div>\n<p>&nbsp;<\/p>\n<div style=\"clear: both;\">\n<h1>theMatchaGreen: Cours de cuisine japonaise<\/h1>\n<p><em>A la maison, je fais pour la plupart le genre de cuisine qu&#8217;on mange au Japon. C&#8217;est-\u00e0-dire que je cuisine parfois de fa\u00e7on traditionnelle et parfois plut\u00f4t de fa\u00e7on contemporaine.<\/em><\/p>\n<\/div>\n<p><em>A la maison, on a beaucoup des limites; le temps, notre budget, pour combien de personnes &#8230; Mais j&#8217;adore m&#8217;amuser dans la cuisine. Apr\u00e8s tout, on doit quand m\u00eame manger tous les jours!<\/em><\/p>\n<p><em>J&#8217;esp\u00e8re que vous allez appr\u00e9cier mes recettes japonaises. Je serais ravie si vous les essayez chez vous! J&#8217;esp\u00e8re beaucoup qu&#8217;elles vont contribuer \u00e0 ces bons moments que vous partagez avec vos amis, votre famille &#8230; et bien s\u00fbr pour vous!<\/em><\/p>\n<p><em>Bon app\u00e9tit!<\/em><\/p>\n<h2>How it all started<\/h2>\n<p><img loading=\"lazy\" decoding=\"async\" class=\"alignnone wp-image-9936 size-thumbnail\" style=\"float: right; margin-left: 20px; margin-right: 20px;\" src=\"https:\/\/thematchagreen.com\/wp-content\/uploads\/2018\/01\/IMG_4557-e1516202443849-200x200.jpg\" alt=\"Championship trophy\" width=\"200\" height=\"200\" srcset=\"https:\/\/thematchagreen.com\/wp-content\/uploads\/2018\/01\/IMG_4557-e1516202443849-200x200.jpg 200w, https:\/\/thematchagreen.com\/wp-content\/uploads\/2018\/01\/IMG_4557-e1516202443849-50x50.jpg 50w, https:\/\/thematchagreen.com\/wp-content\/uploads\/2018\/01\/IMG_4557-e1516202443849-300x300.jpg 300w, https:\/\/thematchagreen.com\/wp-content\/uploads\/2018\/01\/IMG_4557-e1516202443849-60x60.jpg 60w, https:\/\/thematchagreen.com\/wp-content\/uploads\/2018\/01\/IMG_4557-e1516202443849-80x80.jpg 80w\" sizes=\"(max-width: 200px) 100vw, 200px\" \/><\/p>\n<p><a href=\"https:\/\/thematchagreen.com\/championnat-romand-cuisiniers-amateurs-2015\/\" target=\"_blank\" rel=\"noopener noreferrer\">Championnat romand des cuisiniers amateurs<\/a><\/p>\n<p>&nbsp;<\/p>\n","protected":false},"excerpt":{"rendered":"<p>About Japanese Home Cooking Bonjour et Bienvenue chez theMatchaGreen. Je m&#8217;appelle Akiko. Je suis japonaise, suis n\u00e9e et \u00e9l\u00e9v\u00e9e au Japon. Maintenant j&#8217;habite en Suisse (dans la Grande Lausanne) avec ma famille. J&#8217;aime manger et cuisiner et m&#8217;int\u00e9resse \u00e0 tous les aliments. Depuis peu, les sushi sont \u00e9tonnamment populaires \u00e0 l&#8217;\u00e9tranger; on peut m\u00eame en [&hellip;]<\/p>\n","protected":false},"author":1,"featured_media":0,"parent":0,"menu_order":7,"comment_status":"closed","ping_status":"closed","template":"","meta":{"footnotes":""},"categories":[357],"tags":[],"class_list":{"0":"post-100","1":"page","2":"type-page","3":"status-publish","5":"category-matchagreen-company"},"translation":{"provider":"WPGlobus","version":"3.0.2","language":"fr","enabled_languages":["en","fr"],"languages":{"en":{"title":true,"content":true,"excerpt":false},"fr":{"title":true,"content":true,"excerpt":false}}},"yoast_head":"<!-- This site is optimized with the Yoast SEO plugin v27.3 - https:\/\/yoast.com\/product\/yoast-seo-wordpress\/ -->\n<title>theMatchaGreen: Cours de Cuisine Japonaise - Japanese cookery workshops for small groups<\/title>\n<meta name=\"robots\" content=\"index, follow, max-snippet:-1, max-image-preview:large, max-video-preview:-1\" \/>\n<link rel=\"canonical\" href=\"https:\/\/thematchagreen.com\/about-thematchagreen\/\" \/>\n<meta property=\"og:locale\" content=\"fr_FR\" \/>\n<meta property=\"og:type\" content=\"article\" \/>\n<meta property=\"og:title\" content=\"theMatchaGreen: Cours de Cuisine Japonaise - theMatchaGreen\" \/>\n<meta property=\"og:url\" content=\"https:\/\/thematchagreen.com\/about-thematchagreen\/\" \/>\n<meta property=\"og:site_name\" content=\"theMatchaGreen\" \/>\n<meta property=\"article:publisher\" content=\"https:\/\/www.facebook.com\/thematchagreen\/?ref=aymt_homepage_panel\" \/>\n<meta property=\"article:modified_time\" content=\"2021-12-23T13:48:57+00:00\" \/>\n<meta property=\"og:image\" content=\"https:\/\/thematchagreen.com\/wp-content\/uploads\/2018\/01\/IMG_2984-e1516213115117-200x200.jpg\" \/>\n<meta name=\"twitter:card\" content=\"summary_large_image\" \/>\n<meta name=\"twitter:label1\" content=\"Est. reading time\" \/>\n\t<meta name=\"twitter:data1\" content=\"4 minutes\" \/>\n<script type=\"application\/ld+json\" class=\"yoast-schema-graph\">{\"@context\":\"https:\\\/\\\/schema.org\",\"@graph\":[{\"@type\":\"WebPage\",\"@id\":\"https:\\\/\\\/thematchagreen.com\\\/about-thematchagreen\\\/\",\"url\":\"https:\\\/\\\/thematchagreen.com\\\/about-thematchagreen\\\/\",\"name\":\"theMatchaGreen: Cours de Cuisine Japonaise - Japanese cookery workshops for small groups\",\"isPartOf\":{\"@id\":\"https:\\\/\\\/thematchagreen.com\\\/#website\"},\"primaryImageOfPage\":{\"@id\":\"https:\\\/\\\/thematchagreen.com\\\/about-thematchagreen\\\/#primaryimage\"},\"image\":{\"@id\":\"https:\\\/\\\/thematchagreen.com\\\/about-thematchagreen\\\/#primaryimage\"},\"thumbnailUrl\":\"https:\\\/\\\/thematchagreen.com\\\/wp-content\\\/uploads\\\/2018\\\/01\\\/IMG_2984-e1516213115117-200x200.jpg\",\"datePublished\":\"2018-06-05T15:05:11+00:00\",\"dateModified\":\"2021-12-23T13:48:57+00:00\",\"description\":\"My name is Akiko and I was born and raised in Japan. My workshops give you a hands-on experience of preparing Japanese dishes under my guidance.\",\"breadcrumb\":{\"@id\":\"https:\\\/\\\/thematchagreen.com\\\/about-thematchagreen\\\/#breadcrumb\"},\"inLanguage\":\"fr-FR\",\"potentialAction\":[{\"@type\":\"ReadAction\",\"target\":[\"https:\\\/\\\/thematchagreen.com\\\/about-thematchagreen\\\/\"]}]},{\"@type\":\"ImageObject\",\"inLanguage\":\"fr-FR\",\"@id\":\"https:\\\/\\\/thematchagreen.com\\\/about-thematchagreen\\\/#primaryimage\",\"url\":\"https:\\\/\\\/thematchagreen.com\\\/wp-content\\\/uploads\\\/2018\\\/01\\\/IMG_2984-e1516213115117-200x200.jpg\",\"contentUrl\":\"https:\\\/\\\/thematchagreen.com\\\/wp-content\\\/uploads\\\/2018\\\/01\\\/IMG_2984-e1516213115117-200x200.jpg\"},{\"@type\":\"BreadcrumbList\",\"@id\":\"https:\\\/\\\/thematchagreen.com\\\/about-thematchagreen\\\/#breadcrumb\",\"itemListElement\":[{\"@type\":\"ListItem\",\"position\":1,\"name\":\"Home\",\"item\":\"https:\\\/\\\/thematchagreen.com\\\/\"},{\"@type\":\"ListItem\",\"position\":2,\"name\":\"About\"}]},{\"@type\":\"WebSite\",\"@id\":\"https:\\\/\\\/thematchagreen.com\\\/#website\",\"url\":\"https:\\\/\\\/thematchagreen.com\\\/\",\"name\":\"theMatchaGreen\",\"description\":\"Japanese Cooking Classes in Canton Vaud\",\"publisher\":{\"@id\":\"https:\\\/\\\/thematchagreen.com\\\/#organization\"},\"potentialAction\":[{\"@type\":\"SearchAction\",\"target\":{\"@type\":\"EntryPoint\",\"urlTemplate\":\"https:\\\/\\\/thematchagreen.com\\\/?s={search_term_string}\"},\"query-input\":{\"@type\":\"PropertyValueSpecification\",\"valueRequired\":true,\"valueName\":\"search_term_string\"}}],\"inLanguage\":\"fr-FR\"},{\"@type\":\"Organization\",\"@id\":\"https:\\\/\\\/thematchagreen.com\\\/#organization\",\"name\":\"MatchaGreen\",\"url\":\"https:\\\/\\\/thematchagreen.com\\\/\",\"logo\":{\"@type\":\"ImageObject\",\"inLanguage\":\"fr-FR\",\"@id\":\"https:\\\/\\\/thematchagreen.com\\\/#\\\/schema\\\/logo\\\/image\\\/\",\"url\":\"https:\\\/\\\/thematchagreen.com\\\/wp-content\\\/uploads\\\/2019\\\/02\\\/test2-mg-banner-logo.png\",\"contentUrl\":\"https:\\\/\\\/thematchagreen.com\\\/wp-content\\\/uploads\\\/2019\\\/02\\\/test2-mg-banner-logo.png\",\"width\":800,\"height\":146,\"caption\":\"MatchaGreen\"},\"image\":{\"@id\":\"https:\\\/\\\/thematchagreen.com\\\/#\\\/schema\\\/logo\\\/image\\\/\"},\"sameAs\":[\"https:\\\/\\\/www.facebook.com\\\/thematchagreen\\\/?ref=aymt_homepage_panel\",\"https:\\\/\\\/www.instagram.com\\\/japanesecookingrecipesmatchagr\\\/\",\"https:\\\/\\\/www.pinterest.com\\\/thematchagreen\\\/\"]}]}<\/script>\n<!-- \/ Yoast SEO plugin. -->","yoast_head_json":{"title":"theMatchaGreen: Cours de Cuisine Japonaise - Japanese cookery workshops for small groups","robots":{"index":"index","follow":"follow","max-snippet":"max-snippet:-1","max-image-preview":"max-image-preview:large","max-video-preview":"max-video-preview:-1"},"canonical":"https:\/\/thematchagreen.com\/about-thematchagreen\/","og_locale":"fr_FR","og_type":"article","og_title":"theMatchaGreen: Cours de Cuisine Japonaise - theMatchaGreen","og_url":"https:\/\/thematchagreen.com\/about-thematchagreen\/","og_site_name":"theMatchaGreen","article_publisher":"https:\/\/www.facebook.com\/thematchagreen\/?ref=aymt_homepage_panel","article_modified_time":"2021-12-23T13:48:57+00:00","og_image":[{"url":"https:\/\/thematchagreen.com\/wp-content\/uploads\/2018\/01\/IMG_2984-e1516213115117-200x200.jpg","type":"","width":"","height":""}],"twitter_card":"summary_large_image","twitter_misc":{"Est. reading time":"4 minutes"},"schema":{"@context":"https:\/\/schema.org","@graph":[{"@type":"WebPage","@id":"https:\/\/thematchagreen.com\/about-thematchagreen\/","url":"https:\/\/thematchagreen.com\/about-thematchagreen\/","name":"theMatchaGreen: Cours de Cuisine Japonaise - Japanese cookery workshops for small groups","isPartOf":{"@id":"https:\/\/thematchagreen.com\/#website"},"primaryImageOfPage":{"@id":"https:\/\/thematchagreen.com\/about-thematchagreen\/#primaryimage"},"image":{"@id":"https:\/\/thematchagreen.com\/about-thematchagreen\/#primaryimage"},"thumbnailUrl":"https:\/\/thematchagreen.com\/wp-content\/uploads\/2018\/01\/IMG_2984-e1516213115117-200x200.jpg","datePublished":"2018-06-05T15:05:11+00:00","dateModified":"2021-12-23T13:48:57+00:00","description":"My name is Akiko and I was born and raised in Japan. My workshops give you a hands-on experience of preparing Japanese dishes under my guidance.","breadcrumb":{"@id":"https:\/\/thematchagreen.com\/about-thematchagreen\/#breadcrumb"},"inLanguage":"fr-FR","potentialAction":[{"@type":"ReadAction","target":["https:\/\/thematchagreen.com\/about-thematchagreen\/"]}]},{"@type":"ImageObject","inLanguage":"fr-FR","@id":"https:\/\/thematchagreen.com\/about-thematchagreen\/#primaryimage","url":"https:\/\/thematchagreen.com\/wp-content\/uploads\/2018\/01\/IMG_2984-e1516213115117-200x200.jpg","contentUrl":"https:\/\/thematchagreen.com\/wp-content\/uploads\/2018\/01\/IMG_2984-e1516213115117-200x200.jpg"},{"@type":"BreadcrumbList","@id":"https:\/\/thematchagreen.com\/about-thematchagreen\/#breadcrumb","itemListElement":[{"@type":"ListItem","position":1,"name":"Home","item":"https:\/\/thematchagreen.com\/"},{"@type":"ListItem","position":2,"name":"About"}]},{"@type":"WebSite","@id":"https:\/\/thematchagreen.com\/#website","url":"https:\/\/thematchagreen.com\/","name":"theMatchaGreen","description":"Japanese Cooking Classes in Canton Vaud","publisher":{"@id":"https:\/\/thematchagreen.com\/#organization"},"potentialAction":[{"@type":"SearchAction","target":{"@type":"EntryPoint","urlTemplate":"https:\/\/thematchagreen.com\/?s={search_term_string}"},"query-input":{"@type":"PropertyValueSpecification","valueRequired":true,"valueName":"search_term_string"}}],"inLanguage":"fr-FR"},{"@type":"Organization","@id":"https:\/\/thematchagreen.com\/#organization","name":"MatchaGreen","url":"https:\/\/thematchagreen.com\/","logo":{"@type":"ImageObject","inLanguage":"fr-FR","@id":"https:\/\/thematchagreen.com\/#\/schema\/logo\/image\/","url":"https:\/\/thematchagreen.com\/wp-content\/uploads\/2019\/02\/test2-mg-banner-logo.png","contentUrl":"https:\/\/thematchagreen.com\/wp-content\/uploads\/2019\/02\/test2-mg-banner-logo.png","width":800,"height":146,"caption":"MatchaGreen"},"image":{"@id":"https:\/\/thematchagreen.com\/#\/schema\/logo\/image\/"},"sameAs":["https:\/\/www.facebook.com\/thematchagreen\/?ref=aymt_homepage_panel","https:\/\/www.instagram.com\/japanesecookingrecipesmatchagr\/","https:\/\/www.pinterest.com\/thematchagreen\/"]}]}},"_links":{"self":[{"href":"https:\/\/thematchagreen.com\/fr\/wp-json\/wp\/v2\/pages\/100","targetHints":{"allow":["GET"]}}],"collection":[{"href":"https:\/\/thematchagreen.com\/fr\/wp-json\/wp\/v2\/pages"}],"about":[{"href":"https:\/\/thematchagreen.com\/fr\/wp-json\/wp\/v2\/types\/page"}],"author":[{"embeddable":true,"href":"https:\/\/thematchagreen.com\/fr\/wp-json\/wp\/v2\/users\/1"}],"replies":[{"embeddable":true,"href":"https:\/\/thematchagreen.com\/fr\/wp-json\/wp\/v2\/comments?post=100"}],"version-history":[{"count":0,"href":"https:\/\/thematchagreen.com\/fr\/wp-json\/wp\/v2\/pages\/100\/revisions"}],"wp:attachment":[{"href":"https:\/\/thematchagreen.com\/fr\/wp-json\/wp\/v2\/media?parent=100"}],"wp:term":[{"taxonomy":"category","embeddable":true,"href":"https:\/\/thematchagreen.com\/fr\/wp-json\/wp\/v2\/categories?post=100"},{"taxonomy":"post_tag","embeddable":true,"href":"https:\/\/thematchagreen.com\/fr\/wp-json\/wp\/v2\/tags?post=100"}],"curies":[{"name":"wp","href":"https:\/\/api.w.org\/{rel}","templated":true}]}}