{"id":10270,"date":"2018-03-20T12:49:28","date_gmt":"2018-03-20T11:49:28","guid":{"rendered":"https:\/\/thematchagreen.com\/?page_id=10270"},"modified":"2025-01-19T11:01:06","modified_gmt":"2025-01-19T10:01:06","slug":"fun-workshops","status":"publish","type":"page","link":"https:\/\/thematchagreen.com\/fr\/regular-workshops\/fun-workshops\/","title":{"rendered":"Ateliers de Cuisine pour Votre Ev\u00e9nement Priv\u00e9"},"content":{"rendered":"\n<p><\/p>\n\n\n<h1 style=\"text-align: center;\"><strong>Ateliers de Cuisine pour Votre Ev\u00e9nement Priv\u00e9\u00a0<\/strong><\/h1>\n<h2 style=\"text-align: center;\">***\u00a0<\/h2>\n<h2 style=\"text-align: center;\">Team Building, Enterprise, Anniversaries, Enterrement de vie de jeune fille, etc&#8230;<\/h2>\n<div class=\"fivecol-one\"><img decoding=\"async\" class=\"alignnone size-thumbnail wp-image-11498\" src=\"https:\/\/thematchagreen.com\/wp-content\/uploads\/2018\/07\/IMG_5170-e1530792678797-200x200.jpg\" alt=\"class\" width=\"200\" height=\"200\" srcset=\"https:\/\/thematchagreen.com\/wp-content\/uploads\/2018\/07\/IMG_5170-e1530792678797-200x200.jpg 200w, https:\/\/thematchagreen.com\/wp-content\/uploads\/2018\/07\/IMG_5170-e1530792678797-50x50.jpg 50w, https:\/\/thematchagreen.com\/wp-content\/uploads\/2018\/07\/IMG_5170-e1530792678797-300x300.jpg 300w, https:\/\/thematchagreen.com\/wp-content\/uploads\/2018\/07\/IMG_5170-e1530792678797-60x60.jpg 60w, https:\/\/thematchagreen.com\/wp-content\/uploads\/2018\/07\/IMG_5170-e1530792678797-80x80.jpg 80w\" sizes=\"(max-width: 200px) 100vw, 200px\" \/><\/div> <div class=\"fivecol-one\"><img decoding=\"async\" class=\"alignnone size-thumbnail wp-image-11232\" src=\"https:\/\/thematchagreen.com\/wp-content\/uploads\/2018\/04\/IMG_4685-e1524484527795-200x200.jpg\" alt=\"class\" width=\"200\" height=\"200\" \/><\/div> <div class=\"fivecol-one\"><img decoding=\"async\" class=\"alignnone size-thumbnail wp-image-11121\" src=\"https:\/\/thematchagreen.com\/wp-content\/uploads\/2018\/04\/P1400066-200x200.jpg\" alt=\"cookingclass\" width=\"200\" height=\"200\" \/><\/div> <div class=\"fivecol-one\"><a href=\"https:\/\/thematchagreen.com\/wp-content\/uploads\/2024\/04\/IMG_0212-2.heic\"><img loading=\"lazy\" decoding=\"async\" class=\"alignnone wp-image-20354\" src=\"https:\/\/thematchagreen.com\/wp-content\/uploads\/2024\/04\/IMG_0212-2.heic\" alt=\"\" width=\"147\" height=\"196\" \/><\/a><\/div> <div class=\"fivecol-one last\"><a href=\"https:\/\/thematchagreen.com\/wp-content\/uploads\/2024\/04\/IMG_0907.heic\"><img loading=\"lazy\" decoding=\"async\" class=\"alignnone wp-image-20357\" src=\"https:\/\/thematchagreen.com\/wp-content\/uploads\/2024\/04\/IMG_0907.heic\" alt=\"\" width=\"251\" height=\"188\" \/><\/a><\/div>\n<p>.<\/p>\n<p>.<\/p>\n<p>Le but des ateliers est le fun, et non pas la ma\u00eetrise des techniques de cuisine japonaise.<\/p>\n<p>Chaque atelier peut \u00eatre personnalis\u00e9 pour vous, bas\u00e9 sur un des cours parmi notre palette de cours r\u00e9guliers. (Voir notre <a href=\"https:\/\/thematchagreen.com\/workshop-calendar\/\">Horaire des Ateliers<\/a>.)<\/p>\n<p>Ces ateliers ont d\u00e9j\u00e0 eu du succ\u00e8s en qualit\u00e9 de &#8220;<strong>TEAM BUILDING&#8221;, &#8220;pour ENTERPRISE&#8221;, &#8220;ANNIVERSAIRE<\/strong>&#8221; et &#8220;<strong>ENTERREMENT DE VIE DE JEUNE FILLE<\/strong>&#8220;&#8230;. Quel que soit la raison de votre f\u00eate, nous pouvons nous adapter \u00e0 vos besoins! Si la logistique le permet, l&#8217;activit\u00e9 pourrait m\u00eame avoir lieu <strong>chez vous<\/strong>.<\/p>\n<p>.<\/p>\n<h2>Atelier Menu pour Ev\u00e9nement Priv\u00e9<\/h2>\n<p>&#8211; Le menu peut \u00eatre adapt\u00e9 \u00e0 vos besoins et \u00e0 <strong>vos changements<\/strong> (par exemple, ajouter d&#8217;autres entr\u00e9es ou des amuse-gueules, apprendre le sushi + plus, etc.<\/p>\n<p>&#8211; L&#8217;option <strong>v\u00e9g\u00e9tarienne<\/strong> est disponible (mais cela d\u00e9pend du menu).<\/p>\n<p>&#8211; <strong>7 personnes ou moins<\/strong>, choisissez le menu <strong>r\u00e9gulier<\/strong> du cours et de l&#8217;<strong>atelier<\/strong> (moins de contenu).<br \/>&#8211; <strong>8 personnes ou plus,<\/strong> choisissez le <strong>menu atelier.<\/strong> (*Le menu atelier a moins de contenu que le menu normal, mais la quantit\u00e9 de nourriture est suffisante pour un repas par personne.)<\/p>\n<p>.<\/p>\n<h2>Conditions G\u00e9n\u00e9rales de Vente<\/h2>\n<p>&#8211; <strong>Le midi en semaine<\/strong> (Termin\u00e9 \u00e0 15h00) : \u00e0 <strong>partir de 3 personnes<\/strong><\/p>\n<p>&#8211; <strong>le soir en semaine<\/strong> (commencer apr\u00e8s 16h) et le week-end le midi (Termin\u00e9 \u00e0 15h00) : \u00e0 <strong>partie de 6 personnes<\/strong><\/p>\n<p>&#8211; <strong>Le soir le week-end<\/strong> (commencer \u00e0 17h30 \u00e0 theMatchaGreen) : <strong>\u00e0 partie de 8 personnes (Frais minimums CHF100p.p.)<\/strong><\/p>\n<p>&#8211; Ce cours peut avoir lieu \u00e0 <strong>theMatchaGreen<\/strong> (ou pour des groupes plus importants, d&#8217;autres lieux peuvent \u00eatre lou\u00e9s), ou \u00e0 <strong>l&#8217;endroit de votre choix<\/strong>.<\/p>\n<p>.<\/p>\n<h2>Lorsque votre prise de contacte, on aura besoin de savoir<\/h2>\n<ul>\n<li><strong>Combien<\/strong> vous serez?<\/li>\n<li>Qu&#8217;est-ce que vous f\u00eatez? (enterrement de vie de jeune fille, activit\u00e9 entre coll\u00e8gues, f\u00eate de famille, &#8230;)<\/li>\n<li>Demandes particuli\u00e8res<\/li>\n<li>Date id\u00e9ale? (Si possible, nous fournir un <strong>choix de dates<\/strong>.)<\/li>\n<li>Des <span style=\"color: #ff0000;\"><strong>allergies alimentaires<\/strong><\/span> ?<\/li>\n<\/ul>\n<p>.<\/p>\n<h3><a href=\"https:\/\/thematchagreen.com\/contact-matchagreen\/\" target=\"_blank\" rel=\"noopener noreferrer\">CONTACT theMatchaGreen<\/a><\/h3>","protected":false},"excerpt":{"rendered":"<p>Ateliers de Cuisine pour Votre Ev\u00e9nement Priv\u00e9\u00a0 ***\u00a0 Team Building, Enterprise, Anniversaries, Enterrement de vie de jeune fille, etc&#8230; . . Le but des ateliers est le fun, et non pas la ma\u00eetrise des techniques de cuisine japonaise. Chaque atelier peut \u00eatre personnalis\u00e9 pour vous, bas\u00e9 sur un des cours parmi notre palette de cours [&hellip;]<\/p>\n","protected":false},"author":1,"featured_media":0,"parent":4300,"menu_order":48,"comment_status":"closed","ping_status":"closed","template":"","meta":{"footnotes":""},"categories":[337],"tags":[579,648],"class_list":{"0":"post-10270","1":"page","2":"type-page","3":"status-publish","5":"category-workshops","6":"tag-fun","7":"tag-presentation-page"},"translation":{"provider":"WPGlobus","version":"3.0.2","language":"fr","enabled_languages":["en","fr"],"languages":{"en":{"title":true,"content":true,"excerpt":false},"fr":{"title":true,"content":true,"excerpt":false}}},"yoast_head":"<!-- This site is optimized with the Yoast SEO plugin v27.3 - https:\/\/yoast.com\/product\/yoast-seo-wordpress\/ -->\n<title>Ateliers de Cuisine pour Votre Ev\u00e9nement Priv\u00e9 - theMatchaGreen<\/title>\n<meta name=\"robots\" content=\"index, follow, max-snippet:-1, max-image-preview:large, max-video-preview:-1\" \/>\n<link rel=\"canonical\" href=\"https:\/\/thematchagreen.com\/regular-workshops\/fun-workshops\/\" \/>\n<meta property=\"og:locale\" content=\"fr_FR\" \/>\n<meta property=\"og:type\" content=\"article\" \/>\n<meta property=\"og:title\" content=\"Ateliers de Cuisine pour Votre Ev\u00e9nement Priv\u00e9 - theMatchaGreen\" \/>\n<meta property=\"og:url\" content=\"https:\/\/thematchagreen.com\/regular-workshops\/fun-workshops\/\" \/>\n<meta property=\"og:site_name\" content=\"theMatchaGreen\" \/>\n<meta property=\"article:publisher\" content=\"https:\/\/www.facebook.com\/thematchagreen\/?ref=aymt_homepage_panel\" \/>\n<meta property=\"article:modified_time\" content=\"2025-01-19T10:01:06+00:00\" \/>\n<meta name=\"twitter:card\" content=\"summary_large_image\" \/>\n<meta name=\"twitter:label1\" content=\"Est. reading time\" \/>\n\t<meta name=\"twitter:data1\" content=\"3 minutes\" \/>\n<script type=\"application\/ld+json\" class=\"yoast-schema-graph\">{\"@context\":\"https:\\\/\\\/schema.org\",\"@graph\":[{\"@type\":\"WebPage\",\"@id\":\"https:\\\/\\\/thematchagreen.com\\\/regular-workshops\\\/fun-workshops\\\/\",\"url\":\"https:\\\/\\\/thematchagreen.com\\\/regular-workshops\\\/fun-workshops\\\/\",\"name\":\"Ateliers de Cuisine pour Votre Ev\u00e9nement Priv\u00e9 - theMatchaGreen\",\"isPartOf\":{\"@id\":\"https:\\\/\\\/thematchagreen.com\\\/#website\"},\"primaryImageOfPage\":{\"@id\":\"https:\\\/\\\/thematchagreen.com\\\/regular-workshops\\\/fun-workshops\\\/#primaryimage\"},\"image\":{\"@id\":\"https:\\\/\\\/thematchagreen.com\\\/regular-workshops\\\/fun-workshops\\\/#primaryimage\"},\"thumbnailUrl\":\"https:\\\/\\\/thematchagreen.com\\\/wp-content\\\/uploads\\\/2024\\\/04\\\/IMG_0907.heic\",\"datePublished\":\"2018-03-20T11:49:28+00:00\",\"dateModified\":\"2025-01-19T10:01:06+00:00\",\"breadcrumb\":{\"@id\":\"https:\\\/\\\/thematchagreen.com\\\/regular-workshops\\\/fun-workshops\\\/#breadcrumb\"},\"inLanguage\":\"fr-FR\",\"potentialAction\":[{\"@type\":\"ReadAction\",\"target\":[\"https:\\\/\\\/thematchagreen.com\\\/regular-workshops\\\/fun-workshops\\\/\"]}]},{\"@type\":\"ImageObject\",\"inLanguage\":\"fr-FR\",\"@id\":\"https:\\\/\\\/thematchagreen.com\\\/regular-workshops\\\/fun-workshops\\\/#primaryimage\",\"url\":\"https:\\\/\\\/thematchagreen.com\\\/wp-content\\\/uploads\\\/2024\\\/04\\\/IMG_0907.heic\",\"contentUrl\":\"https:\\\/\\\/thematchagreen.com\\\/wp-content\\\/uploads\\\/2024\\\/04\\\/IMG_0907.heic\"},{\"@type\":\"BreadcrumbList\",\"@id\":\"https:\\\/\\\/thematchagreen.com\\\/regular-workshops\\\/fun-workshops\\\/#breadcrumb\",\"itemListElement\":[{\"@type\":\"ListItem\",\"position\":1,\"name\":\"Home\",\"item\":\"https:\\\/\\\/thematchagreen.com\\\/\"},{\"@type\":\"ListItem\",\"position\":2,\"name\":\"Regular Classes\",\"item\":\"https:\\\/\\\/thematchagreen.com\\\/regular-workshops\\\/\"},{\"@type\":\"ListItem\",\"position\":3,\"name\":\"Private Cooking Workshops for Your Private Event\"}]},{\"@type\":\"WebSite\",\"@id\":\"https:\\\/\\\/thematchagreen.com\\\/#website\",\"url\":\"https:\\\/\\\/thematchagreen.com\\\/\",\"name\":\"theMatchaGreen\",\"description\":\"Japanese Cooking Classes in Canton Vaud\",\"publisher\":{\"@id\":\"https:\\\/\\\/thematchagreen.com\\\/#organization\"},\"potentialAction\":[{\"@type\":\"SearchAction\",\"target\":{\"@type\":\"EntryPoint\",\"urlTemplate\":\"https:\\\/\\\/thematchagreen.com\\\/?s={search_term_string}\"},\"query-input\":{\"@type\":\"PropertyValueSpecification\",\"valueRequired\":true,\"valueName\":\"search_term_string\"}}],\"inLanguage\":\"fr-FR\"},{\"@type\":\"Organization\",\"@id\":\"https:\\\/\\\/thematchagreen.com\\\/#organization\",\"name\":\"MatchaGreen\",\"url\":\"https:\\\/\\\/thematchagreen.com\\\/\",\"logo\":{\"@type\":\"ImageObject\",\"inLanguage\":\"fr-FR\",\"@id\":\"https:\\\/\\\/thematchagreen.com\\\/#\\\/schema\\\/logo\\\/image\\\/\",\"url\":\"https:\\\/\\\/thematchagreen.com\\\/wp-content\\\/uploads\\\/2019\\\/02\\\/test2-mg-banner-logo.png\",\"contentUrl\":\"https:\\\/\\\/thematchagreen.com\\\/wp-content\\\/uploads\\\/2019\\\/02\\\/test2-mg-banner-logo.png\",\"width\":800,\"height\":146,\"caption\":\"MatchaGreen\"},\"image\":{\"@id\":\"https:\\\/\\\/thematchagreen.com\\\/#\\\/schema\\\/logo\\\/image\\\/\"},\"sameAs\":[\"https:\\\/\\\/www.facebook.com\\\/thematchagreen\\\/?ref=aymt_homepage_panel\",\"https:\\\/\\\/www.instagram.com\\\/japanesecookingrecipesmatchagr\\\/\",\"https:\\\/\\\/www.pinterest.com\\\/thematchagreen\\\/\"]}]}<\/script>\n<!-- \/ Yoast SEO plugin. -->","yoast_head_json":{"title":"Ateliers de Cuisine pour Votre Ev\u00e9nement Priv\u00e9 - theMatchaGreen","robots":{"index":"index","follow":"follow","max-snippet":"max-snippet:-1","max-image-preview":"max-image-preview:large","max-video-preview":"max-video-preview:-1"},"canonical":"https:\/\/thematchagreen.com\/regular-workshops\/fun-workshops\/","og_locale":"fr_FR","og_type":"article","og_title":"Ateliers de Cuisine pour Votre Ev\u00e9nement Priv\u00e9 - theMatchaGreen","og_url":"https:\/\/thematchagreen.com\/regular-workshops\/fun-workshops\/","og_site_name":"theMatchaGreen","article_publisher":"https:\/\/www.facebook.com\/thematchagreen\/?ref=aymt_homepage_panel","article_modified_time":"2025-01-19T10:01:06+00:00","twitter_card":"summary_large_image","twitter_misc":{"Est. reading time":"3 minutes"},"schema":{"@context":"https:\/\/schema.org","@graph":[{"@type":"WebPage","@id":"https:\/\/thematchagreen.com\/regular-workshops\/fun-workshops\/","url":"https:\/\/thematchagreen.com\/regular-workshops\/fun-workshops\/","name":"Ateliers de Cuisine pour Votre Ev\u00e9nement Priv\u00e9 - theMatchaGreen","isPartOf":{"@id":"https:\/\/thematchagreen.com\/#website"},"primaryImageOfPage":{"@id":"https:\/\/thematchagreen.com\/regular-workshops\/fun-workshops\/#primaryimage"},"image":{"@id":"https:\/\/thematchagreen.com\/regular-workshops\/fun-workshops\/#primaryimage"},"thumbnailUrl":"https:\/\/thematchagreen.com\/wp-content\/uploads\/2024\/04\/IMG_0907.heic","datePublished":"2018-03-20T11:49:28+00:00","dateModified":"2025-01-19T10:01:06+00:00","breadcrumb":{"@id":"https:\/\/thematchagreen.com\/regular-workshops\/fun-workshops\/#breadcrumb"},"inLanguage":"fr-FR","potentialAction":[{"@type":"ReadAction","target":["https:\/\/thematchagreen.com\/regular-workshops\/fun-workshops\/"]}]},{"@type":"ImageObject","inLanguage":"fr-FR","@id":"https:\/\/thematchagreen.com\/regular-workshops\/fun-workshops\/#primaryimage","url":"https:\/\/thematchagreen.com\/wp-content\/uploads\/2024\/04\/IMG_0907.heic","contentUrl":"https:\/\/thematchagreen.com\/wp-content\/uploads\/2024\/04\/IMG_0907.heic"},{"@type":"BreadcrumbList","@id":"https:\/\/thematchagreen.com\/regular-workshops\/fun-workshops\/#breadcrumb","itemListElement":[{"@type":"ListItem","position":1,"name":"Home","item":"https:\/\/thematchagreen.com\/"},{"@type":"ListItem","position":2,"name":"Regular Classes","item":"https:\/\/thematchagreen.com\/regular-workshops\/"},{"@type":"ListItem","position":3,"name":"Private Cooking Workshops for Your Private Event"}]},{"@type":"WebSite","@id":"https:\/\/thematchagreen.com\/#website","url":"https:\/\/thematchagreen.com\/","name":"theMatchaGreen","description":"Japanese Cooking Classes in Canton Vaud","publisher":{"@id":"https:\/\/thematchagreen.com\/#organization"},"potentialAction":[{"@type":"SearchAction","target":{"@type":"EntryPoint","urlTemplate":"https:\/\/thematchagreen.com\/?s={search_term_string}"},"query-input":{"@type":"PropertyValueSpecification","valueRequired":true,"valueName":"search_term_string"}}],"inLanguage":"fr-FR"},{"@type":"Organization","@id":"https:\/\/thematchagreen.com\/#organization","name":"MatchaGreen","url":"https:\/\/thematchagreen.com\/","logo":{"@type":"ImageObject","inLanguage":"fr-FR","@id":"https:\/\/thematchagreen.com\/#\/schema\/logo\/image\/","url":"https:\/\/thematchagreen.com\/wp-content\/uploads\/2019\/02\/test2-mg-banner-logo.png","contentUrl":"https:\/\/thematchagreen.com\/wp-content\/uploads\/2019\/02\/test2-mg-banner-logo.png","width":800,"height":146,"caption":"MatchaGreen"},"image":{"@id":"https:\/\/thematchagreen.com\/#\/schema\/logo\/image\/"},"sameAs":["https:\/\/www.facebook.com\/thematchagreen\/?ref=aymt_homepage_panel","https:\/\/www.instagram.com\/japanesecookingrecipesmatchagr\/","https:\/\/www.pinterest.com\/thematchagreen\/"]}]}},"_links":{"self":[{"href":"https:\/\/thematchagreen.com\/fr\/wp-json\/wp\/v2\/pages\/10270","targetHints":{"allow":["GET"]}}],"collection":[{"href":"https:\/\/thematchagreen.com\/fr\/wp-json\/wp\/v2\/pages"}],"about":[{"href":"https:\/\/thematchagreen.com\/fr\/wp-json\/wp\/v2\/types\/page"}],"author":[{"embeddable":true,"href":"https:\/\/thematchagreen.com\/fr\/wp-json\/wp\/v2\/users\/1"}],"replies":[{"embeddable":true,"href":"https:\/\/thematchagreen.com\/fr\/wp-json\/wp\/v2\/comments?post=10270"}],"version-history":[{"count":9,"href":"https:\/\/thematchagreen.com\/fr\/wp-json\/wp\/v2\/pages\/10270\/revisions"}],"predecessor-version":[{"id":21472,"href":"https:\/\/thematchagreen.com\/fr\/wp-json\/wp\/v2\/pages\/10270\/revisions\/21472"}],"up":[{"embeddable":true,"href":"https:\/\/thematchagreen.com\/fr\/wp-json\/wp\/v2\/pages\/4300"}],"wp:attachment":[{"href":"https:\/\/thematchagreen.com\/fr\/wp-json\/wp\/v2\/media?parent=10270"}],"wp:term":[{"taxonomy":"category","embeddable":true,"href":"https:\/\/thematchagreen.com\/fr\/wp-json\/wp\/v2\/categories?post=10270"},{"taxonomy":"post_tag","embeddable":true,"href":"https:\/\/thematchagreen.com\/fr\/wp-json\/wp\/v2\/tags?post=10270"}],"curies":[{"name":"wp","href":"https:\/\/api.w.org\/{rel}","templated":true}]}}