{"id":11265,"date":"2019-03-13T18:10:17","date_gmt":"2019-03-13T17:10:17","guid":{"rendered":"https:\/\/thematchagreen.com\/?page_id=11265"},"modified":"2021-06-24T18:29:39","modified_gmt":"2021-06-24T16:29:39","slug":"gyoza-set-menu","status":"publish","type":"page","link":"https:\/\/thematchagreen.com\/fr\/regular-workshops\/fun-workshops\/gyoza-set-menu\/","title":{"rendered":"Gyoza Set Menu"},"content":{"rendered":"<h1 style=\"text-align: center;\">Cours de Cuisine Japonaise<\/h1>\n<h1 style=\"text-align: center;\">Gyoza Set Menu<\/h1>\n<p>Le Gyoza est une ravioli chinois \u00e0 la fa\u00e7on japonaise. C&#8217;est un cours pratique. Nous\u00a0pr\u00e9parons les gyoza \u00e0 partir de z\u00e9ro et nous terminons par un menu de gyoza!<\/p>\n<p><img fetchpriority=\"high\" decoding=\"async\" class=\"alignnone wp-image-14618 size-medium\" src=\"https:\/\/thematchagreen.com\/wp-content\/uploads\/2019\/04\/P1410509-300x225.jpg\" alt=\"gyoza\" width=\"300\" height=\"225\" \/> <img decoding=\"async\" class=\"alignnone wp-image-9648 size-medium\" src=\"https:\/\/thematchagreen.com\/wp-content\/uploads\/2017\/Workshops2017\/fullsizeoutput_5f-e1512936754980-300x225.jpeg\" alt=\"gyoza\" width=\"300\" height=\"225\" srcset=\"https:\/\/thematchagreen.com\/wp-content\/uploads\/2017\/Workshops2017\/fullsizeoutput_5f-e1512936754980-300x225.jpeg 300w, https:\/\/thematchagreen.com\/wp-content\/uploads\/2017\/Workshops2017\/fullsizeoutput_5f-e1512936754980.jpeg 1000w\" sizes=\"(max-width: 300px) 100vw, 300px\" \/><\/p>\n<h2>Gyoza Set Menu :\u00a0CHF90p.p. (\u00e0 emporter apr\u00e8s le cous: CHF80p.p.)<\/h2>\n<ul>\n<li>Faire des <strong>p\u00e2te de gyoza \u00e0 partir de z\u00e9ro<\/strong>.<\/li>\n<li>Faire des raviolis gyoza farcis de viande de porc <strong>fa\u00e7on japonaise<\/strong>.<\/li>\n<li>Cuire du <strong>riz frit<\/strong><\/li>\n<li>L\u00e9gumes d&#8217;accompagnement<\/li>\n<\/ul>\n<p>* Le dessert fait maison est inclus. (non\u00a0inclus dans les cours \u00e0 emporter)<\/p>\n<h3><a href=\"https:\/\/thematchagreen.com\/sign-up-for-workshop\/\" target=\"_blank\" rel=\"noopener noreferrer\">Sign up for this workshop<\/a><\/h3>\n<h3><a href=\"https:\/\/thematchagreen.com\/contact-matchagreen\"><strong>contact theMathaGreen<\/strong><\/a><strong>\u00a0<\/strong><\/h3>\n<h3><strong><a href=\"https:\/\/thematchagreen.com\/workshop-calendar\/\" target=\"_blank\" rel=\"noopener noreferrer\">Workshop Schedule Calendar<\/a><\/strong><\/h3>\n<p>&nbsp;<\/p>\n<p>&nbsp;<\/p>\n","protected":false},"excerpt":{"rendered":"<p>Cours de Cuisine Japonaise Gyoza Set Menu Le Gyoza est une ravioli chinois \u00e0 la fa\u00e7on japonaise. C&#8217;est un cours pratique. Nous\u00a0pr\u00e9parons les gyoza \u00e0 partir de z\u00e9ro et nous terminons par un menu de gyoza! Gyoza Set Menu :\u00a0CHF90p.p. (\u00e0 emporter apr\u00e8s le cous: CHF80p.p.) Faire des p\u00e2te de gyoza \u00e0 partir de z\u00e9ro. [&hellip;]<\/p>\n","protected":false},"author":1,"featured_media":11723,"parent":10270,"menu_order":74,"comment_status":"closed","ping_status":"closed","template":"","meta":{"footnotes":""},"categories":[337],"tags":[579,583],"class_list":{"0":"post-11265","1":"page","2":"type-page","3":"status-publish","4":"has-post-thumbnail","6":"category-workshops","7":"tag-fun","8":"tag-gyoza"},"translation":{"provider":"WPGlobus","version":"3.0.2","language":"fr","enabled_languages":["en","fr"],"languages":{"en":{"title":true,"content":true,"excerpt":false},"fr":{"title":true,"content":true,"excerpt":false}}},"yoast_head":"<!-- This site is optimized with the Yoast SEO plugin v27.3 - https:\/\/yoast.com\/product\/yoast-seo-wordpress\/ -->\n<title>Gyoza Set Menu - theMatchaGreen<\/title>\n<meta name=\"robots\" content=\"index, follow, max-snippet:-1, max-image-preview:large, max-video-preview:-1\" \/>\n<link rel=\"canonical\" href=\"https:\/\/thematchagreen.com\/regular-workshops\/fun-workshops\/gyoza-set-menu\/\" \/>\n<meta property=\"og:locale\" content=\"fr_FR\" \/>\n<meta property=\"og:type\" content=\"article\" \/>\n<meta property=\"og:title\" content=\"Gyoza Set Menu - theMatchaGreen\" \/>\n<meta property=\"og:url\" content=\"https:\/\/thematchagreen.com\/regular-workshops\/fun-workshops\/gyoza-set-menu\/\" \/>\n<meta property=\"og:site_name\" content=\"theMatchaGreen\" \/>\n<meta property=\"article:publisher\" content=\"https:\/\/www.facebook.com\/thematchagreen\/?ref=aymt_homepage_panel\" \/>\n<meta property=\"article:modified_time\" content=\"2021-06-24T16:29:39+00:00\" \/>\n<meta property=\"og:image\" content=\"https:\/\/thematchagreen.com\/wp-content\/uploads\/2018\/08\/P1400865-e1534186353406.jpg\" \/>\n\t<meta property=\"og:image:width\" content=\"1000\" \/>\n\t<meta property=\"og:image:height\" content=\"750\" \/>\n\t<meta property=\"og:image:type\" content=\"image\/jpeg\" \/>\n<meta name=\"twitter:card\" content=\"summary_large_image\" \/>\n<meta name=\"twitter:label1\" content=\"Est. reading time\" \/>\n\t<meta name=\"twitter:data1\" content=\"1 minute\" \/>\n<script type=\"application\/ld+json\" class=\"yoast-schema-graph\">{\"@context\":\"https:\\\/\\\/schema.org\",\"@graph\":[{\"@type\":\"WebPage\",\"@id\":\"https:\\\/\\\/thematchagreen.com\\\/regular-workshops\\\/fun-workshops\\\/gyoza-set-menu\\\/\",\"url\":\"https:\\\/\\\/thematchagreen.com\\\/regular-workshops\\\/fun-workshops\\\/gyoza-set-menu\\\/\",\"name\":\"Gyoza Set Menu - theMatchaGreen\",\"isPartOf\":{\"@id\":\"https:\\\/\\\/thematchagreen.com\\\/#website\"},\"primaryImageOfPage\":{\"@id\":\"https:\\\/\\\/thematchagreen.com\\\/regular-workshops\\\/fun-workshops\\\/gyoza-set-menu\\\/#primaryimage\"},\"image\":{\"@id\":\"https:\\\/\\\/thematchagreen.com\\\/regular-workshops\\\/fun-workshops\\\/gyoza-set-menu\\\/#primaryimage\"},\"thumbnailUrl\":\"https:\\\/\\\/thematchagreen.com\\\/wp-content\\\/uploads\\\/2018\\\/08\\\/P1400865-e1534186353406.jpg\",\"datePublished\":\"2019-03-13T17:10:17+00:00\",\"dateModified\":\"2021-06-24T16:29:39+00:00\",\"breadcrumb\":{\"@id\":\"https:\\\/\\\/thematchagreen.com\\\/regular-workshops\\\/fun-workshops\\\/gyoza-set-menu\\\/#breadcrumb\"},\"inLanguage\":\"fr-FR\",\"potentialAction\":[{\"@type\":\"ReadAction\",\"target\":[\"https:\\\/\\\/thematchagreen.com\\\/regular-workshops\\\/fun-workshops\\\/gyoza-set-menu\\\/\"]}]},{\"@type\":\"ImageObject\",\"inLanguage\":\"fr-FR\",\"@id\":\"https:\\\/\\\/thematchagreen.com\\\/regular-workshops\\\/fun-workshops\\\/gyoza-set-menu\\\/#primaryimage\",\"url\":\"https:\\\/\\\/thematchagreen.com\\\/wp-content\\\/uploads\\\/2018\\\/08\\\/P1400865-e1534186353406.jpg\",\"contentUrl\":\"https:\\\/\\\/thematchagreen.com\\\/wp-content\\\/uploads\\\/2018\\\/08\\\/P1400865-e1534186353406.jpg\",\"width\":1000,\"height\":750,\"caption\":\"gyoza\"},{\"@type\":\"BreadcrumbList\",\"@id\":\"https:\\\/\\\/thematchagreen.com\\\/regular-workshops\\\/fun-workshops\\\/gyoza-set-menu\\\/#breadcrumb\",\"itemListElement\":[{\"@type\":\"ListItem\",\"position\":1,\"name\":\"Home\",\"item\":\"https:\\\/\\\/thematchagreen.com\\\/\"},{\"@type\":\"ListItem\",\"position\":2,\"name\":\"Regular Classes\",\"item\":\"https:\\\/\\\/thematchagreen.com\\\/regular-workshops\\\/\"},{\"@type\":\"ListItem\",\"position\":3,\"name\":\"Private Cooking Workshops for Your Private Event\",\"item\":\"https:\\\/\\\/thematchagreen.com\\\/regular-workshops\\\/fun-workshops\\\/\"},{\"@type\":\"ListItem\",\"position\":4,\"name\":\"Gyoza Set Menu\"}]},{\"@type\":\"WebSite\",\"@id\":\"https:\\\/\\\/thematchagreen.com\\\/#website\",\"url\":\"https:\\\/\\\/thematchagreen.com\\\/\",\"name\":\"theMatchaGreen\",\"description\":\"Japanese Cooking Classes in Canton Vaud\",\"publisher\":{\"@id\":\"https:\\\/\\\/thematchagreen.com\\\/#organization\"},\"potentialAction\":[{\"@type\":\"SearchAction\",\"target\":{\"@type\":\"EntryPoint\",\"urlTemplate\":\"https:\\\/\\\/thematchagreen.com\\\/?s={search_term_string}\"},\"query-input\":{\"@type\":\"PropertyValueSpecification\",\"valueRequired\":true,\"valueName\":\"search_term_string\"}}],\"inLanguage\":\"fr-FR\"},{\"@type\":\"Organization\",\"@id\":\"https:\\\/\\\/thematchagreen.com\\\/#organization\",\"name\":\"MatchaGreen\",\"url\":\"https:\\\/\\\/thematchagreen.com\\\/\",\"logo\":{\"@type\":\"ImageObject\",\"inLanguage\":\"fr-FR\",\"@id\":\"https:\\\/\\\/thematchagreen.com\\\/#\\\/schema\\\/logo\\\/image\\\/\",\"url\":\"https:\\\/\\\/thematchagreen.com\\\/wp-content\\\/uploads\\\/2019\\\/02\\\/test2-mg-banner-logo.png\",\"contentUrl\":\"https:\\\/\\\/thematchagreen.com\\\/wp-content\\\/uploads\\\/2019\\\/02\\\/test2-mg-banner-logo.png\",\"width\":800,\"height\":146,\"caption\":\"MatchaGreen\"},\"image\":{\"@id\":\"https:\\\/\\\/thematchagreen.com\\\/#\\\/schema\\\/logo\\\/image\\\/\"},\"sameAs\":[\"https:\\\/\\\/www.facebook.com\\\/thematchagreen\\\/?ref=aymt_homepage_panel\",\"https:\\\/\\\/www.instagram.com\\\/japanesecookingrecipesmatchagr\\\/\",\"https:\\\/\\\/www.pinterest.com\\\/thematchagreen\\\/\"]}]}<\/script>\n<!-- \/ Yoast SEO plugin. -->","yoast_head_json":{"title":"Gyoza Set Menu - theMatchaGreen","robots":{"index":"index","follow":"follow","max-snippet":"max-snippet:-1","max-image-preview":"max-image-preview:large","max-video-preview":"max-video-preview:-1"},"canonical":"https:\/\/thematchagreen.com\/regular-workshops\/fun-workshops\/gyoza-set-menu\/","og_locale":"fr_FR","og_type":"article","og_title":"Gyoza Set Menu - theMatchaGreen","og_url":"https:\/\/thematchagreen.com\/regular-workshops\/fun-workshops\/gyoza-set-menu\/","og_site_name":"theMatchaGreen","article_publisher":"https:\/\/www.facebook.com\/thematchagreen\/?ref=aymt_homepage_panel","article_modified_time":"2021-06-24T16:29:39+00:00","og_image":[{"width":1000,"height":750,"url":"https:\/\/thematchagreen.com\/wp-content\/uploads\/2018\/08\/P1400865-e1534186353406.jpg","type":"image\/jpeg"}],"twitter_card":"summary_large_image","twitter_misc":{"Est. reading time":"1 minute"},"schema":{"@context":"https:\/\/schema.org","@graph":[{"@type":"WebPage","@id":"https:\/\/thematchagreen.com\/regular-workshops\/fun-workshops\/gyoza-set-menu\/","url":"https:\/\/thematchagreen.com\/regular-workshops\/fun-workshops\/gyoza-set-menu\/","name":"Gyoza Set Menu - theMatchaGreen","isPartOf":{"@id":"https:\/\/thematchagreen.com\/#website"},"primaryImageOfPage":{"@id":"https:\/\/thematchagreen.com\/regular-workshops\/fun-workshops\/gyoza-set-menu\/#primaryimage"},"image":{"@id":"https:\/\/thematchagreen.com\/regular-workshops\/fun-workshops\/gyoza-set-menu\/#primaryimage"},"thumbnailUrl":"https:\/\/thematchagreen.com\/wp-content\/uploads\/2018\/08\/P1400865-e1534186353406.jpg","datePublished":"2019-03-13T17:10:17+00:00","dateModified":"2021-06-24T16:29:39+00:00","breadcrumb":{"@id":"https:\/\/thematchagreen.com\/regular-workshops\/fun-workshops\/gyoza-set-menu\/#breadcrumb"},"inLanguage":"fr-FR","potentialAction":[{"@type":"ReadAction","target":["https:\/\/thematchagreen.com\/regular-workshops\/fun-workshops\/gyoza-set-menu\/"]}]},{"@type":"ImageObject","inLanguage":"fr-FR","@id":"https:\/\/thematchagreen.com\/regular-workshops\/fun-workshops\/gyoza-set-menu\/#primaryimage","url":"https:\/\/thematchagreen.com\/wp-content\/uploads\/2018\/08\/P1400865-e1534186353406.jpg","contentUrl":"https:\/\/thematchagreen.com\/wp-content\/uploads\/2018\/08\/P1400865-e1534186353406.jpg","width":1000,"height":750,"caption":"gyoza"},{"@type":"BreadcrumbList","@id":"https:\/\/thematchagreen.com\/regular-workshops\/fun-workshops\/gyoza-set-menu\/#breadcrumb","itemListElement":[{"@type":"ListItem","position":1,"name":"Home","item":"https:\/\/thematchagreen.com\/"},{"@type":"ListItem","position":2,"name":"Regular Classes","item":"https:\/\/thematchagreen.com\/regular-workshops\/"},{"@type":"ListItem","position":3,"name":"Private Cooking Workshops for Your Private Event","item":"https:\/\/thematchagreen.com\/regular-workshops\/fun-workshops\/"},{"@type":"ListItem","position":4,"name":"Gyoza Set Menu"}]},{"@type":"WebSite","@id":"https:\/\/thematchagreen.com\/#website","url":"https:\/\/thematchagreen.com\/","name":"theMatchaGreen","description":"Japanese Cooking Classes in Canton Vaud","publisher":{"@id":"https:\/\/thematchagreen.com\/#organization"},"potentialAction":[{"@type":"SearchAction","target":{"@type":"EntryPoint","urlTemplate":"https:\/\/thematchagreen.com\/?s={search_term_string}"},"query-input":{"@type":"PropertyValueSpecification","valueRequired":true,"valueName":"search_term_string"}}],"inLanguage":"fr-FR"},{"@type":"Organization","@id":"https:\/\/thematchagreen.com\/#organization","name":"MatchaGreen","url":"https:\/\/thematchagreen.com\/","logo":{"@type":"ImageObject","inLanguage":"fr-FR","@id":"https:\/\/thematchagreen.com\/#\/schema\/logo\/image\/","url":"https:\/\/thematchagreen.com\/wp-content\/uploads\/2019\/02\/test2-mg-banner-logo.png","contentUrl":"https:\/\/thematchagreen.com\/wp-content\/uploads\/2019\/02\/test2-mg-banner-logo.png","width":800,"height":146,"caption":"MatchaGreen"},"image":{"@id":"https:\/\/thematchagreen.com\/#\/schema\/logo\/image\/"},"sameAs":["https:\/\/www.facebook.com\/thematchagreen\/?ref=aymt_homepage_panel","https:\/\/www.instagram.com\/japanesecookingrecipesmatchagr\/","https:\/\/www.pinterest.com\/thematchagreen\/"]}]}},"_links":{"self":[{"href":"https:\/\/thematchagreen.com\/fr\/wp-json\/wp\/v2\/pages\/11265","targetHints":{"allow":["GET"]}}],"collection":[{"href":"https:\/\/thematchagreen.com\/fr\/wp-json\/wp\/v2\/pages"}],"about":[{"href":"https:\/\/thematchagreen.com\/fr\/wp-json\/wp\/v2\/types\/page"}],"author":[{"embeddable":true,"href":"https:\/\/thematchagreen.com\/fr\/wp-json\/wp\/v2\/users\/1"}],"replies":[{"embeddable":true,"href":"https:\/\/thematchagreen.com\/fr\/wp-json\/wp\/v2\/comments?post=11265"}],"version-history":[{"count":0,"href":"https:\/\/thematchagreen.com\/fr\/wp-json\/wp\/v2\/pages\/11265\/revisions"}],"up":[{"embeddable":true,"href":"https:\/\/thematchagreen.com\/fr\/wp-json\/wp\/v2\/pages\/10270"}],"wp:featuredmedia":[{"embeddable":true,"href":"https:\/\/thematchagreen.com\/fr\/wp-json\/wp\/v2\/media\/11723"}],"wp:attachment":[{"href":"https:\/\/thematchagreen.com\/fr\/wp-json\/wp\/v2\/media?parent=11265"}],"wp:term":[{"taxonomy":"category","embeddable":true,"href":"https:\/\/thematchagreen.com\/fr\/wp-json\/wp\/v2\/categories?post=11265"},{"taxonomy":"post_tag","embeddable":true,"href":"https:\/\/thematchagreen.com\/fr\/wp-json\/wp\/v2\/tags?post=11265"}],"curies":[{"name":"wp","href":"https:\/\/api.w.org\/{rel}","templated":true}]}}