{"id":11372,"date":"2019-03-05T21:31:29","date_gmt":"2019-03-05T20:31:29","guid":{"rendered":"https:\/\/thematchagreen.com\/?page_id=11372"},"modified":"2025-11-21T18:58:57","modified_gmt":"2025-11-21T17:58:57","slug":"gift-vouchers-bons-cadeaux","status":"publish","type":"page","link":"https:\/\/thematchagreen.com\/fr\/gift-vouchers-bons-cadeaux\/","title":{"rendered":"Bons Cadeaux"},"content":{"rendered":"<h1 style=\"text-align: center;\">Cooking Class Gift Vouchers<\/h1>\n<div class=\"threecol-one\"><img decoding=\"async\" class=\"alignnone size-thumbnail wp-image-11908\" src=\"https:\/\/thematchagreen.com\/wp-content\/uploads\/2018\/09\/fullsizeoutput_2a2f-200x200.jpeg\" alt=\"table\" width=\"200\" height=\"200\" \/><\/div> <div class=\"threecol-one\"><img decoding=\"async\" class=\"alignnone size-thumbnail wp-image-13083\" src=\"https:\/\/thematchagreen.com\/wp-content\/uploads\/2019\/02\/Intro-16pieces-200x200.jpg\" alt=\"Introduction to Japanese home cooking\" width=\"200\" height=\"200\" \/><\/div> <div class=\"threecol-one last\"><img decoding=\"async\" class=\"alignnone size-thumbnail wp-image-11909\" src=\"https:\/\/thematchagreen.com\/wp-content\/uploads\/2018\/09\/fullsizeoutput_2a32-200x200.jpeg\" alt=\"tools\" width=\"200\" height=\"200\" \/><\/div>\n<p>C&#8217;est une excellente id\u00e9e cadeau pour les passionn\u00e9s de cuisine, pour un anniversaire, une f\u00eate ou tout simplement pour se faire plaisir ! theMatchaGreen propose diff\u00e9rents types de bons cadeaux.<\/p>\n<p>This is a great gift idea for someone who loves cooking, for birthdays, for anniversaries, and for treating yourself! theMatchaGreen provides different types of voucher.<\/p>\n<h3><\/h3>\n<h3 style=\"text-align: center;\">A one class voucher valid for one person for any class<\/h3>\n<h3 style=\"text-align: center;\">Bon cadeau pour un atelier valable pour une personne pour tous les cours<\/h3>\n<h3 style=\"text-align: center;\">CHF125<\/h3>\n<p style=\"text-align: center;\">*<\/p>\n<h3 style=\"text-align: center;\">A &#8220;pair&#8221; voucher, valid for two people for any class<\/h3>\n<h3 style=\"text-align: center;\">Un bon pour une &#8220;paire&#8221;, valable pour deux personnes pour toutes les classes<\/h3>\n<h3 style=\"text-align: center;\">CHF245<\/h3>\n<p style=\"text-align: center;\">*<\/p>\n<h3 style=\"text-align: center;\">A voucher for your specific choice of class<\/h3>\n<h3 style=\"text-align: center;\">Un bon pour le cours sp\u00e9cifique de votre choix<\/h3>\n<p>Vous pouvez \u00e9galement offrir un bon cadeau pour un cours de cuisine de votre choix. Consultez notre site web et <strong>indiquez le nom du cours sur le formulaire de commande.<\/strong><\/p>\n<p>(Ex.\u00a0: cours de ramen pour 1 personne, cours de p\u00e2tisserie japonaise pour 2 personnes)<\/p>\n<p><strong>Your particular choice of cooking class <\/strong>can be a gift voucher too. Please check our website and <strong>mention the class name<\/strong> on the voucher order form.<\/p>\n<p>(ex. ramen course for 1 person, Japanese confectionery for 2 people)<\/p>\n<h2><\/h2>\n<h2 style=\"text-align: center;\">Conditions of usage<\/h2>\n<ul>\n<li>Le bon vous sera envoy\u00e9 par courriel.<\/li>\n<li>Sur demande, les bons peuvent \u00eatre \u00e9tablis sans leur valeur faciale pour les cadeaux.<\/li>\n<li>Tous les bons sont valables 10 mois \u00e0 compter de leur date d&#8217;\u00e9mission.<\/li>\n<li><\/li>\n<li style=\"text-align: left;\">The voucher will be sent to the e-mail your address.<\/li>\n<li style=\"text-align: left;\">Vouchers can be prepared with the face value removed for gifts, on demand.<\/li>\n<li style=\"text-align: left;\">All vouchers are valid for 10 months\u00a0from the voucher issue date.<\/li>\n<\/ul>\n<h2 style=\"text-align: center;\">Payment<\/h2>\n<p style=\"text-align: center;\">Je vous enverrai un num\u00e9ro <strong>\u00ab IBAN \u00bb<\/strong> apr\u00e8s votre demande de bon d&#8217;achat ou <strong>Twint.<\/strong><\/p>\n<p style=\"text-align: center;\">I will send you an \u201c<strong>IBAN<\/strong>\u201d number after your voucher request or <strong>Twint<\/strong>.<\/p>\n<h2 style=\"text-align: center;\"><\/h2>\n<h2 style=\"text-align: center;\"><strong><a href=\"https:\/\/thematchagreen.com\/order-voucher\/\">Click here to Order a vouchers \/ Commander des bons<\/a><\/strong><\/h2>\n<p style=\"text-align: center;\">If you have any questions please contact <a href=\"https:\/\/thematchagreen.com\/contact-matchagreen\/\" target=\"_blank\" rel=\"noopener noreferrer\"><strong>theMatchaGreen<\/strong><\/a>.<\/p>\n<p><img loading=\"lazy\" decoding=\"async\" class=\"wp-image-9680 size-medium aligncenter\" src=\"https:\/\/thematchagreen.com\/wp-content\/uploads\/2017\/Workshops2017\/fullsizeoutput_688-e1513155352820-300x225.jpeg\" alt=\"voucher\" width=\"300\" height=\"225\" srcset=\"https:\/\/thematchagreen.com\/wp-content\/uploads\/2017\/Workshops2017\/fullsizeoutput_688-e1513155352820-300x225.jpeg 300w, https:\/\/thematchagreen.com\/wp-content\/uploads\/2017\/Workshops2017\/fullsizeoutput_688-e1513155352820.jpeg 1000w\" sizes=\"(max-width: 300px) 100vw, 300px\" \/><\/p>\n","protected":false},"excerpt":{"rendered":"<p>Cooking Class Gift Vouchers C&#8217;est une excellente id\u00e9e cadeau pour les passionn\u00e9s de cuisine, pour un anniversaire, une f\u00eate ou tout simplement pour se faire plaisir ! theMatchaGreen propose diff\u00e9rents types de bons cadeaux. This is a great gift idea for someone who loves cooking, for birthdays, for anniversaries, and for treating yourself! theMatchaGreen provides [&hellip;]<\/p>\n","protected":false},"author":1,"featured_media":8329,"parent":0,"menu_order":10,"comment_status":"closed","ping_status":"closed","template":"","meta":{"footnotes":""},"categories":[357],"tags":[622],"class_list":{"0":"post-11372","1":"page","2":"type-page","3":"status-publish","4":"has-post-thumbnail","6":"category-matchagreen-company","7":"tag-gift-voucher"},"translation":{"provider":"WPGlobus","version":"3.0.2","language":"fr","enabled_languages":["en","fr"],"languages":{"en":{"title":true,"content":true,"excerpt":false},"fr":{"title":true,"content":true,"excerpt":false}}},"yoast_head":"<!-- This site is optimized with the Yoast SEO plugin v27.3 - https:\/\/yoast.com\/product\/yoast-seo-wordpress\/ -->\n<title>Bons Cadeaux - An ideal gift for one or more friends!<\/title>\n<meta name=\"robots\" content=\"index, follow, max-snippet:-1, max-image-preview:large, max-video-preview:-1\" \/>\n<link rel=\"canonical\" href=\"https:\/\/thematchagreen.com\/gift-vouchers-bons-cadeaux\/\" \/>\n<meta property=\"og:locale\" content=\"fr_FR\" \/>\n<meta property=\"og:type\" content=\"article\" \/>\n<meta property=\"og:title\" content=\"Bons Cadeaux - theMatchaGreen\" \/>\n<meta property=\"og:url\" content=\"https:\/\/thematchagreen.com\/gift-vouchers-bons-cadeaux\/\" \/>\n<meta property=\"og:site_name\" content=\"theMatchaGreen\" \/>\n<meta property=\"article:publisher\" content=\"https:\/\/www.facebook.com\/thematchagreen\/?ref=aymt_homepage_panel\" \/>\n<meta property=\"article:modified_time\" content=\"2025-11-21T17:58:57+00:00\" \/>\n<meta property=\"og:image\" content=\"https:\/\/thematchagreen.com\/wp-content\/uploads\/2016\/11\/P1390158-2-e1479112320860.jpg\" \/>\n\t<meta property=\"og:image:width\" content=\"1000\" \/>\n\t<meta property=\"og:image:height\" content=\"750\" \/>\n\t<meta property=\"og:image:type\" content=\"image\/jpeg\" \/>\n<meta name=\"twitter:card\" content=\"summary_large_image\" \/>\n<meta name=\"twitter:label1\" content=\"Est. reading time\" \/>\n\t<meta name=\"twitter:data1\" content=\"3 minutes\" \/>\n<script type=\"application\/ld+json\" class=\"yoast-schema-graph\">{\"@context\":\"https:\\\/\\\/schema.org\",\"@graph\":[{\"@type\":\"WebPage\",\"@id\":\"https:\\\/\\\/thematchagreen.com\\\/gift-vouchers-bons-cadeaux\\\/\",\"url\":\"https:\\\/\\\/thematchagreen.com\\\/gift-vouchers-bons-cadeaux\\\/\",\"name\":\"Bons Cadeaux - An ideal gift for one or more friends!\",\"isPartOf\":{\"@id\":\"https:\\\/\\\/thematchagreen.com\\\/#website\"},\"primaryImageOfPage\":{\"@id\":\"https:\\\/\\\/thematchagreen.com\\\/gift-vouchers-bons-cadeaux\\\/#primaryimage\"},\"image\":{\"@id\":\"https:\\\/\\\/thematchagreen.com\\\/gift-vouchers-bons-cadeaux\\\/#primaryimage\"},\"thumbnailUrl\":\"https:\\\/\\\/thematchagreen.com\\\/wp-content\\\/uploads\\\/2016\\\/11\\\/P1390158-2-e1479112320860.jpg\",\"datePublished\":\"2019-03-05T20:31:29+00:00\",\"dateModified\":\"2025-11-21T17:58:57+00:00\",\"breadcrumb\":{\"@id\":\"https:\\\/\\\/thematchagreen.com\\\/gift-vouchers-bons-cadeaux\\\/#breadcrumb\"},\"inLanguage\":\"fr-FR\",\"potentialAction\":[{\"@type\":\"ReadAction\",\"target\":[\"https:\\\/\\\/thematchagreen.com\\\/gift-vouchers-bons-cadeaux\\\/\"]}]},{\"@type\":\"ImageObject\",\"inLanguage\":\"fr-FR\",\"@id\":\"https:\\\/\\\/thematchagreen.com\\\/gift-vouchers-bons-cadeaux\\\/#primaryimage\",\"url\":\"https:\\\/\\\/thematchagreen.com\\\/wp-content\\\/uploads\\\/2016\\\/11\\\/P1390158-2-e1479112320860.jpg\",\"contentUrl\":\"https:\\\/\\\/thematchagreen.com\\\/wp-content\\\/uploads\\\/2016\\\/11\\\/P1390158-2-e1479112320860.jpg\",\"width\":1000,\"height\":750,\"caption\":\"voucher\"},{\"@type\":\"BreadcrumbList\",\"@id\":\"https:\\\/\\\/thematchagreen.com\\\/gift-vouchers-bons-cadeaux\\\/#breadcrumb\",\"itemListElement\":[{\"@type\":\"ListItem\",\"position\":1,\"name\":\"Home\",\"item\":\"https:\\\/\\\/thematchagreen.com\\\/\"},{\"@type\":\"ListItem\",\"position\":2,\"name\":\"Gift Vouchers \\\/ Bons Cadeaux\"}]},{\"@type\":\"WebSite\",\"@id\":\"https:\\\/\\\/thematchagreen.com\\\/#website\",\"url\":\"https:\\\/\\\/thematchagreen.com\\\/\",\"name\":\"theMatchaGreen\",\"description\":\"Japanese Cooking Classes in Canton Vaud\",\"publisher\":{\"@id\":\"https:\\\/\\\/thematchagreen.com\\\/#organization\"},\"potentialAction\":[{\"@type\":\"SearchAction\",\"target\":{\"@type\":\"EntryPoint\",\"urlTemplate\":\"https:\\\/\\\/thematchagreen.com\\\/?s={search_term_string}\"},\"query-input\":{\"@type\":\"PropertyValueSpecification\",\"valueRequired\":true,\"valueName\":\"search_term_string\"}}],\"inLanguage\":\"fr-FR\"},{\"@type\":\"Organization\",\"@id\":\"https:\\\/\\\/thematchagreen.com\\\/#organization\",\"name\":\"MatchaGreen\",\"url\":\"https:\\\/\\\/thematchagreen.com\\\/\",\"logo\":{\"@type\":\"ImageObject\",\"inLanguage\":\"fr-FR\",\"@id\":\"https:\\\/\\\/thematchagreen.com\\\/#\\\/schema\\\/logo\\\/image\\\/\",\"url\":\"https:\\\/\\\/thematchagreen.com\\\/wp-content\\\/uploads\\\/2019\\\/02\\\/test2-mg-banner-logo.png\",\"contentUrl\":\"https:\\\/\\\/thematchagreen.com\\\/wp-content\\\/uploads\\\/2019\\\/02\\\/test2-mg-banner-logo.png\",\"width\":800,\"height\":146,\"caption\":\"MatchaGreen\"},\"image\":{\"@id\":\"https:\\\/\\\/thematchagreen.com\\\/#\\\/schema\\\/logo\\\/image\\\/\"},\"sameAs\":[\"https:\\\/\\\/www.facebook.com\\\/thematchagreen\\\/?ref=aymt_homepage_panel\",\"https:\\\/\\\/www.instagram.com\\\/japanesecookingrecipesmatchagr\\\/\",\"https:\\\/\\\/www.pinterest.com\\\/thematchagreen\\\/\"]}]}<\/script>\n<!-- \/ Yoast SEO plugin. -->","yoast_head_json":{"title":"Bons Cadeaux - An ideal gift for one or more friends!","robots":{"index":"index","follow":"follow","max-snippet":"max-snippet:-1","max-image-preview":"max-image-preview:large","max-video-preview":"max-video-preview:-1"},"canonical":"https:\/\/thematchagreen.com\/gift-vouchers-bons-cadeaux\/","og_locale":"fr_FR","og_type":"article","og_title":"Bons Cadeaux - theMatchaGreen","og_url":"https:\/\/thematchagreen.com\/gift-vouchers-bons-cadeaux\/","og_site_name":"theMatchaGreen","article_publisher":"https:\/\/www.facebook.com\/thematchagreen\/?ref=aymt_homepage_panel","article_modified_time":"2025-11-21T17:58:57+00:00","og_image":[{"width":1000,"height":750,"url":"https:\/\/thematchagreen.com\/wp-content\/uploads\/2016\/11\/P1390158-2-e1479112320860.jpg","type":"image\/jpeg"}],"twitter_card":"summary_large_image","twitter_misc":{"Est. reading time":"3 minutes"},"schema":{"@context":"https:\/\/schema.org","@graph":[{"@type":"WebPage","@id":"https:\/\/thematchagreen.com\/gift-vouchers-bons-cadeaux\/","url":"https:\/\/thematchagreen.com\/gift-vouchers-bons-cadeaux\/","name":"Bons Cadeaux - An ideal gift for one or more friends!","isPartOf":{"@id":"https:\/\/thematchagreen.com\/#website"},"primaryImageOfPage":{"@id":"https:\/\/thematchagreen.com\/gift-vouchers-bons-cadeaux\/#primaryimage"},"image":{"@id":"https:\/\/thematchagreen.com\/gift-vouchers-bons-cadeaux\/#primaryimage"},"thumbnailUrl":"https:\/\/thematchagreen.com\/wp-content\/uploads\/2016\/11\/P1390158-2-e1479112320860.jpg","datePublished":"2019-03-05T20:31:29+00:00","dateModified":"2025-11-21T17:58:57+00:00","breadcrumb":{"@id":"https:\/\/thematchagreen.com\/gift-vouchers-bons-cadeaux\/#breadcrumb"},"inLanguage":"fr-FR","potentialAction":[{"@type":"ReadAction","target":["https:\/\/thematchagreen.com\/gift-vouchers-bons-cadeaux\/"]}]},{"@type":"ImageObject","inLanguage":"fr-FR","@id":"https:\/\/thematchagreen.com\/gift-vouchers-bons-cadeaux\/#primaryimage","url":"https:\/\/thematchagreen.com\/wp-content\/uploads\/2016\/11\/P1390158-2-e1479112320860.jpg","contentUrl":"https:\/\/thematchagreen.com\/wp-content\/uploads\/2016\/11\/P1390158-2-e1479112320860.jpg","width":1000,"height":750,"caption":"voucher"},{"@type":"BreadcrumbList","@id":"https:\/\/thematchagreen.com\/gift-vouchers-bons-cadeaux\/#breadcrumb","itemListElement":[{"@type":"ListItem","position":1,"name":"Home","item":"https:\/\/thematchagreen.com\/"},{"@type":"ListItem","position":2,"name":"Gift Vouchers \/ Bons Cadeaux"}]},{"@type":"WebSite","@id":"https:\/\/thematchagreen.com\/#website","url":"https:\/\/thematchagreen.com\/","name":"theMatchaGreen","description":"Japanese Cooking Classes in Canton Vaud","publisher":{"@id":"https:\/\/thematchagreen.com\/#organization"},"potentialAction":[{"@type":"SearchAction","target":{"@type":"EntryPoint","urlTemplate":"https:\/\/thematchagreen.com\/?s={search_term_string}"},"query-input":{"@type":"PropertyValueSpecification","valueRequired":true,"valueName":"search_term_string"}}],"inLanguage":"fr-FR"},{"@type":"Organization","@id":"https:\/\/thematchagreen.com\/#organization","name":"MatchaGreen","url":"https:\/\/thematchagreen.com\/","logo":{"@type":"ImageObject","inLanguage":"fr-FR","@id":"https:\/\/thematchagreen.com\/#\/schema\/logo\/image\/","url":"https:\/\/thematchagreen.com\/wp-content\/uploads\/2019\/02\/test2-mg-banner-logo.png","contentUrl":"https:\/\/thematchagreen.com\/wp-content\/uploads\/2019\/02\/test2-mg-banner-logo.png","width":800,"height":146,"caption":"MatchaGreen"},"image":{"@id":"https:\/\/thematchagreen.com\/#\/schema\/logo\/image\/"},"sameAs":["https:\/\/www.facebook.com\/thematchagreen\/?ref=aymt_homepage_panel","https:\/\/www.instagram.com\/japanesecookingrecipesmatchagr\/","https:\/\/www.pinterest.com\/thematchagreen\/"]}]}},"_links":{"self":[{"href":"https:\/\/thematchagreen.com\/fr\/wp-json\/wp\/v2\/pages\/11372","targetHints":{"allow":["GET"]}}],"collection":[{"href":"https:\/\/thematchagreen.com\/fr\/wp-json\/wp\/v2\/pages"}],"about":[{"href":"https:\/\/thematchagreen.com\/fr\/wp-json\/wp\/v2\/types\/page"}],"author":[{"embeddable":true,"href":"https:\/\/thematchagreen.com\/fr\/wp-json\/wp\/v2\/users\/1"}],"replies":[{"embeddable":true,"href":"https:\/\/thematchagreen.com\/fr\/wp-json\/wp\/v2\/comments?post=11372"}],"version-history":[{"count":14,"href":"https:\/\/thematchagreen.com\/fr\/wp-json\/wp\/v2\/pages\/11372\/revisions"}],"predecessor-version":[{"id":22281,"href":"https:\/\/thematchagreen.com\/fr\/wp-json\/wp\/v2\/pages\/11372\/revisions\/22281"}],"wp:featuredmedia":[{"embeddable":true,"href":"https:\/\/thematchagreen.com\/fr\/wp-json\/wp\/v2\/media\/8329"}],"wp:attachment":[{"href":"https:\/\/thematchagreen.com\/fr\/wp-json\/wp\/v2\/media?parent=11372"}],"wp:term":[{"taxonomy":"category","embeddable":true,"href":"https:\/\/thematchagreen.com\/fr\/wp-json\/wp\/v2\/categories?post=11372"},{"taxonomy":"post_tag","embeddable":true,"href":"https:\/\/thematchagreen.com\/fr\/wp-json\/wp\/v2\/tags?post=11372"}],"curies":[{"name":"wp","href":"https:\/\/api.w.org\/{rel}","templated":true}]}}