{"id":12328,"date":"2019-02-26T20:41:55","date_gmt":"2019-02-26T19:41:55","guid":{"rendered":"https:\/\/thematchagreen.com\/?page_id=12328"},"modified":"2023-09-04T18:09:40","modified_gmt":"2023-09-04T16:09:40","slug":"at-your-home-chez-vous","status":"publish","type":"page","link":"https:\/\/thematchagreen.com\/fr\/at-your-home-chez-vous\/","title":{"rendered":"at Your Place \/ \u00e0 Votre Domicile"},"content":{"rendered":"\n<figure class=\"wp-block-table\"><table><tbody><tr><td>Cooking class at your home<\/td><td>Cours de cuisine \u00e0 votre domicile<\/td><\/tr><tr><td>Do you fancy hosting a cooking workshop in your own home? This could be a lovely event with your family and friends or your colleagues. I am very happy to organize a customized cooking class for you at your place.<\/td><td>Avez-vous envie d&#8217;organiser un cours de cuisine chez vous? Ce peut \u00eatre un bel \u00e9v\u00e9nement avec votre famille, vos amis ou vos coll\u00e8gues. Je suis tr\u00e8s heureuse d&#8217;organiser un cours de cuisine sur mesure chez vous.<\/td><\/tr><\/tbody><\/table><\/figure>\n\n\n\n<figure class=\"wp-block-table\"><table><tbody><tr><td>Workshop Menus<\/td><td>Menu des Ateliers<\/td><\/tr><tr><td>It can be an existing class or an adaptation of it.<br>The last section of this page contains questions. We will be happy to tailor our menus to your requirements. If you already have a preferred class, please let us know.<\/td><td>Il peut s&#8217;agir d&#8217;une classe existante ou d&#8217;une adaptation de celle-ci.<br>La derni\u00e8re section de cette page contient des questions. Nous nous ferons un plaisir d&#8217;adapter nos menus \u00e0 vos besoins. Si vous avez d\u00e9j\u00e0 un cours pr\u00e9f\u00e9r\u00e9, n&#8217;h\u00e9sitez pas \u00e0 nous le faire savoir.<\/td><\/tr><\/tbody><\/table><\/figure>\n\n\n\n<figure class=\"wp-block-table\"><table><tbody><tr><td class=\"has-text-align-left\" data-align=\"left\">Terms and Conditions<\/td><td>Conditions g\u00e9n\u00e9rales<\/td><\/tr><tr><td class=\"has-text-align-left\" data-align=\"left\">You can choose from <strong>ALL the classes<\/strong> on my website. <br><strong>\u30fbMinimum price<\/strong> (excluding transport costs) : from <strong>CHF 300 weekday lunch time per group, CHF600 weekend (lunchtime\u00a0and evening, CHF700 weekend evening<\/strong> <br><br>\u30fbMy <strong>transport from Echandens<\/strong> (Vaud) on the day I come to you will be charged at CHF 40 + CHF 2\/km, calculated with the <strong><a href=\"https:\/\/www.tcs.ch\/fr\/tools\/itineraires-et-plans.php\">TCS calculator<\/a><\/strong> \u00a0 \u30fbI will leave after serving the dessert.<\/td><td>Vous pouvez choisir parmi <strong>TOUS les cours<\/strong> sur mon site Web.  <br><strong>\u30fbPrix<\/strong> <strong>minimum<\/strong> (hors frais de transportation) : partir de <strong>CHF 300 midi en semaine par group, CHF600 weekend et soir, CHF700 weekend soir<\/strong> <br><br>\u30fbMes <strong>frais de transport<\/strong> depuis Echandens (Vaud) le jour de l\u2019\u00e9v\u00e9nement seront factur\u00e9s \u00e0 CHF 40 + CHF 2\/km, calcul\u00e9s \u00e0 l&#8217;aide du <strong><a href=\"https:\/\/www.tcs.ch\/fr\/tools\/itineraires-et-plans.php\">calculateur TCS<\/a><\/strong> \u00a0 \u30fbJe vous quitterai apr\u00e8s avoir servi le dessert.<\/td><\/tr><\/tbody><\/table><\/figure>\n\n\n\n<figure class=\"wp-block-table\"><table><tbody><tr><td>To book, please let us know:<\/td><td>Pour la r\u00e9servation, nous avons besoin de savoir:<\/td><\/tr><tr><td>\u30fbHow many participants? (Adults and children)<\/td><td>\u30fbCombien de participants?<\/td><\/tr><tr><td>\u30fbYour exact address<\/td><td>\u30fbVotre adresse exacte<\/td><\/tr><tr><td>\u30fbDo you have a particular menu in mind?<\/td><td>\u30fbAvez-vous choisi un menu pour ce cours?<\/td><\/tr><tr><td>\u30fbYour preferred date and time<\/td><td>\u30fbLa date et heure que vous pr\u00e9f\u00e9reriez<\/td><\/tr><\/tbody><\/table><\/figure>\n\n\n\n<p><\/p>\n","protected":false},"excerpt":{"rendered":"<p>Cooking class at your home Cours de cuisine \u00e0 votre domicile Do you fancy hosting a cooking workshop in your own home? This could be a lovely event with your family and friends or your colleagues. I am very happy to organize a customized cooking class for you at your place. Avez-vous envie d&#8217;organiser un [&hellip;]<\/p>\n","protected":false},"author":1,"featured_media":0,"parent":0,"menu_order":8,"comment_status":"closed","ping_status":"closed","template":"","meta":{"footnotes":""},"categories":[357],"tags":[],"class_list":{"0":"post-12328","1":"page","2":"type-page","3":"status-publish","5":"category-matchagreen-company"},"translation":{"provider":"WPGlobus","version":"3.0.2","language":"fr","enabled_languages":["en","fr"],"languages":{"en":{"title":true,"content":true,"excerpt":false},"fr":{"title":true,"content":true,"excerpt":false}}},"yoast_head":"<!-- This site is optimized with the Yoast SEO plugin v27.3 - https:\/\/yoast.com\/product\/yoast-seo-wordpress\/ -->\n<title>at Your Place \/ \u00e0 Votre Domicile  - theMatchaGreen<\/title>\n<meta name=\"robots\" content=\"index, follow, max-snippet:-1, max-image-preview:large, max-video-preview:-1\" \/>\n<link rel=\"canonical\" href=\"https:\/\/thematchagreen.com\/at-your-home-chez-vous\/\" \/>\n<meta property=\"og:locale\" content=\"fr_FR\" \/>\n<meta property=\"og:type\" content=\"article\" \/>\n<meta property=\"og:title\" content=\"at Your Place \/ \u00e0 Votre Domicile  - theMatchaGreen\" \/>\n<meta property=\"og:url\" content=\"https:\/\/thematchagreen.com\/at-your-home-chez-vous\/\" \/>\n<meta property=\"og:site_name\" content=\"theMatchaGreen\" \/>\n<meta property=\"article:publisher\" content=\"https:\/\/www.facebook.com\/thematchagreen\/?ref=aymt_homepage_panel\" \/>\n<meta property=\"article:modified_time\" content=\"2023-09-04T16:09:40+00:00\" \/>\n<meta name=\"twitter:card\" content=\"summary_large_image\" \/>\n<meta name=\"twitter:label1\" content=\"Est. reading time\" \/>\n\t<meta name=\"twitter:data1\" content=\"2 minutes\" \/>\n<script type=\"application\/ld+json\" class=\"yoast-schema-graph\">{\"@context\":\"https:\\\/\\\/schema.org\",\"@graph\":[{\"@type\":\"WebPage\",\"@id\":\"https:\\\/\\\/thematchagreen.com\\\/at-your-home-chez-vous\\\/\",\"url\":\"https:\\\/\\\/thematchagreen.com\\\/at-your-home-chez-vous\\\/\",\"name\":\"at Your Place \\\/ \u00e0 Votre Domicile - theMatchaGreen\",\"isPartOf\":{\"@id\":\"https:\\\/\\\/thematchagreen.com\\\/#website\"},\"datePublished\":\"2019-02-26T19:41:55+00:00\",\"dateModified\":\"2023-09-04T16:09:40+00:00\",\"breadcrumb\":{\"@id\":\"https:\\\/\\\/thematchagreen.com\\\/at-your-home-chez-vous\\\/#breadcrumb\"},\"inLanguage\":\"fr-FR\",\"potentialAction\":[{\"@type\":\"ReadAction\",\"target\":[\"https:\\\/\\\/thematchagreen.com\\\/at-your-home-chez-vous\\\/\"]}]},{\"@type\":\"BreadcrumbList\",\"@id\":\"https:\\\/\\\/thematchagreen.com\\\/at-your-home-chez-vous\\\/#breadcrumb\",\"itemListElement\":[{\"@type\":\"ListItem\",\"position\":1,\"name\":\"Home\",\"item\":\"https:\\\/\\\/thematchagreen.com\\\/\"},{\"@type\":\"ListItem\",\"position\":2,\"name\":\"at Your Home \\\/ \u00e0 Domicile\"}]},{\"@type\":\"WebSite\",\"@id\":\"https:\\\/\\\/thematchagreen.com\\\/#website\",\"url\":\"https:\\\/\\\/thematchagreen.com\\\/\",\"name\":\"theMatchaGreen\",\"description\":\"Japanese Cooking Classes in Canton Vaud\",\"publisher\":{\"@id\":\"https:\\\/\\\/thematchagreen.com\\\/#organization\"},\"potentialAction\":[{\"@type\":\"SearchAction\",\"target\":{\"@type\":\"EntryPoint\",\"urlTemplate\":\"https:\\\/\\\/thematchagreen.com\\\/?s={search_term_string}\"},\"query-input\":{\"@type\":\"PropertyValueSpecification\",\"valueRequired\":true,\"valueName\":\"search_term_string\"}}],\"inLanguage\":\"fr-FR\"},{\"@type\":\"Organization\",\"@id\":\"https:\\\/\\\/thematchagreen.com\\\/#organization\",\"name\":\"MatchaGreen\",\"url\":\"https:\\\/\\\/thematchagreen.com\\\/\",\"logo\":{\"@type\":\"ImageObject\",\"inLanguage\":\"fr-FR\",\"@id\":\"https:\\\/\\\/thematchagreen.com\\\/#\\\/schema\\\/logo\\\/image\\\/\",\"url\":\"https:\\\/\\\/thematchagreen.com\\\/wp-content\\\/uploads\\\/2019\\\/02\\\/test2-mg-banner-logo.png\",\"contentUrl\":\"https:\\\/\\\/thematchagreen.com\\\/wp-content\\\/uploads\\\/2019\\\/02\\\/test2-mg-banner-logo.png\",\"width\":800,\"height\":146,\"caption\":\"MatchaGreen\"},\"image\":{\"@id\":\"https:\\\/\\\/thematchagreen.com\\\/#\\\/schema\\\/logo\\\/image\\\/\"},\"sameAs\":[\"https:\\\/\\\/www.facebook.com\\\/thematchagreen\\\/?ref=aymt_homepage_panel\",\"https:\\\/\\\/www.instagram.com\\\/japanesecookingrecipesmatchagr\\\/\",\"https:\\\/\\\/www.pinterest.com\\\/thematchagreen\\\/\"]}]}<\/script>\n<!-- \/ Yoast SEO plugin. -->","yoast_head_json":{"title":"at Your Place \/ \u00e0 Votre Domicile  - theMatchaGreen","robots":{"index":"index","follow":"follow","max-snippet":"max-snippet:-1","max-image-preview":"max-image-preview:large","max-video-preview":"max-video-preview:-1"},"canonical":"https:\/\/thematchagreen.com\/at-your-home-chez-vous\/","og_locale":"fr_FR","og_type":"article","og_title":"at Your Place \/ \u00e0 Votre Domicile  - theMatchaGreen","og_url":"https:\/\/thematchagreen.com\/at-your-home-chez-vous\/","og_site_name":"theMatchaGreen","article_publisher":"https:\/\/www.facebook.com\/thematchagreen\/?ref=aymt_homepage_panel","article_modified_time":"2023-09-04T16:09:40+00:00","twitter_card":"summary_large_image","twitter_misc":{"Est. reading time":"2 minutes"},"schema":{"@context":"https:\/\/schema.org","@graph":[{"@type":"WebPage","@id":"https:\/\/thematchagreen.com\/at-your-home-chez-vous\/","url":"https:\/\/thematchagreen.com\/at-your-home-chez-vous\/","name":"at Your Place \/ \u00e0 Votre Domicile - theMatchaGreen","isPartOf":{"@id":"https:\/\/thematchagreen.com\/#website"},"datePublished":"2019-02-26T19:41:55+00:00","dateModified":"2023-09-04T16:09:40+00:00","breadcrumb":{"@id":"https:\/\/thematchagreen.com\/at-your-home-chez-vous\/#breadcrumb"},"inLanguage":"fr-FR","potentialAction":[{"@type":"ReadAction","target":["https:\/\/thematchagreen.com\/at-your-home-chez-vous\/"]}]},{"@type":"BreadcrumbList","@id":"https:\/\/thematchagreen.com\/at-your-home-chez-vous\/#breadcrumb","itemListElement":[{"@type":"ListItem","position":1,"name":"Home","item":"https:\/\/thematchagreen.com\/"},{"@type":"ListItem","position":2,"name":"at Your Home \/ \u00e0 Domicile"}]},{"@type":"WebSite","@id":"https:\/\/thematchagreen.com\/#website","url":"https:\/\/thematchagreen.com\/","name":"theMatchaGreen","description":"Japanese Cooking Classes in Canton Vaud","publisher":{"@id":"https:\/\/thematchagreen.com\/#organization"},"potentialAction":[{"@type":"SearchAction","target":{"@type":"EntryPoint","urlTemplate":"https:\/\/thematchagreen.com\/?s={search_term_string}"},"query-input":{"@type":"PropertyValueSpecification","valueRequired":true,"valueName":"search_term_string"}}],"inLanguage":"fr-FR"},{"@type":"Organization","@id":"https:\/\/thematchagreen.com\/#organization","name":"MatchaGreen","url":"https:\/\/thematchagreen.com\/","logo":{"@type":"ImageObject","inLanguage":"fr-FR","@id":"https:\/\/thematchagreen.com\/#\/schema\/logo\/image\/","url":"https:\/\/thematchagreen.com\/wp-content\/uploads\/2019\/02\/test2-mg-banner-logo.png","contentUrl":"https:\/\/thematchagreen.com\/wp-content\/uploads\/2019\/02\/test2-mg-banner-logo.png","width":800,"height":146,"caption":"MatchaGreen"},"image":{"@id":"https:\/\/thematchagreen.com\/#\/schema\/logo\/image\/"},"sameAs":["https:\/\/www.facebook.com\/thematchagreen\/?ref=aymt_homepage_panel","https:\/\/www.instagram.com\/japanesecookingrecipesmatchagr\/","https:\/\/www.pinterest.com\/thematchagreen\/"]}]}},"_links":{"self":[{"href":"https:\/\/thematchagreen.com\/fr\/wp-json\/wp\/v2\/pages\/12328","targetHints":{"allow":["GET"]}}],"collection":[{"href":"https:\/\/thematchagreen.com\/fr\/wp-json\/wp\/v2\/pages"}],"about":[{"href":"https:\/\/thematchagreen.com\/fr\/wp-json\/wp\/v2\/types\/page"}],"author":[{"embeddable":true,"href":"https:\/\/thematchagreen.com\/fr\/wp-json\/wp\/v2\/users\/1"}],"replies":[{"embeddable":true,"href":"https:\/\/thematchagreen.com\/fr\/wp-json\/wp\/v2\/comments?post=12328"}],"version-history":[{"count":0,"href":"https:\/\/thematchagreen.com\/fr\/wp-json\/wp\/v2\/pages\/12328\/revisions"}],"wp:attachment":[{"href":"https:\/\/thematchagreen.com\/fr\/wp-json\/wp\/v2\/media?parent=12328"}],"wp:term":[{"taxonomy":"category","embeddable":true,"href":"https:\/\/thematchagreen.com\/fr\/wp-json\/wp\/v2\/categories?post=12328"},{"taxonomy":"post_tag","embeddable":true,"href":"https:\/\/thematchagreen.com\/fr\/wp-json\/wp\/v2\/tags?post=12328"}],"curies":[{"name":"wp","href":"https:\/\/api.w.org\/{rel}","templated":true}]}}