{"id":14927,"date":"2019-08-13T09:42:53","date_gmt":"2019-08-13T07:42:53","guid":{"rendered":"https:\/\/thematchagreen.com\/?page_id=14927"},"modified":"2023-06-04T17:16:04","modified_gmt":"2023-06-04T15:16:04","slug":"vegetarian-ramen-gyoza-making","status":"publish","type":"page","link":"https:\/\/thematchagreen.com\/fr\/vegetarian-ramen-gyoza-making\/","title":{"rendered":"Vegetarian Ramen &#038; Gyoza Making"},"content":{"rendered":"<h2 style=\"text-align: center;\">VEGETARIAN RAMEN &amp; GYOZA<\/h2>\n<p><img fetchpriority=\"high\" decoding=\"async\" class=\"alignnone wp-image-14618 size-medium\" src=\"https:\/\/thematchagreen.com\/wp-content\/uploads\/2019\/04\/P1410509-300x225.jpg\" alt=\"gyoza\" width=\"300\" height=\"225\" \/> <img decoding=\"async\" class=\"alignnone wp-image-15936 size-medium\" src=\"https:\/\/thematchagreen.com\/wp-content\/uploads\/2020\/01\/P1410972-2-300x225.jpg\" alt=\"ramen\" width=\"300\" height=\"225\" srcset=\"https:\/\/thematchagreen.com\/wp-content\/uploads\/2020\/01\/P1410972-2-300x225.jpg 300w, https:\/\/thematchagreen.com\/wp-content\/uploads\/2020\/01\/P1410972-2-1000x750.jpg 1000w, https:\/\/thematchagreen.com\/wp-content\/uploads\/2020\/01\/P1410972-2-1536x1152.jpg 1536w, https:\/\/thematchagreen.com\/wp-content\/uploads\/2020\/01\/P1410972-2-2048x1536.jpg 2048w, https:\/\/thematchagreen.com\/wp-content\/uploads\/2020\/01\/P1410972-2-500x375.jpg 500w\" sizes=\"(max-width: 300px) 100vw, 300px\" \/> <img decoding=\"async\" class=\"alignnone wp-image-15940 size-medium\" src=\"https:\/\/thematchagreen.com\/wp-content\/uploads\/2020\/01\/IMG_3421-1-scaled-e1580051653423-300x222.jpg\" alt=\"ramen\" width=\"300\" height=\"222\" srcset=\"https:\/\/thematchagreen.com\/wp-content\/uploads\/2020\/01\/IMG_3421-1-scaled-e1580051653423-300x222.jpg 300w, https:\/\/thematchagreen.com\/wp-content\/uploads\/2020\/01\/IMG_3421-1-scaled-e1580051653423-1000x740.jpg 1000w, https:\/\/thematchagreen.com\/wp-content\/uploads\/2020\/01\/IMG_3421-1-scaled-e1580051653423-1536x1136.jpg 1536w, https:\/\/thematchagreen.com\/wp-content\/uploads\/2020\/01\/IMG_3421-1-scaled-e1580051653423.jpg 1920w\" sizes=\"(max-width: 300px) 100vw, 300px\" \/><\/p>\n<p>Ramen &amp; Gyoza, ils sont maintenant les plats de rue japonais les plus populaires. Alors pourquoi pas ne manger ces plats en version v\u00e9g\u00e9tarien?! Vous pouvez apprendre \u00e0 faire du bouillon de dashi japonais v\u00e9g\u00e9tarien ainsi que des nouilles ramen et du gyoza.<\/p>\n<h3>VEGETARIAN Ramen &amp; Gyoza Class : CHF118<\/h3>\n<p>Dans ce cours, nous allons;<\/p>\n<ul>\n<li>cr\u00e9er deux soupes d&#8217;ingr\u00e9dients diff\u00e9rents: le Sh\u00f4yu (base de sauce soja) et le miso \u00e9pic\u00e9 (\u00e0 base d&#8217;une p\u00e2te d&#8217;haricots soja)<\/li>\n<li>faire des nouilles de ramen maison<\/li>\n<li>apprendre comment pr\u00e9parer le bouillon vegetarian pour la soupe ramen<\/li>\n<li>ajouter des ingr\u00e9dients suppl\u00e9mentaires typiquement utilis\u00e9s pour le ramen, tels que le champignon aromatis\u00e9, l&#8217;\u0153uf aromatis\u00e9, l&#8217;huile \u00e9pic\u00e9<\/li>\n<li>faire en accompagnement des raviolis gyoza farcis<\/li>\n<\/ul>\n<p>Un dessert et th\u00e9 japonais sont offert.<\/p>\n<ul>\n<li>\n<h4 style=\"text-align: left;\"><a href=\"https:\/\/thematchagreen.com\/sign-up-for-workshop\/\" target=\"_blank\" rel=\"noopener noreferrer\">S&#8217;inscrire de cours \/ Sign up for the workshop<\/a><\/h4>\n<p style=\"text-align: left;\"><a href=\"https:\/\/thematchagreen.com\/contact-matchagreen\/\" target=\"_blank\" rel=\"noopener noreferrer\">Contact MatchaGreen<\/a><\/p>\n<p style=\"text-align: left;\"><a href=\"https:\/\/thematchagreen.com\/workshop-calendar\/\" target=\"_blank\" rel=\"noopener noreferrer\">Workshop calendar<\/a><\/p>\n<\/li>\n<\/ul>\n","protected":false},"excerpt":{"rendered":"<p>VEGETARIAN RAMEN &amp; GYOZA Ramen &amp; Gyoza, ils sont maintenant les plats de rue japonais les plus populaires. Alors pourquoi pas ne manger ces plats en version v\u00e9g\u00e9tarien?! Vous pouvez apprendre \u00e0 faire du bouillon de dashi japonais v\u00e9g\u00e9tarien ainsi que des nouilles ramen et du gyoza. VEGETARIAN Ramen &amp; Gyoza Class : CHF118 Dans [&hellip;]<\/p>\n","protected":false},"author":1,"featured_media":15935,"parent":0,"menu_order":59,"comment_status":"closed","ping_status":"closed","template":"","meta":{"footnotes":""},"categories":[337],"tags":[],"class_list":{"0":"post-14927","1":"page","2":"type-page","3":"status-publish","4":"has-post-thumbnail","6":"category-workshops"},"translation":{"provider":"WPGlobus","version":"3.0.2","language":"fr","enabled_languages":["en","fr"],"languages":{"en":{"title":true,"content":true,"excerpt":false},"fr":{"title":true,"content":true,"excerpt":false}}},"yoast_head":"<!-- This site is optimized with the Yoast SEO plugin v27.3 - https:\/\/yoast.com\/product\/yoast-seo-wordpress\/ -->\n<title>Vegetarian Ramen &amp; Gyoza Making - theMatchaGreen<\/title>\n<meta name=\"robots\" content=\"index, follow, max-snippet:-1, max-image-preview:large, max-video-preview:-1\" \/>\n<link rel=\"canonical\" href=\"https:\/\/thematchagreen.com\/vegetarian-ramen-gyoza-making\/\" \/>\n<meta property=\"og:locale\" content=\"fr_FR\" \/>\n<meta property=\"og:type\" content=\"article\" \/>\n<meta property=\"og:title\" content=\"Vegetarian Ramen &amp; Gyoza Making - theMatchaGreen\" \/>\n<meta property=\"og:url\" content=\"https:\/\/thematchagreen.com\/vegetarian-ramen-gyoza-making\/\" \/>\n<meta property=\"og:site_name\" content=\"theMatchaGreen\" \/>\n<meta property=\"article:publisher\" content=\"https:\/\/www.facebook.com\/thematchagreen\/?ref=aymt_homepage_panel\" \/>\n<meta property=\"article:modified_time\" content=\"2023-06-04T15:16:04+00:00\" \/>\n<meta property=\"og:image\" content=\"https:\/\/thematchagreen.com\/wp-content\/uploads\/2020\/01\/V\u30e9\u30fc\u30e1\u30f3\u3000\u6a2a\u9577-1000x667.jpg\" \/>\n\t<meta property=\"og:image:width\" content=\"1000\" \/>\n\t<meta property=\"og:image:height\" content=\"667\" \/>\n\t<meta property=\"og:image:type\" content=\"image\/jpeg\" \/>\n<meta name=\"twitter:card\" content=\"summary_large_image\" \/>\n<meta name=\"twitter:label1\" content=\"Est. reading time\" \/>\n\t<meta name=\"twitter:data1\" content=\"2 minutes\" \/>\n<script type=\"application\/ld+json\" class=\"yoast-schema-graph\">{\"@context\":\"https:\\\/\\\/schema.org\",\"@graph\":[{\"@type\":\"WebPage\",\"@id\":\"https:\\\/\\\/thematchagreen.com\\\/vegetarian-ramen-gyoza-making\\\/\",\"url\":\"https:\\\/\\\/thematchagreen.com\\\/vegetarian-ramen-gyoza-making\\\/\",\"name\":\"Vegetarian Ramen & Gyoza Making - theMatchaGreen\",\"isPartOf\":{\"@id\":\"https:\\\/\\\/thematchagreen.com\\\/#website\"},\"primaryImageOfPage\":{\"@id\":\"https:\\\/\\\/thematchagreen.com\\\/vegetarian-ramen-gyoza-making\\\/#primaryimage\"},\"image\":{\"@id\":\"https:\\\/\\\/thematchagreen.com\\\/vegetarian-ramen-gyoza-making\\\/#primaryimage\"},\"thumbnailUrl\":\"https:\\\/\\\/thematchagreen.com\\\/wp-content\\\/uploads\\\/2020\\\/01\\\/V\u30e9\u30fc\u30e1\u30f3\u3000\u6a2a\u9577.jpg\",\"datePublished\":\"2019-08-13T07:42:53+00:00\",\"dateModified\":\"2023-06-04T15:16:04+00:00\",\"breadcrumb\":{\"@id\":\"https:\\\/\\\/thematchagreen.com\\\/vegetarian-ramen-gyoza-making\\\/#breadcrumb\"},\"inLanguage\":\"fr-FR\",\"potentialAction\":[{\"@type\":\"ReadAction\",\"target\":[\"https:\\\/\\\/thematchagreen.com\\\/vegetarian-ramen-gyoza-making\\\/\"]}]},{\"@type\":\"ImageObject\",\"inLanguage\":\"fr-FR\",\"@id\":\"https:\\\/\\\/thematchagreen.com\\\/vegetarian-ramen-gyoza-making\\\/#primaryimage\",\"url\":\"https:\\\/\\\/thematchagreen.com\\\/wp-content\\\/uploads\\\/2020\\\/01\\\/V\u30e9\u30fc\u30e1\u30f3\u3000\u6a2a\u9577.jpg\",\"contentUrl\":\"https:\\\/\\\/thematchagreen.com\\\/wp-content\\\/uploads\\\/2020\\\/01\\\/V\u30e9\u30fc\u30e1\u30f3\u3000\u6a2a\u9577.jpg\",\"width\":1800,\"height\":1200,\"caption\":\"ramen\"},{\"@type\":\"BreadcrumbList\",\"@id\":\"https:\\\/\\\/thematchagreen.com\\\/vegetarian-ramen-gyoza-making\\\/#breadcrumb\",\"itemListElement\":[{\"@type\":\"ListItem\",\"position\":1,\"name\":\"Home\",\"item\":\"https:\\\/\\\/thematchagreen.com\\\/\"},{\"@type\":\"ListItem\",\"position\":2,\"name\":\"Vegetarian Ramen &#038; Gyoza Class\"}]},{\"@type\":\"WebSite\",\"@id\":\"https:\\\/\\\/thematchagreen.com\\\/#website\",\"url\":\"https:\\\/\\\/thematchagreen.com\\\/\",\"name\":\"theMatchaGreen\",\"description\":\"Japanese Cooking Classes in Canton Vaud\",\"publisher\":{\"@id\":\"https:\\\/\\\/thematchagreen.com\\\/#organization\"},\"potentialAction\":[{\"@type\":\"SearchAction\",\"target\":{\"@type\":\"EntryPoint\",\"urlTemplate\":\"https:\\\/\\\/thematchagreen.com\\\/?s={search_term_string}\"},\"query-input\":{\"@type\":\"PropertyValueSpecification\",\"valueRequired\":true,\"valueName\":\"search_term_string\"}}],\"inLanguage\":\"fr-FR\"},{\"@type\":\"Organization\",\"@id\":\"https:\\\/\\\/thematchagreen.com\\\/#organization\",\"name\":\"MatchaGreen\",\"url\":\"https:\\\/\\\/thematchagreen.com\\\/\",\"logo\":{\"@type\":\"ImageObject\",\"inLanguage\":\"fr-FR\",\"@id\":\"https:\\\/\\\/thematchagreen.com\\\/#\\\/schema\\\/logo\\\/image\\\/\",\"url\":\"https:\\\/\\\/thematchagreen.com\\\/wp-content\\\/uploads\\\/2019\\\/02\\\/test2-mg-banner-logo.png\",\"contentUrl\":\"https:\\\/\\\/thematchagreen.com\\\/wp-content\\\/uploads\\\/2019\\\/02\\\/test2-mg-banner-logo.png\",\"width\":800,\"height\":146,\"caption\":\"MatchaGreen\"},\"image\":{\"@id\":\"https:\\\/\\\/thematchagreen.com\\\/#\\\/schema\\\/logo\\\/image\\\/\"},\"sameAs\":[\"https:\\\/\\\/www.facebook.com\\\/thematchagreen\\\/?ref=aymt_homepage_panel\",\"https:\\\/\\\/www.instagram.com\\\/japanesecookingrecipesmatchagr\\\/\",\"https:\\\/\\\/www.pinterest.com\\\/thematchagreen\\\/\"]}]}<\/script>\n<!-- \/ Yoast SEO plugin. -->","yoast_head_json":{"title":"Vegetarian Ramen & Gyoza Making - theMatchaGreen","robots":{"index":"index","follow":"follow","max-snippet":"max-snippet:-1","max-image-preview":"max-image-preview:large","max-video-preview":"max-video-preview:-1"},"canonical":"https:\/\/thematchagreen.com\/vegetarian-ramen-gyoza-making\/","og_locale":"fr_FR","og_type":"article","og_title":"Vegetarian Ramen & Gyoza Making - theMatchaGreen","og_url":"https:\/\/thematchagreen.com\/vegetarian-ramen-gyoza-making\/","og_site_name":"theMatchaGreen","article_publisher":"https:\/\/www.facebook.com\/thematchagreen\/?ref=aymt_homepage_panel","article_modified_time":"2023-06-04T15:16:04+00:00","og_image":[{"width":1000,"height":667,"url":"https:\/\/thematchagreen.com\/wp-content\/uploads\/2020\/01\/V\u30e9\u30fc\u30e1\u30f3\u3000\u6a2a\u9577-1000x667.jpg","type":"image\/jpeg"}],"twitter_card":"summary_large_image","twitter_misc":{"Est. reading time":"2 minutes"},"schema":{"@context":"https:\/\/schema.org","@graph":[{"@type":"WebPage","@id":"https:\/\/thematchagreen.com\/vegetarian-ramen-gyoza-making\/","url":"https:\/\/thematchagreen.com\/vegetarian-ramen-gyoza-making\/","name":"Vegetarian Ramen & Gyoza Making - theMatchaGreen","isPartOf":{"@id":"https:\/\/thematchagreen.com\/#website"},"primaryImageOfPage":{"@id":"https:\/\/thematchagreen.com\/vegetarian-ramen-gyoza-making\/#primaryimage"},"image":{"@id":"https:\/\/thematchagreen.com\/vegetarian-ramen-gyoza-making\/#primaryimage"},"thumbnailUrl":"https:\/\/thematchagreen.com\/wp-content\/uploads\/2020\/01\/V\u30e9\u30fc\u30e1\u30f3\u3000\u6a2a\u9577.jpg","datePublished":"2019-08-13T07:42:53+00:00","dateModified":"2023-06-04T15:16:04+00:00","breadcrumb":{"@id":"https:\/\/thematchagreen.com\/vegetarian-ramen-gyoza-making\/#breadcrumb"},"inLanguage":"fr-FR","potentialAction":[{"@type":"ReadAction","target":["https:\/\/thematchagreen.com\/vegetarian-ramen-gyoza-making\/"]}]},{"@type":"ImageObject","inLanguage":"fr-FR","@id":"https:\/\/thematchagreen.com\/vegetarian-ramen-gyoza-making\/#primaryimage","url":"https:\/\/thematchagreen.com\/wp-content\/uploads\/2020\/01\/V\u30e9\u30fc\u30e1\u30f3\u3000\u6a2a\u9577.jpg","contentUrl":"https:\/\/thematchagreen.com\/wp-content\/uploads\/2020\/01\/V\u30e9\u30fc\u30e1\u30f3\u3000\u6a2a\u9577.jpg","width":1800,"height":1200,"caption":"ramen"},{"@type":"BreadcrumbList","@id":"https:\/\/thematchagreen.com\/vegetarian-ramen-gyoza-making\/#breadcrumb","itemListElement":[{"@type":"ListItem","position":1,"name":"Home","item":"https:\/\/thematchagreen.com\/"},{"@type":"ListItem","position":2,"name":"Vegetarian Ramen &#038; Gyoza Class"}]},{"@type":"WebSite","@id":"https:\/\/thematchagreen.com\/#website","url":"https:\/\/thematchagreen.com\/","name":"theMatchaGreen","description":"Japanese Cooking Classes in Canton Vaud","publisher":{"@id":"https:\/\/thematchagreen.com\/#organization"},"potentialAction":[{"@type":"SearchAction","target":{"@type":"EntryPoint","urlTemplate":"https:\/\/thematchagreen.com\/?s={search_term_string}"},"query-input":{"@type":"PropertyValueSpecification","valueRequired":true,"valueName":"search_term_string"}}],"inLanguage":"fr-FR"},{"@type":"Organization","@id":"https:\/\/thematchagreen.com\/#organization","name":"MatchaGreen","url":"https:\/\/thematchagreen.com\/","logo":{"@type":"ImageObject","inLanguage":"fr-FR","@id":"https:\/\/thematchagreen.com\/#\/schema\/logo\/image\/","url":"https:\/\/thematchagreen.com\/wp-content\/uploads\/2019\/02\/test2-mg-banner-logo.png","contentUrl":"https:\/\/thematchagreen.com\/wp-content\/uploads\/2019\/02\/test2-mg-banner-logo.png","width":800,"height":146,"caption":"MatchaGreen"},"image":{"@id":"https:\/\/thematchagreen.com\/#\/schema\/logo\/image\/"},"sameAs":["https:\/\/www.facebook.com\/thematchagreen\/?ref=aymt_homepage_panel","https:\/\/www.instagram.com\/japanesecookingrecipesmatchagr\/","https:\/\/www.pinterest.com\/thematchagreen\/"]}]}},"_links":{"self":[{"href":"https:\/\/thematchagreen.com\/fr\/wp-json\/wp\/v2\/pages\/14927","targetHints":{"allow":["GET"]}}],"collection":[{"href":"https:\/\/thematchagreen.com\/fr\/wp-json\/wp\/v2\/pages"}],"about":[{"href":"https:\/\/thematchagreen.com\/fr\/wp-json\/wp\/v2\/types\/page"}],"author":[{"embeddable":true,"href":"https:\/\/thematchagreen.com\/fr\/wp-json\/wp\/v2\/users\/1"}],"replies":[{"embeddable":true,"href":"https:\/\/thematchagreen.com\/fr\/wp-json\/wp\/v2\/comments?post=14927"}],"version-history":[{"count":0,"href":"https:\/\/thematchagreen.com\/fr\/wp-json\/wp\/v2\/pages\/14927\/revisions"}],"wp:featuredmedia":[{"embeddable":true,"href":"https:\/\/thematchagreen.com\/fr\/wp-json\/wp\/v2\/media\/15935"}],"wp:attachment":[{"href":"https:\/\/thematchagreen.com\/fr\/wp-json\/wp\/v2\/media?parent=14927"}],"wp:term":[{"taxonomy":"category","embeddable":true,"href":"https:\/\/thematchagreen.com\/fr\/wp-json\/wp\/v2\/categories?post=14927"},{"taxonomy":"post_tag","embeddable":true,"href":"https:\/\/thematchagreen.com\/fr\/wp-json\/wp\/v2\/tags?post=14927"}],"curies":[{"name":"wp","href":"https:\/\/api.w.org\/{rel}","templated":true}]}}