{"id":17831,"date":"2021-09-04T15:59:12","date_gmt":"2021-09-04T13:59:12","guid":{"rendered":"https:\/\/thematchagreen.com\/?page_id=17831"},"modified":"2026-04-13T10:09:34","modified_gmt":"2026-04-13T08:09:34","slug":"japanese-home-cooking","status":"publish","type":"page","link":"https:\/\/thematchagreen.com\/fr\/regular-workshops\/japanese-home-cooking\/","title":{"rendered":"Japanese Home Cooking (Cuisine japonaise tous les jours)"},"content":{"rendered":"\n<p><\/p>\n\n\n\n<div class=\"wp-block-columns is-layout-flex wp-container-core-columns-is-layout-9d6595d7 wp-block-columns-is-layout-flex\">\n<div class=\"wp-block-column is-layout-flow wp-block-column-is-layout-flow\" style=\"flex-basis:100%\">\n<h1 style=\"text-align: center;\">Cours de Cuisine Japonaise<\/h1>\n<h1 style=\"text-align: center;\">Japanese Cooking Class<\/h1>\n<p style=\"text-align: center;\">*<\/p>\n<h2 style=\"text-align: center;\"><strong>Cuisine Japonaise Tous les Jours<\/strong><\/h2>\n<h1 id=\"block-26703621-f4fb-486c-a5b2-24f04387e93e\" class=\"block-editor-rich-text__editable block-editor-block-list__block wp-block has-text-align-center wp-block-heading rich-text is-hovered\" role=\"document\" contenteditable=\"true\" aria-multiline=\"true\" aria-readonly=\"false\" aria-label=\"Block: Heading\" data-block=\"26703621-f4fb-486c-a5b2-24f04387e93e\" data-type=\"core\/heading\" data-title=\"Heading\" data-wp-block-attribute-key=\"content\">KATSU!\u00a0<\/h1>\n<div class=\"wp-block\" data-align=\"center\">\n<figure id=\"block-a8e35642-f181-45bd-ae6a-c1ab76ad8940\" class=\"block-editor-block-list__block is-resized size-large wp-block-image\" tabindex=\"0\" role=\"document\" draggable=\"true\" aria-label=\"Block: Image\" data-block=\"a8e35642-f181-45bd-ae6a-c1ab76ad8940\" data-type=\"core\/image\" data-title=\"Image\"><img fetchpriority=\"high\" decoding=\"async\" src=\"https:\/\/thematchagreen.com\/wp-content\/uploads\/2026\/04\/2026-\u30ab\u30c4-\u9577\u65b9\u5f62-1000x667.jpeg\" alt=\"This image has an empty alt attribute; its file name is 2026-%E3%82%AB%E3%83%84-%E9%95%B7%E6%96%B9%E5%BD%A2-1000x667.jpeg\" width=\"1000\" height=\"667\" \/><\/figure>\n<\/div>\n<h3 id=\"block-cd19a680-d63f-4916-8f7e-5bac1a581fe8\" class=\"block-editor-rich-text__editable block-editor-block-list__block wp-block has-text-align-center wp-block-heading rich-text\" role=\"document\" contenteditable=\"true\" aria-multiline=\"true\" aria-readonly=\"false\" aria-label=\"Block: Heading\" data-block=\"cd19a680-d63f-4916-8f7e-5bac1a581fe8\" data-type=\"core\/heading\" data-title=\"Heading\" data-wp-block-attribute-key=\"content\">Menu from May 2026 \/ Menu \u00e0 partir de mai 2026<\/h3>\n<h2 id=\"block-a1e8ab03-04e6-493a-8dee-24b9973951dd\" class=\"block-editor-rich-text__editable block-editor-block-list__block wp-block has-text-align-center wp-block-heading rich-text\" role=\"document\" contenteditable=\"true\" aria-multiline=\"true\" aria-readonly=\"false\" aria-label=\"Block: Heading\" data-block=\"a1e8ab03-04e6-493a-8dee-24b9973951dd\" data-type=\"core\/heading\" data-title=\"Heading\" data-wp-block-attribute-key=\"content\">Cuisine japonaise tous les jours : KATSU<\/h2>\n<p id=\"block-f0c54f4a-46c2-47fd-abc0-a9dfe1a18ba4\" class=\"block-editor-rich-text__editable block-editor-block-list__block wp-block has-text-align-center wp-block-paragraph rich-text\" role=\"document\" contenteditable=\"true\" aria-multiline=\"true\" aria-readonly=\"false\" aria-label=\"Block: Paragraph\" data-block=\"f0c54f4a-46c2-47fd-abc0-a9dfe1a18ba4\" data-type=\"core\/paragraph\" data-title=\"Paragraph\" data-empty=\"false\" data-wp-block-attribute-key=\"content\">CHF120p.p.<\/p>\n<ul id=\"block-84e16aeb-14e8-4aab-8edf-dd7b8c6e2290\" class=\"block-editor-block-list__block wp-block wp-block-list block-editor-block-list__layout\" tabindex=\"0\" role=\"document\" draggable=\"true\" aria-label=\"Block: List\" data-block=\"84e16aeb-14e8-4aab-8edf-dd7b8c6e2290\" data-type=\"core\/list\" data-title=\"List\" data-is-drop-zone=\"true\" data-draggable=\"true\">\n<li id=\"block-5f3cc435-95ac-496e-b222-4d80c50c1648\" class=\"block-editor-block-list__block wp-block wp-block-list-item block-editor-block-list__layout\" tabindex=\"0\" role=\"document\" draggable=\"true\" aria-label=\"Block: List Item\" data-block=\"5f3cc435-95ac-496e-b222-4d80c50c1648\" data-type=\"core\/list-item\" data-title=\"List Item\">\n<div class=\"block-editor-rich-text__editable rich-text\" role=\"textbox\" contenteditable=\"true\" aria-multiline=\"true\" aria-readonly=\"false\" aria-label=\"List text\" data-wp-block-attribute-key=\"content\"><strong>Katsu (Poulet \/ porc pan\u00e9 et frit fa\u00e7on japonais)\u00a0<\/strong><\/div>\n<\/li>\n<li id=\"block-56ea98f3-bb73-4288-b806-5f7b4382e0d6\" class=\"block-editor-block-list__block wp-block wp-block-list-item block-editor-block-list__layout\" tabindex=\"0\" role=\"document\" draggable=\"true\" aria-label=\"Block: List Item\" data-block=\"56ea98f3-bb73-4288-b806-5f7b4382e0d6\" data-type=\"core\/list-item\" data-title=\"List Item\">\n<div class=\"block-editor-rich-text__editable rich-text\" role=\"textbox\" contenteditable=\"true\" aria-multiline=\"true\" aria-readonly=\"false\" aria-label=\"List text\" data-wp-block-attribute-key=\"content\"><strong>Katsu-don (bol de riz recouvert de c\u00f4telette de viande aux oeufs brouill\u00e9s et aux oignons)\u00a0<\/strong><\/div>\n<\/li>\n<li id=\"block-858c29f7-9130-476c-9364-5cac03d11b33\" class=\"block-editor-block-list__block wp-block wp-block-list-item block-editor-block-list__layout\" tabindex=\"0\" role=\"document\" draggable=\"true\" aria-label=\"Block: List Item\" data-block=\"858c29f7-9130-476c-9364-5cac03d11b33\" data-type=\"core\/list-item\" data-title=\"List Item\">\n<div class=\"block-editor-rich-text__editable rich-text\" role=\"textbox\" contenteditable=\"true\" aria-multiline=\"true\" aria-readonly=\"false\" aria-label=\"List text\" data-wp-block-attribute-key=\"content\"><strong>Katsu curry (curry japonais avec katsu)<\/strong><\/div>\n<\/li>\n<li id=\"block-7fd95b3a-3533-4eb7-9f38-f1331f670d40\" class=\"block-editor-block-list__block wp-block wp-block-list-item block-editor-block-list__layout\" tabindex=\"0\" role=\"document\" aria-label=\"Block: List Item\" data-block=\"7fd95b3a-3533-4eb7-9f38-f1331f670d40\" data-type=\"core\/list-item\" data-title=\"List Item\" data-draggable=\"true\">\n<div class=\"block-editor-rich-text__editable rich-text\" role=\"textbox\" contenteditable=\"true\" aria-multiline=\"true\" aria-readonly=\"false\" aria-label=\"List text\" data-wp-block-attribute-key=\"content\"><strong>Fabriquer des flocons de curry \u00e0 la japonaise <\/strong><strong>(sans gluten)<\/strong><\/div>\n<\/li>\n<li id=\"block-390a3417-9692-43a0-a964-1d167f772da5\" class=\"block-editor-block-list__block wp-block wp-block-list-item block-editor-block-list__layout\" tabindex=\"0\" role=\"document\" draggable=\"true\" aria-label=\"Block: List Item\" data-block=\"390a3417-9692-43a0-a964-1d167f772da5\" data-type=\"core\/list-item\" data-title=\"List Item\">\n<div class=\"block-editor-rich-text__editable rich-text\" role=\"textbox\" contenteditable=\"true\" aria-multiline=\"true\" aria-readonly=\"false\" aria-label=\"List text\" data-wp-block-attribute-key=\"content\"><span style=\"font-size: revert;\">Aubergines frites marin\u00e9es dans un bouillon &#8220;Dashi&#8221;<\/span><\/div>\n<\/li>\n<\/ul>\n<p>*Il est possible de pr\u00e9parer des &#8220;katsu&#8221;<strong>\u00a0sans gluten,<\/strong> mais lors des cours, nous cuisinons \u00e9galement des plats contenant du gluten <strong>\u00e0 la m\u00eame table<\/strong>. N&#8217;h\u00e9sitez pas \u00e0 nous contacter pour plus de d\u00e9tails.<\/p>\n<p>\u00a0<\/p>\n<p><\/p>\n<p>(Offer: a dessert plate and Japanese tea or coffee \/\u00a0une assiette de desserts et du th\u00e9 ou du caf\u00e9 japonais)<\/p>\n<p> <\/p>\n<h3 class=\"wp-block-heading\" style=\"text-align: center;\"><a href=\"https:\/\/thematchagreen.com\/sign-up-for-workshop\/\" target=\"_blank\" rel=\"noreferrer noopener\">Sign up for this workshop<\/a><\/h3>\n<p style=\"text-align: center;\"> <\/p>\n<h3 class=\"wp-block-heading\" style=\"text-align: center;\"><a href=\"https:\/\/thematchagreen.com\/sign-up-for-workshop\/\" target=\"_blank\" rel=\"noreferrer noopener\">S&#8217;inscrire \u00e0 ce cours<\/a><\/h3>\n<p style=\"text-align: center;\"> <\/p>\n<p style=\"text-align: center;\">*<\/p>\n<p style=\"text-align: center;\"> <\/p>\n<h3 class=\"wp-block-heading\" style=\"text-align: center;\"><a href=\"https:\/\/thematchagreen.com\/contact-matchagreen\">contact theMathaGreen<\/a>\u00a0<\/h3>\n<p style=\"text-align: center;\"> <\/p>\n<h3 class=\"wp-block-heading\" style=\"text-align: center;\"><a href=\"https:\/\/thematchagreen.com\/horaire\/\" target=\"_blank\" rel=\"noreferrer noopener\">Workshop Schedule Calendar<\/a><\/h3>\n<p><\/p>\n<h2>\u00a0<\/h2>\n<h2 style=\"text-align: center;\">\u00a0<\/h2>\n<\/div>\n<\/div>\n","protected":false},"excerpt":{"rendered":"<p>(Offer: a dessert plate and Japanese tea or coffee \/\u00a0une assiette de desserts et du th\u00e9 ou du caf\u00e9 japonais) Sign up for this workshop S&#8217;inscrire \u00e0 ce cours * contact theMathaGreen\u00a0 Workshop Schedule Calendar<\/p>\n","protected":false},"author":1,"featured_media":13083,"parent":4300,"menu_order":0,"comment_status":"closed","ping_status":"closed","template":"","meta":{"footnotes":""},"categories":[337],"tags":[],"class_list":{"0":"post-17831","1":"page","2":"type-page","3":"status-publish","4":"has-post-thumbnail","6":"category-workshops"},"translation":{"provider":"WPGlobus","version":"3.0.2","language":"fr","enabled_languages":["en","fr"],"languages":{"en":{"title":true,"content":true,"excerpt":false},"fr":{"title":true,"content":true,"excerpt":false}}},"yoast_head":"<!-- This site is optimized with the Yoast SEO plugin v27.3 - https:\/\/yoast.com\/product\/yoast-seo-wordpress\/ -->\n<title>Japanese Home Cooking (Cuisine japonaise tous les jours) - theMatchaGreen<\/title>\n<meta name=\"robots\" content=\"index, follow, max-snippet:-1, max-image-preview:large, max-video-preview:-1\" \/>\n<link rel=\"canonical\" href=\"https:\/\/thematchagreen.com\/regular-workshops\/japanese-home-cooking\/\" \/>\n<meta property=\"og:locale\" content=\"fr_FR\" \/>\n<meta property=\"og:type\" content=\"article\" \/>\n<meta property=\"og:title\" content=\"Japanese Home Cooking (Cuisine japonaise tous les jours) - theMatchaGreen\" \/>\n<meta property=\"og:url\" content=\"https:\/\/thematchagreen.com\/regular-workshops\/japanese-home-cooking\/\" \/>\n<meta property=\"og:site_name\" content=\"theMatchaGreen\" \/>\n<meta property=\"article:publisher\" content=\"https:\/\/www.facebook.com\/thematchagreen\/?ref=aymt_homepage_panel\" \/>\n<meta property=\"article:modified_time\" content=\"2026-04-13T08:09:34+00:00\" \/>\n<meta property=\"og:image\" content=\"https:\/\/thematchagreen.com\/wp-content\/uploads\/2019\/02\/Intro-16pieces-e1630411108862.jpg\" \/>\n\t<meta property=\"og:image:width\" content=\"1000\" \/>\n\t<meta property=\"og:image:height\" content=\"1000\" \/>\n\t<meta property=\"og:image:type\" content=\"image\/jpeg\" \/>\n<meta name=\"twitter:card\" content=\"summary_large_image\" \/>\n<meta name=\"twitter:label1\" content=\"Est. reading time\" \/>\n\t<meta name=\"twitter:data1\" content=\"2 minutes\" \/>\n<script type=\"application\/ld+json\" class=\"yoast-schema-graph\">{\"@context\":\"https:\\\/\\\/schema.org\",\"@graph\":[{\"@type\":\"WebPage\",\"@id\":\"https:\\\/\\\/thematchagreen.com\\\/regular-workshops\\\/japanese-home-cooking\\\/\",\"url\":\"https:\\\/\\\/thematchagreen.com\\\/regular-workshops\\\/japanese-home-cooking\\\/\",\"name\":\"Japanese Home Cooking (Cuisine japonaise tous les jours) - theMatchaGreen\",\"isPartOf\":{\"@id\":\"https:\\\/\\\/thematchagreen.com\\\/#website\"},\"primaryImageOfPage\":{\"@id\":\"https:\\\/\\\/thematchagreen.com\\\/regular-workshops\\\/japanese-home-cooking\\\/#primaryimage\"},\"image\":{\"@id\":\"https:\\\/\\\/thematchagreen.com\\\/regular-workshops\\\/japanese-home-cooking\\\/#primaryimage\"},\"thumbnailUrl\":\"https:\\\/\\\/thematchagreen.com\\\/wp-content\\\/uploads\\\/2019\\\/02\\\/Intro-16pieces-e1630411108862.jpg\",\"datePublished\":\"2021-09-04T13:59:12+00:00\",\"dateModified\":\"2026-04-13T08:09:34+00:00\",\"breadcrumb\":{\"@id\":\"https:\\\/\\\/thematchagreen.com\\\/regular-workshops\\\/japanese-home-cooking\\\/#breadcrumb\"},\"inLanguage\":\"fr-FR\",\"potentialAction\":[{\"@type\":\"ReadAction\",\"target\":[\"https:\\\/\\\/thematchagreen.com\\\/regular-workshops\\\/japanese-home-cooking\\\/\"]}]},{\"@type\":\"ImageObject\",\"inLanguage\":\"fr-FR\",\"@id\":\"https:\\\/\\\/thematchagreen.com\\\/regular-workshops\\\/japanese-home-cooking\\\/#primaryimage\",\"url\":\"https:\\\/\\\/thematchagreen.com\\\/wp-content\\\/uploads\\\/2019\\\/02\\\/Intro-16pieces-e1630411108862.jpg\",\"contentUrl\":\"https:\\\/\\\/thematchagreen.com\\\/wp-content\\\/uploads\\\/2019\\\/02\\\/Intro-16pieces-e1630411108862.jpg\",\"width\":1000,\"height\":1000,\"caption\":\"Introduction to Japanese home cooking\"},{\"@type\":\"BreadcrumbList\",\"@id\":\"https:\\\/\\\/thematchagreen.com\\\/regular-workshops\\\/japanese-home-cooking\\\/#breadcrumb\",\"itemListElement\":[{\"@type\":\"ListItem\",\"position\":1,\"name\":\"Home\",\"item\":\"https:\\\/\\\/thematchagreen.com\\\/\"},{\"@type\":\"ListItem\",\"position\":2,\"name\":\"Regular Classes\",\"item\":\"https:\\\/\\\/thematchagreen.com\\\/regular-workshops\\\/\"},{\"@type\":\"ListItem\",\"position\":3,\"name\":\"Japanese Home Cooking \\\/ Cuisine Japonaise Tous les Jours\"}]},{\"@type\":\"WebSite\",\"@id\":\"https:\\\/\\\/thematchagreen.com\\\/#website\",\"url\":\"https:\\\/\\\/thematchagreen.com\\\/\",\"name\":\"theMatchaGreen\",\"description\":\"Japanese Cooking Classes in Canton Vaud\",\"publisher\":{\"@id\":\"https:\\\/\\\/thematchagreen.com\\\/#organization\"},\"potentialAction\":[{\"@type\":\"SearchAction\",\"target\":{\"@type\":\"EntryPoint\",\"urlTemplate\":\"https:\\\/\\\/thematchagreen.com\\\/?s={search_term_string}\"},\"query-input\":{\"@type\":\"PropertyValueSpecification\",\"valueRequired\":true,\"valueName\":\"search_term_string\"}}],\"inLanguage\":\"fr-FR\"},{\"@type\":\"Organization\",\"@id\":\"https:\\\/\\\/thematchagreen.com\\\/#organization\",\"name\":\"MatchaGreen\",\"url\":\"https:\\\/\\\/thematchagreen.com\\\/\",\"logo\":{\"@type\":\"ImageObject\",\"inLanguage\":\"fr-FR\",\"@id\":\"https:\\\/\\\/thematchagreen.com\\\/#\\\/schema\\\/logo\\\/image\\\/\",\"url\":\"https:\\\/\\\/thematchagreen.com\\\/wp-content\\\/uploads\\\/2019\\\/02\\\/test2-mg-banner-logo.png\",\"contentUrl\":\"https:\\\/\\\/thematchagreen.com\\\/wp-content\\\/uploads\\\/2019\\\/02\\\/test2-mg-banner-logo.png\",\"width\":800,\"height\":146,\"caption\":\"MatchaGreen\"},\"image\":{\"@id\":\"https:\\\/\\\/thematchagreen.com\\\/#\\\/schema\\\/logo\\\/image\\\/\"},\"sameAs\":[\"https:\\\/\\\/www.facebook.com\\\/thematchagreen\\\/?ref=aymt_homepage_panel\",\"https:\\\/\\\/www.instagram.com\\\/japanesecookingrecipesmatchagr\\\/\",\"https:\\\/\\\/www.pinterest.com\\\/thematchagreen\\\/\"]}]}<\/script>\n<!-- \/ Yoast SEO plugin. -->","yoast_head_json":{"title":"Japanese Home Cooking (Cuisine japonaise tous les jours) - theMatchaGreen","robots":{"index":"index","follow":"follow","max-snippet":"max-snippet:-1","max-image-preview":"max-image-preview:large","max-video-preview":"max-video-preview:-1"},"canonical":"https:\/\/thematchagreen.com\/regular-workshops\/japanese-home-cooking\/","og_locale":"fr_FR","og_type":"article","og_title":"Japanese Home Cooking (Cuisine japonaise tous les jours) - theMatchaGreen","og_url":"https:\/\/thematchagreen.com\/regular-workshops\/japanese-home-cooking\/","og_site_name":"theMatchaGreen","article_publisher":"https:\/\/www.facebook.com\/thematchagreen\/?ref=aymt_homepage_panel","article_modified_time":"2026-04-13T08:09:34+00:00","og_image":[{"width":1000,"height":1000,"url":"https:\/\/thematchagreen.com\/wp-content\/uploads\/2019\/02\/Intro-16pieces-e1630411108862.jpg","type":"image\/jpeg"}],"twitter_card":"summary_large_image","twitter_misc":{"Est. reading time":"2 minutes"},"schema":{"@context":"https:\/\/schema.org","@graph":[{"@type":"WebPage","@id":"https:\/\/thematchagreen.com\/regular-workshops\/japanese-home-cooking\/","url":"https:\/\/thematchagreen.com\/regular-workshops\/japanese-home-cooking\/","name":"Japanese Home Cooking (Cuisine japonaise tous les jours) - theMatchaGreen","isPartOf":{"@id":"https:\/\/thematchagreen.com\/#website"},"primaryImageOfPage":{"@id":"https:\/\/thematchagreen.com\/regular-workshops\/japanese-home-cooking\/#primaryimage"},"image":{"@id":"https:\/\/thematchagreen.com\/regular-workshops\/japanese-home-cooking\/#primaryimage"},"thumbnailUrl":"https:\/\/thematchagreen.com\/wp-content\/uploads\/2019\/02\/Intro-16pieces-e1630411108862.jpg","datePublished":"2021-09-04T13:59:12+00:00","dateModified":"2026-04-13T08:09:34+00:00","breadcrumb":{"@id":"https:\/\/thematchagreen.com\/regular-workshops\/japanese-home-cooking\/#breadcrumb"},"inLanguage":"fr-FR","potentialAction":[{"@type":"ReadAction","target":["https:\/\/thematchagreen.com\/regular-workshops\/japanese-home-cooking\/"]}]},{"@type":"ImageObject","inLanguage":"fr-FR","@id":"https:\/\/thematchagreen.com\/regular-workshops\/japanese-home-cooking\/#primaryimage","url":"https:\/\/thematchagreen.com\/wp-content\/uploads\/2019\/02\/Intro-16pieces-e1630411108862.jpg","contentUrl":"https:\/\/thematchagreen.com\/wp-content\/uploads\/2019\/02\/Intro-16pieces-e1630411108862.jpg","width":1000,"height":1000,"caption":"Introduction to Japanese home cooking"},{"@type":"BreadcrumbList","@id":"https:\/\/thematchagreen.com\/regular-workshops\/japanese-home-cooking\/#breadcrumb","itemListElement":[{"@type":"ListItem","position":1,"name":"Home","item":"https:\/\/thematchagreen.com\/"},{"@type":"ListItem","position":2,"name":"Regular Classes","item":"https:\/\/thematchagreen.com\/regular-workshops\/"},{"@type":"ListItem","position":3,"name":"Japanese Home Cooking \/ Cuisine Japonaise Tous les Jours"}]},{"@type":"WebSite","@id":"https:\/\/thematchagreen.com\/#website","url":"https:\/\/thematchagreen.com\/","name":"theMatchaGreen","description":"Japanese Cooking Classes in Canton Vaud","publisher":{"@id":"https:\/\/thematchagreen.com\/#organization"},"potentialAction":[{"@type":"SearchAction","target":{"@type":"EntryPoint","urlTemplate":"https:\/\/thematchagreen.com\/?s={search_term_string}"},"query-input":{"@type":"PropertyValueSpecification","valueRequired":true,"valueName":"search_term_string"}}],"inLanguage":"fr-FR"},{"@type":"Organization","@id":"https:\/\/thematchagreen.com\/#organization","name":"MatchaGreen","url":"https:\/\/thematchagreen.com\/","logo":{"@type":"ImageObject","inLanguage":"fr-FR","@id":"https:\/\/thematchagreen.com\/#\/schema\/logo\/image\/","url":"https:\/\/thematchagreen.com\/wp-content\/uploads\/2019\/02\/test2-mg-banner-logo.png","contentUrl":"https:\/\/thematchagreen.com\/wp-content\/uploads\/2019\/02\/test2-mg-banner-logo.png","width":800,"height":146,"caption":"MatchaGreen"},"image":{"@id":"https:\/\/thematchagreen.com\/#\/schema\/logo\/image\/"},"sameAs":["https:\/\/www.facebook.com\/thematchagreen\/?ref=aymt_homepage_panel","https:\/\/www.instagram.com\/japanesecookingrecipesmatchagr\/","https:\/\/www.pinterest.com\/thematchagreen\/"]}]}},"_links":{"self":[{"href":"https:\/\/thematchagreen.com\/fr\/wp-json\/wp\/v2\/pages\/17831","targetHints":{"allow":["GET"]}}],"collection":[{"href":"https:\/\/thematchagreen.com\/fr\/wp-json\/wp\/v2\/pages"}],"about":[{"href":"https:\/\/thematchagreen.com\/fr\/wp-json\/wp\/v2\/types\/page"}],"author":[{"embeddable":true,"href":"https:\/\/thematchagreen.com\/fr\/wp-json\/wp\/v2\/users\/1"}],"replies":[{"embeddable":true,"href":"https:\/\/thematchagreen.com\/fr\/wp-json\/wp\/v2\/comments?post=17831"}],"version-history":[{"count":44,"href":"https:\/\/thematchagreen.com\/fr\/wp-json\/wp\/v2\/pages\/17831\/revisions"}],"predecessor-version":[{"id":22562,"href":"https:\/\/thematchagreen.com\/fr\/wp-json\/wp\/v2\/pages\/17831\/revisions\/22562"}],"up":[{"embeddable":true,"href":"https:\/\/thematchagreen.com\/fr\/wp-json\/wp\/v2\/pages\/4300"}],"wp:featuredmedia":[{"embeddable":true,"href":"https:\/\/thematchagreen.com\/fr\/wp-json\/wp\/v2\/media\/13083"}],"wp:attachment":[{"href":"https:\/\/thematchagreen.com\/fr\/wp-json\/wp\/v2\/media?parent=17831"}],"wp:term":[{"taxonomy":"category","embeddable":true,"href":"https:\/\/thematchagreen.com\/fr\/wp-json\/wp\/v2\/categories?post=17831"},{"taxonomy":"post_tag","embeddable":true,"href":"https:\/\/thematchagreen.com\/fr\/wp-json\/wp\/v2\/tags?post=17831"}],"curies":[{"name":"wp","href":"https:\/\/api.w.org\/{rel}","templated":true}]}}