{"id":18443,"date":"2022-04-01T21:39:24","date_gmt":"2022-04-01T19:39:24","guid":{"rendered":"https:\/\/thematchagreen.com\/?page_id=18443"},"modified":"2025-07-15T13:39:32","modified_gmt":"2025-07-15T11:39:32","slug":"japanese-street-food","status":"publish","type":"page","link":"https:\/\/thematchagreen.com\/fr\/japanese-street-food\/","title":{"rendered":"Street Food Japonais"},"content":{"rendered":"<p style=\"text-align: center;\">Cour de Cuisine Japonais<\/p>\n<h1 style=\"text-align: center;\"><strong>Japanese Street Food<\/strong><\/h1>\n<p style=\"text-align: center;\"><strong>Okonomiyaki\u30fbYakisoba\u30fbYakitori \u30fbTakoyaki<\/strong><\/p>\n<p style=\"text-align: center;\">\u26a0\ufe0fA noter, ce cours ne peut pas prendre en compte les allergies alimentaires (en <strong>particulier le gluten<\/strong>).<\/p>\n<p><img fetchpriority=\"high\" decoding=\"async\" class=\"wp-image-18714 size-medium aligncenter\" src=\"https:\/\/thematchagreen.com\/wp-content\/uploads\/2022\/08\/Street-Food-\u9577\u65b9\u5f62\uff12\u3000\u305f\u3053\u713c\u304d-e1661351027617-500x282.jpeg\" alt=\"Street food \" width=\"500\" height=\"282\" srcset=\"https:\/\/thematchagreen.com\/wp-content\/uploads\/2022\/08\/Street-Food-\u9577\u65b9\u5f62\uff12\u3000\u305f\u3053\u713c\u304d-e1661351027617-500x282.jpeg 500w, https:\/\/thematchagreen.com\/wp-content\/uploads\/2022\/08\/Street-Food-\u9577\u65b9\u5f62\uff12\u3000\u305f\u3053\u713c\u304d-e1661351027617.jpeg 1000w\" sizes=\"(max-width: 500px) 100vw, 500px\" \/><\/p>\n<p>Dans ce cours de cuisine, vous pouvez apprendre les &#8220;Street food&#8221; japonais.<\/p>\n<p>Aimez-vous les galettes? Alors vous allez adorer l&#8217;<strong>Okonomiyaki<\/strong>! L\u2019Okonomiyaki est une galette du style japonais avec du chou, servie avec une sauce japonaise sp\u00e9ciale, de la mayonnaise, des bonites sec en tr\u00e8s fines tranches\u00a0<span id=\"result_box\" class=\"short_text\" lang=\"fr\">et des algues de \u201caonori\/aosa\u201d.<\/span><\/p>\n<p><span id=\"result_box\" class=\"short_text\" lang=\"fr\">Le <strong>Yakisoba<\/strong> est un plat de nouilles saut\u00e9es \u00e0 la japonaise avec du porc et des l\u00e9gumes tels que le chou et les oignons, assaisonn\u00e9 de sauce japonaise. Certains sont assaisonn\u00e9s uniquement avec du sel.<\/span><\/p>\n<p class=\"Standard\"><span lang=\"FR-CH\">Le <strong>Yakitori<\/strong> <\/span><span lang=\"FR-CH\">est un &#8220;street food&#8221; japonaise\u00a0populaire. Ces sont des brochettes de style japonaises. Il existe plusieurs types diff\u00e9rents de <strong>Yakitori<\/strong><i>, <\/i>et le plus connus est le\u00a0poulet et l&#8217;oignon de printemps. Le <strong>Yakitori<\/strong> est servi avec un&#8221;\u00a0&#8220;tare (sauce en japonais)&#8221;, sucr\u00e9 et sal\u00e9, ou simplement avec du sel.<\/span><\/p>\n<h2>Japanese Street Food : CHF120p.p.<\/h2>\n<ul>\n<li><strong><b>Okonomiyaki de style Osaka<\/b><\/strong> (galette japonais avec chou)<\/li>\n<li><strong><span id=\"result_box\" class=\"short_text\" lang=\"fr\">Le Yakisoba<\/span><\/strong><span id=\"result_box\" class=\"short_text\" lang=\"fr\"> (plat de nouilles saut\u00e9es \u00e0 la japonaise)<\/span><\/li>\n<li><strong>Yakitori <\/strong>(<span lang=\"FR-CH\">Brochette de poulet de style japonais)<\/span><\/li>\n<li><strong>Takoyaki\u00a0<\/strong>(Snack japonais en forme de petite boule)<\/li>\n<\/ul>\n<p>* Un dessert fait maison est offer.<\/p>\n<h3 style=\"text-align: center;\"><a href=\"https:\/\/thematchagreen.com\/sign-up-for-workshop\/\" target=\"_blank\" rel=\"noopener noreferrer\">Sign up for the class \/ S&#8217;inscrire au cours<\/a><\/h3>\n<h3 style=\"text-align: center;\"><a href=\"https:\/\/thematchagreen.com\/contact-matchagreen\/\" target=\"_blank\" rel=\"noopener noreferrer\">Contact theMatchaGreen<\/a><\/h3>\n<p style=\"text-align: center;\"><a href=\"https:\/\/thematchagreen.com\/fr\/horaire\/\" target=\"_blank\" rel=\"noopener\">Calendar de Cours de Cuisine Japonaise<\/a><\/p>\n","protected":false},"excerpt":{"rendered":"<p>Cour de Cuisine Japonais Japanese Street Food Okonomiyaki\u30fbYakisoba\u30fbYakitori \u30fbTakoyaki \u26a0\ufe0fA noter, ce cours ne peut pas prendre en compte les allergies alimentaires (en particulier le gluten). Dans ce cours de cuisine, vous pouvez apprendre les &#8220;Street food&#8221; japonais. Aimez-vous les galettes? Alors vous allez adorer l&#8217;Okonomiyaki! L\u2019Okonomiyaki est une galette du style japonais avec du [&hellip;]<\/p>\n","protected":false},"author":1,"featured_media":18466,"parent":0,"menu_order":0,"comment_status":"closed","ping_status":"closed","template":"","meta":{"footnotes":""},"categories":[337],"tags":[],"class_list":{"0":"post-18443","1":"page","2":"type-page","3":"status-publish","4":"has-post-thumbnail","6":"category-workshops"},"translation":{"provider":"WPGlobus","version":"3.0.2","language":"fr","enabled_languages":["en","fr"],"languages":{"en":{"title":true,"content":true,"excerpt":false},"fr":{"title":true,"content":true,"excerpt":false}}},"yoast_head":"<!-- This site is optimized with the Yoast SEO plugin v27.3 - https:\/\/yoast.com\/product\/yoast-seo-wordpress\/ -->\n<title>Street Food Japonais - theMatchaGreen<\/title>\n<meta name=\"robots\" content=\"index, follow, max-snippet:-1, max-image-preview:large, max-video-preview:-1\" \/>\n<link rel=\"canonical\" href=\"https:\/\/thematchagreen.com\/japanese-street-food\/\" \/>\n<meta property=\"og:locale\" content=\"fr_FR\" \/>\n<meta property=\"og:type\" content=\"article\" \/>\n<meta property=\"og:title\" content=\"Street Food Japonais - theMatchaGreen\" \/>\n<meta property=\"og:url\" content=\"https:\/\/thematchagreen.com\/japanese-street-food\/\" \/>\n<meta property=\"og:site_name\" content=\"theMatchaGreen\" \/>\n<meta property=\"article:publisher\" content=\"https:\/\/www.facebook.com\/thematchagreen\/?ref=aymt_homepage_panel\" \/>\n<meta property=\"article:modified_time\" content=\"2025-07-15T11:39:32+00:00\" \/>\n<meta property=\"og:image\" content=\"https:\/\/thematchagreen.com\/wp-content\/uploads\/2022\/04\/Street-Food-\u9577\u65b9\u5f62\uff12-e1648981332739.jpeg\" \/>\n\t<meta property=\"og:image:width\" content=\"1000\" \/>\n\t<meta property=\"og:image:height\" content=\"750\" \/>\n\t<meta property=\"og:image:type\" content=\"image\/jpeg\" \/>\n<meta name=\"twitter:card\" content=\"summary_large_image\" \/>\n<meta name=\"twitter:label1\" content=\"Est. reading time\" \/>\n\t<meta name=\"twitter:data1\" content=\"2 minutes\" \/>\n<script type=\"application\/ld+json\" class=\"yoast-schema-graph\">{\"@context\":\"https:\\\/\\\/schema.org\",\"@graph\":[{\"@type\":\"WebPage\",\"@id\":\"https:\\\/\\\/thematchagreen.com\\\/japanese-street-food\\\/\",\"url\":\"https:\\\/\\\/thematchagreen.com\\\/japanese-street-food\\\/\",\"name\":\"Street Food Japonais - theMatchaGreen\",\"isPartOf\":{\"@id\":\"https:\\\/\\\/thematchagreen.com\\\/#website\"},\"primaryImageOfPage\":{\"@id\":\"https:\\\/\\\/thematchagreen.com\\\/japanese-street-food\\\/#primaryimage\"},\"image\":{\"@id\":\"https:\\\/\\\/thematchagreen.com\\\/japanese-street-food\\\/#primaryimage\"},\"thumbnailUrl\":\"https:\\\/\\\/thematchagreen.com\\\/wp-content\\\/uploads\\\/2022\\\/04\\\/Street-Food-\u9577\u65b9\u5f62\uff12-e1648981332739.jpeg\",\"datePublished\":\"2022-04-01T19:39:24+00:00\",\"dateModified\":\"2025-07-15T11:39:32+00:00\",\"breadcrumb\":{\"@id\":\"https:\\\/\\\/thematchagreen.com\\\/japanese-street-food\\\/#breadcrumb\"},\"inLanguage\":\"fr-FR\",\"potentialAction\":[{\"@type\":\"ReadAction\",\"target\":[\"https:\\\/\\\/thematchagreen.com\\\/japanese-street-food\\\/\"]}]},{\"@type\":\"ImageObject\",\"inLanguage\":\"fr-FR\",\"@id\":\"https:\\\/\\\/thematchagreen.com\\\/japanese-street-food\\\/#primaryimage\",\"url\":\"https:\\\/\\\/thematchagreen.com\\\/wp-content\\\/uploads\\\/2022\\\/04\\\/Street-Food-\u9577\u65b9\u5f62\uff12-e1648981332739.jpeg\",\"contentUrl\":\"https:\\\/\\\/thematchagreen.com\\\/wp-content\\\/uploads\\\/2022\\\/04\\\/Street-Food-\u9577\u65b9\u5f62\uff12-e1648981332739.jpeg\",\"width\":1000,\"height\":750},{\"@type\":\"BreadcrumbList\",\"@id\":\"https:\\\/\\\/thematchagreen.com\\\/japanese-street-food\\\/#breadcrumb\",\"itemListElement\":[{\"@type\":\"ListItem\",\"position\":1,\"name\":\"Home\",\"item\":\"https:\\\/\\\/thematchagreen.com\\\/\"},{\"@type\":\"ListItem\",\"position\":2,\"name\":\"Japanese Street Food\"}]},{\"@type\":\"WebSite\",\"@id\":\"https:\\\/\\\/thematchagreen.com\\\/#website\",\"url\":\"https:\\\/\\\/thematchagreen.com\\\/\",\"name\":\"theMatchaGreen\",\"description\":\"Japanese Cooking Classes in Canton Vaud\",\"publisher\":{\"@id\":\"https:\\\/\\\/thematchagreen.com\\\/#organization\"},\"potentialAction\":[{\"@type\":\"SearchAction\",\"target\":{\"@type\":\"EntryPoint\",\"urlTemplate\":\"https:\\\/\\\/thematchagreen.com\\\/?s={search_term_string}\"},\"query-input\":{\"@type\":\"PropertyValueSpecification\",\"valueRequired\":true,\"valueName\":\"search_term_string\"}}],\"inLanguage\":\"fr-FR\"},{\"@type\":\"Organization\",\"@id\":\"https:\\\/\\\/thematchagreen.com\\\/#organization\",\"name\":\"MatchaGreen\",\"url\":\"https:\\\/\\\/thematchagreen.com\\\/\",\"logo\":{\"@type\":\"ImageObject\",\"inLanguage\":\"fr-FR\",\"@id\":\"https:\\\/\\\/thematchagreen.com\\\/#\\\/schema\\\/logo\\\/image\\\/\",\"url\":\"https:\\\/\\\/thematchagreen.com\\\/wp-content\\\/uploads\\\/2019\\\/02\\\/test2-mg-banner-logo.png\",\"contentUrl\":\"https:\\\/\\\/thematchagreen.com\\\/wp-content\\\/uploads\\\/2019\\\/02\\\/test2-mg-banner-logo.png\",\"width\":800,\"height\":146,\"caption\":\"MatchaGreen\"},\"image\":{\"@id\":\"https:\\\/\\\/thematchagreen.com\\\/#\\\/schema\\\/logo\\\/image\\\/\"},\"sameAs\":[\"https:\\\/\\\/www.facebook.com\\\/thematchagreen\\\/?ref=aymt_homepage_panel\",\"https:\\\/\\\/www.instagram.com\\\/japanesecookingrecipesmatchagr\\\/\",\"https:\\\/\\\/www.pinterest.com\\\/thematchagreen\\\/\"]}]}<\/script>\n<!-- \/ Yoast SEO plugin. -->","yoast_head_json":{"title":"Street Food Japonais - theMatchaGreen","robots":{"index":"index","follow":"follow","max-snippet":"max-snippet:-1","max-image-preview":"max-image-preview:large","max-video-preview":"max-video-preview:-1"},"canonical":"https:\/\/thematchagreen.com\/japanese-street-food\/","og_locale":"fr_FR","og_type":"article","og_title":"Street Food Japonais - theMatchaGreen","og_url":"https:\/\/thematchagreen.com\/japanese-street-food\/","og_site_name":"theMatchaGreen","article_publisher":"https:\/\/www.facebook.com\/thematchagreen\/?ref=aymt_homepage_panel","article_modified_time":"2025-07-15T11:39:32+00:00","og_image":[{"width":1000,"height":750,"url":"https:\/\/thematchagreen.com\/wp-content\/uploads\/2022\/04\/Street-Food-\u9577\u65b9\u5f62\uff12-e1648981332739.jpeg","type":"image\/jpeg"}],"twitter_card":"summary_large_image","twitter_misc":{"Est. reading time":"2 minutes"},"schema":{"@context":"https:\/\/schema.org","@graph":[{"@type":"WebPage","@id":"https:\/\/thematchagreen.com\/japanese-street-food\/","url":"https:\/\/thematchagreen.com\/japanese-street-food\/","name":"Street Food Japonais - theMatchaGreen","isPartOf":{"@id":"https:\/\/thematchagreen.com\/#website"},"primaryImageOfPage":{"@id":"https:\/\/thematchagreen.com\/japanese-street-food\/#primaryimage"},"image":{"@id":"https:\/\/thematchagreen.com\/japanese-street-food\/#primaryimage"},"thumbnailUrl":"https:\/\/thematchagreen.com\/wp-content\/uploads\/2022\/04\/Street-Food-\u9577\u65b9\u5f62\uff12-e1648981332739.jpeg","datePublished":"2022-04-01T19:39:24+00:00","dateModified":"2025-07-15T11:39:32+00:00","breadcrumb":{"@id":"https:\/\/thematchagreen.com\/japanese-street-food\/#breadcrumb"},"inLanguage":"fr-FR","potentialAction":[{"@type":"ReadAction","target":["https:\/\/thematchagreen.com\/japanese-street-food\/"]}]},{"@type":"ImageObject","inLanguage":"fr-FR","@id":"https:\/\/thematchagreen.com\/japanese-street-food\/#primaryimage","url":"https:\/\/thematchagreen.com\/wp-content\/uploads\/2022\/04\/Street-Food-\u9577\u65b9\u5f62\uff12-e1648981332739.jpeg","contentUrl":"https:\/\/thematchagreen.com\/wp-content\/uploads\/2022\/04\/Street-Food-\u9577\u65b9\u5f62\uff12-e1648981332739.jpeg","width":1000,"height":750},{"@type":"BreadcrumbList","@id":"https:\/\/thematchagreen.com\/japanese-street-food\/#breadcrumb","itemListElement":[{"@type":"ListItem","position":1,"name":"Home","item":"https:\/\/thematchagreen.com\/"},{"@type":"ListItem","position":2,"name":"Japanese Street Food"}]},{"@type":"WebSite","@id":"https:\/\/thematchagreen.com\/#website","url":"https:\/\/thematchagreen.com\/","name":"theMatchaGreen","description":"Japanese Cooking Classes in Canton Vaud","publisher":{"@id":"https:\/\/thematchagreen.com\/#organization"},"potentialAction":[{"@type":"SearchAction","target":{"@type":"EntryPoint","urlTemplate":"https:\/\/thematchagreen.com\/?s={search_term_string}"},"query-input":{"@type":"PropertyValueSpecification","valueRequired":true,"valueName":"search_term_string"}}],"inLanguage":"fr-FR"},{"@type":"Organization","@id":"https:\/\/thematchagreen.com\/#organization","name":"MatchaGreen","url":"https:\/\/thematchagreen.com\/","logo":{"@type":"ImageObject","inLanguage":"fr-FR","@id":"https:\/\/thematchagreen.com\/#\/schema\/logo\/image\/","url":"https:\/\/thematchagreen.com\/wp-content\/uploads\/2019\/02\/test2-mg-banner-logo.png","contentUrl":"https:\/\/thematchagreen.com\/wp-content\/uploads\/2019\/02\/test2-mg-banner-logo.png","width":800,"height":146,"caption":"MatchaGreen"},"image":{"@id":"https:\/\/thematchagreen.com\/#\/schema\/logo\/image\/"},"sameAs":["https:\/\/www.facebook.com\/thematchagreen\/?ref=aymt_homepage_panel","https:\/\/www.instagram.com\/japanesecookingrecipesmatchagr\/","https:\/\/www.pinterest.com\/thematchagreen\/"]}]}},"_links":{"self":[{"href":"https:\/\/thematchagreen.com\/fr\/wp-json\/wp\/v2\/pages\/18443","targetHints":{"allow":["GET"]}}],"collection":[{"href":"https:\/\/thematchagreen.com\/fr\/wp-json\/wp\/v2\/pages"}],"about":[{"href":"https:\/\/thematchagreen.com\/fr\/wp-json\/wp\/v2\/types\/page"}],"author":[{"embeddable":true,"href":"https:\/\/thematchagreen.com\/fr\/wp-json\/wp\/v2\/users\/1"}],"replies":[{"embeddable":true,"href":"https:\/\/thematchagreen.com\/fr\/wp-json\/wp\/v2\/comments?post=18443"}],"version-history":[{"count":2,"href":"https:\/\/thematchagreen.com\/fr\/wp-json\/wp\/v2\/pages\/18443\/revisions"}],"predecessor-version":[{"id":22035,"href":"https:\/\/thematchagreen.com\/fr\/wp-json\/wp\/v2\/pages\/18443\/revisions\/22035"}],"wp:featuredmedia":[{"embeddable":true,"href":"https:\/\/thematchagreen.com\/fr\/wp-json\/wp\/v2\/media\/18466"}],"wp:attachment":[{"href":"https:\/\/thematchagreen.com\/fr\/wp-json\/wp\/v2\/media?parent=18443"}],"wp:term":[{"taxonomy":"category","embeddable":true,"href":"https:\/\/thematchagreen.com\/fr\/wp-json\/wp\/v2\/categories?post=18443"},{"taxonomy":"post_tag","embeddable":true,"href":"https:\/\/thematchagreen.com\/fr\/wp-json\/wp\/v2\/tags?post=18443"}],"curies":[{"name":"wp","href":"https:\/\/api.w.org\/{rel}","templated":true}]}}