{"id":20536,"date":"2024-06-08T10:59:20","date_gmt":"2024-06-08T08:59:20","guid":{"rendered":"https:\/\/thematchagreen.com\/?page_id=20536"},"modified":"2024-06-08T11:01:08","modified_gmt":"2024-06-08T09:01:08","slug":"sign-up-for-food-shopping-tour-sinscrire-a-la-tournee-des-magasins-dalimentation","status":"publish","type":"page","link":"https:\/\/thematchagreen.com\/fr\/sign-up-for-food-shopping-tour-sinscrire-a-la-tournee-des-magasins-dalimentation\/","title":{"rendered":"Sign up for food shopping tour \/ S&#8217;inscrire \u00e0 la tourn\u00e9e des magasins d&#8217;alimentation"},"content":{"rendered":"<div class=\"ufbl-form-wrapper ufbl-default-template\" style=\"width:100%;\">\r\n    <form method=\"post\" action=\"\" class=\"ufbl-front-form\">\r\n\t\t<div class=\"ufbl-form-title\">Sign up for food shopping tour \/ S&#039;inscrire \u00e0 la tourn\u00e9e des magasins d&#039;alimentation<\/div>\t\t\t\t<input type=\"hidden\" name=\"form_id\" value=\"0\" class=\"form-id\"\/>\r\n\t\t\t\t\t\t\t\t<div class=\"ufbl-form-field-wrap \" >\r\n\t\t\t\t\t\t\t<label>Nom et pr\u00e9nom du repr\u00e9sentant \/ Full name of representative<\/label>\r\n\t\t\t\t\t\t\t<div class=\"ufbl-form-field\">\r\n\t\t\t\t\t\t\t\t<input type=\"text\" name=\"ufbl_field_1\" class=\"ufbl-form-textfield ufbl-required\" data-max-chars=\"\" data-min-chars=\"\" data-error-message=\"\" placeholder=\"\" value=\"\"\/>\r\n\t\t\t\t\t\t\t\t<div class=\"ufbl-error\"  data-error-key=\"ufbl_field_1\"><\/div>\r\n\t\t\t\t\t\t\t<\/div>\r\n\t\t\t\t\t\t<\/div>\r\n\t\t\t\t\t\t\t\t\t\t\t\t<div class=\"ufbl-form-field-wrap \" >\r\n\t\t\t\t\t\t\t<label>Email<\/label>\r\n\t\t\t\t\t\t\t<div class=\"ufbl-form-field\">\r\n\t\t\t\t\t\t\t\t<input type=\"text\" name=\"ufbl_field_2\" class=\"ufbl-form-textfield ufbl-required\" data-max-chars=\"\" data-min-chars=\"\" data-error-message=\"\" placeholder=\"\" value=\"\"\/>\r\n\t\t\t\t\t\t\t\t<div class=\"ufbl-error\"  data-error-key=\"ufbl_field_2\"><\/div>\r\n\t\t\t\t\t\t\t<\/div>\r\n\t\t\t\t\t\t<\/div>\r\n\t\t\t\t\t\t\t\t\t\t\t\t<div class=\"ufbl-form-field-wrap \" >\r\n\t\t\t\t\t\t\t<label>Mobile phone number (including country code.) \/ Num\u00e9ro de t\u00e9l\u00e9phone mobile (y compris l&#039;indicatif du pays.)<\/label>\r\n\t\t\t\t\t\t\t<div class=\"ufbl-form-field\">\r\n\t\t\t\t\t\t\t\t<input type=\"text\" name=\"ufbl_field_14\" class=\"ufbl-form-textfield ufbl-required\" data-max-chars=\"\" data-min-chars=\"\" data-error-message=\"\" placeholder=\"\" value=\"\"\/>\r\n\t\t\t\t\t\t\t\t<div class=\"ufbl-error\"  data-error-key=\"ufbl_field_14\"><\/div>\r\n\t\t\t\t\t\t\t<\/div>\r\n\t\t\t\t\t\t<\/div>\r\n\t\t\t\t\t\t\t\t\t\t\t\t<div class=\"ufbl-form-field-wrap \" >\r\n\t\t\t\t\t\t\t<label>Number of participants \/ Nombre de participants<\/label>\r\n\t\t\t\t\t\t\t<div class=\"ufbl-form-field\">\r\n\t\t\t\t\t\t\t\t<input type=\"number\" name=\"ufbl_field_4\" class=\"ufbl-number-field ufbl-required\" data-error-message=\"If there are more than 4 persons and children under 12 years old, please indicate this in the message box. \/ S&#039;il y a plus de 4 personnes et des enfants de moins de 12 ans, veuillez l&#039;indiquer dans la bo\u00eete de message.\" placeholder=\"\" value=\"\" data-max-chars=\"4\" data-min-chars=\"1\"\/>\r\n\t\t\t\t\t\t\t\t<div class=\"ufbl-error\" data-error-key=\"ufbl_field_4\"><\/div>\r\n\t\t\t\t\t\t\t<\/div>\r\n\t\t\t\t\t\t<\/div>\r\n\t\t\t\t\t\t\t\t\t\t\t\t<div class=\"ufbl-form-field-wrap \" >\r\n\t\t\t\t\t\t\t<label>Shop of your choice \/ Magasin de votre choix<\/label>\r\n\t\t\t\t\t\t\t<div class=\"ufbl-form-field\">\r\n\t\t\t\t\t\t\t\t\t\t\t\t\t\t\t\t\t\t<div class=\"ufbl-sub-field-wrap\"><input type=\"radio\" value=\"A: Ito-yokado Omori (large supermarket chains)\" name=\"ufbl_field_7\" class=\"ufbl-form-radio ufbl-required\" id=\"0-ufbl_field_7-0\"\/><label for=\"0-ufbl_field_7-0\">A: Ito-yokado Omori (large supermarket chains)<\/label><\/div>\r\n\t\t\t\t\t\t\t\t\t\t\t\t\t\t\t\t\t\t\t\t<div class=\"ufbl-sub-field-wrap\"><input type=\"radio\" value=\"B: Atr\u00e9 Omori (in station building)\" name=\"ufbl_field_7\" class=\"ufbl-form-radio ufbl-required\" id=\"0-ufbl_field_7-1\"\/><label for=\"0-ufbl_field_7-1\">B: Atr\u00e9 Omori (in station building)<\/label><\/div>\r\n\t\t\t\t\t\t\t\t\t\t\t\t\t\t\t\t\t\t<div class=\"ufbl-error\"  data-error-key=\"ufbl_field_7\"><\/div>\r\n\t\t\t\t\t\t\t<\/div>\r\n\t\t\t\t\t\t<\/div>\r\n\t\t\t\t\t\t\t\t\t\t\t\t<div class=\"ufbl-form-field-wrap \" >\r\n\t\t\t\t\t\t\t<label>Your prefer language \/ Votre langue pr\u00e9f\u00e9r\u00e9e<\/label>\r\n\t\t\t\t\t\t\t<div class=\"ufbl-form-field\">\r\n\t\t\t\t\t\t\t\t\t\t\t\t\t\t\t\t\t\t<div class=\"ufbl-sub-field-wrap\"><input type=\"radio\" value=\"English\" name=\"ufbl_field_11\" class=\"ufbl-form-radio ufbl-required\" id=\"0-ufbl_field_11-0\"\/><label for=\"0-ufbl_field_11-0\">English<\/label><\/div>\r\n\t\t\t\t\t\t\t\t\t\t\t\t\t\t\t\t\t\t\t\t<div class=\"ufbl-sub-field-wrap\"><input type=\"radio\" value=\"Fran\u00e7ais\" name=\"ufbl_field_11\" class=\"ufbl-form-radio ufbl-required\" id=\"0-ufbl_field_11-1\"\/><label for=\"0-ufbl_field_11-1\">Fran\u00e7ais<\/label><\/div>\r\n\t\t\t\t\t\t\t\t\t\t\t\t\t\t\t\t\t\t<div class=\"ufbl-error\"  data-error-key=\"ufbl_field_11\"><\/div>\r\n\t\t\t\t\t\t\t<\/div>\r\n\t\t\t\t\t\t<\/div>\r\n\t\t\t\t\t\t\t\t\t\t\t\t<div class=\"ufbl-form-field-wrap \" >\r\n\t\t\t\t\t\t\t<label>Date souhait\u00e9e \/ Preferred date<\/label>\r\n\t\t\t\t\t\t\t<div class=\"ufbl-form-field\">\r\n\t\t\t\t\t\t\t\t\t\t\t\t\t\t\t\t\t\t<div class=\"ufbl-sub-field-wrap\"><input type=\"radio\" value=\"25.06.2024 (Tue\/mar)\" name=\"ufbl_field_13\" class=\"ufbl-form-radio ufbl-required\" id=\"0-ufbl_field_13-0\"\/><label for=\"0-ufbl_field_13-0\">25.06.2024 (Tue\/mar)<\/label><\/div>\r\n\t\t\t\t\t\t\t\t\t\t\t\t\t\t\t\t\t\t\t\t<div class=\"ufbl-sub-field-wrap\"><input type=\"radio\" value=\"26.06.2024 (Wed\/mer)\" name=\"ufbl_field_13\" class=\"ufbl-form-radio ufbl-required\" id=\"0-ufbl_field_13-1\"\/><label for=\"0-ufbl_field_13-1\">26.06.2024 (Wed\/mer)<\/label><\/div>\r\n\t\t\t\t\t\t\t\t\t\t\t\t\t\t\t\t\t\t\t\t<div class=\"ufbl-sub-field-wrap\"><input type=\"radio\" value=\"28.06.2024 (Fri\/ven)\" name=\"ufbl_field_13\" class=\"ufbl-form-radio ufbl-required\" id=\"0-ufbl_field_13-2\"\/><label for=\"0-ufbl_field_13-2\">28.06.2024 (Fri\/ven)<\/label><\/div>\r\n\t\t\t\t\t\t\t\t\t\t\t\t\t\t\t\t\t\t\t\t<div class=\"ufbl-sub-field-wrap\"><input type=\"radio\" value=\"01.07.2024 (Mon\/lun)\" name=\"ufbl_field_13\" class=\"ufbl-form-radio ufbl-required\" id=\"0-ufbl_field_13-3\"\/><label for=\"0-ufbl_field_13-3\">01.07.2024 (Mon\/lun)<\/label><\/div>\r\n\t\t\t\t\t\t\t\t\t\t\t\t\t\t\t\t\t\t\t\t<div class=\"ufbl-sub-field-wrap\"><input type=\"radio\" value=\"02.07.2024 (Tue\/mar)\" name=\"ufbl_field_13\" class=\"ufbl-form-radio ufbl-required\" id=\"0-ufbl_field_13-4\"\/><label for=\"0-ufbl_field_13-4\">02.07.2024 (Tue\/mar)<\/label><\/div>\r\n\t\t\t\t\t\t\t\t\t\t\t\t\t\t\t\t\t\t\t\t<div class=\"ufbl-sub-field-wrap\"><input type=\"radio\" value=\"03.07.2024 (Wed\/mer)\" name=\"ufbl_field_13\" class=\"ufbl-form-radio ufbl-required\" id=\"0-ufbl_field_13-5\"\/><label for=\"0-ufbl_field_13-5\">03.07.2024 (Wed\/mer)<\/label><\/div>\r\n\t\t\t\t\t\t\t\t\t\t\t\t\t\t\t\t\t\t\t\t<div class=\"ufbl-sub-field-wrap\"><input type=\"radio\" value=\"04.07.2024 (Thu\/jeu)\" name=\"ufbl_field_13\" class=\"ufbl-form-radio ufbl-required\" id=\"0-ufbl_field_13-6\"\/><label for=\"0-ufbl_field_13-6\">04.07.2024 (Thu\/jeu)<\/label><\/div>\r\n\t\t\t\t\t\t\t\t\t\t\t\t\t\t\t\t\t\t\t\t<div class=\"ufbl-sub-field-wrap\"><input type=\"radio\" value=\"05.07.2024 (Fri\/ven)\" name=\"ufbl_field_13\" class=\"ufbl-form-radio ufbl-required\" id=\"0-ufbl_field_13-7\"\/><label for=\"0-ufbl_field_13-7\">05.07.2024 (Fri\/ven)<\/label><\/div>\r\n\t\t\t\t\t\t\t\t\t\t\t\t\t\t\t\t\t\t<div class=\"ufbl-error\"  data-error-key=\"ufbl_field_13\"><\/div>\r\n\t\t\t\t\t\t\t<\/div>\r\n\t\t\t\t\t\t<\/div>\r\n\t\t\t\t\t\t\t\t\t\t\t\t<div class=\"ufbl-form-field-wrap \" >\r\n\t\t\t\t\t\t\t<label>Meeting time<\/label>\r\n\t\t\t\t\t\t\t<div class=\"ufbl-form-field\">\r\n\t\t\t\t\t\t\t\t<select name=\"ufbl_field_17\" class=\"ufbl-form-dropdown ufbl-required\" >\r\n\t\t\t\t\t\t\t\t\t\t\t\t\t\t\t\t\t\t\t\t<option value=\"10h\">10h<\/option>\r\n\t\t\t\t\t\t\t\t\t\t\t\t\t\t\t\t\t\t\t\t\t\t<option value=\"10h30\">10h30<\/option>\r\n\t\t\t\t\t\t\t\t\t\t\t\t\t\t\t\t\t\t\t\t\t\t<option value=\"11h\">11h<\/option>\r\n\t\t\t\t\t\t\t\t\t\t\t\t\t\t\t\t\t\t\t\t\t\t<option value=\"1130\">11h30<\/option>\r\n\t\t\t\t\t\t\t\t\t\t\t\t\t\t\t\t\t\t\t\t\t\t<option value=\"12h\">12h<\/option>\r\n\t\t\t\t\t\t\t\t\t\t\t\t\t\t\t\t\t\t\t\t\t\t<option value=\"12h30\">12h30<\/option>\r\n\t\t\t\t\t\t\t\t\t\t\t\t\t\t\t\t\t\t\t\t\t\t<option value=\"13h\">13h<\/option>\r\n\t\t\t\t\t\t\t\t\t\t\t\t\t\t\t\t\t\t\t\t\t\t<option value=\"13h30\">13h30<\/option>\r\n\t\t\t\t\t\t\t\t\t\t\t\t\t\t\t\t\t\t\t\t\t\t<option value=\"14h\">14h<\/option>\r\n\t\t\t\t\t\t\t\t\t\t\t\t\t\t\t\t\t\t\t\t\t\t<option value=\"14h30\">14h30<\/option>\r\n\t\t\t\t\t\t\t\t\t\t\t\t\t\t\t\t\t\t\t\t\t\t<option value=\"15h\">15h<\/option>\r\n\t\t\t\t\t\t\t\t\t\t\t\t\t\t\t\t\t\t\t<\/select>\r\n\r\n\t\t\t\t\t\t\t\t<div class=\"ufbl-error\" data-error-key=\"ufbl_field_17\"><\/div>\r\n\t\t\t\t\t\t\t<\/div>\r\n\t\t\t\t\t\t<\/div>\r\n\t\t\t\t\t\t\t\t\t\t\t\t<div class=\"ufbl-form-field-wrap \" >\r\n\t\t\t\t\t\t\t<label>Message, question ou demande \/ Message, questions, request.<\/label>\r\n\t\t\t\t\t\t\t<div class=\"ufbl-form-field\">\r\n\t\t\t\t\t\t\t\t<textarea name=\"ufbl_field_15\" class=\"ufbl-form-textarea \" data-max-chars=\"\" data-min-chars=\"\" data-error-message=\"\" rows=\"5\" cols=\"10\" placeholder=\"\"><\/textarea>\r\n\t\t\t\t\t\t\t\t<div class=\"ufbl-error\"  data-error-key=\"ufbl_field_15\"><\/div>\r\n\t\t\t\t\t\t\t<\/div>\r\n\t\t\t\t\t\t<\/div>\r\n\t\t\t\t\t\t\t\t\t\t\t\t<div class=\"ufbl-form-field-wrap \" >\r\n\t\t\t\t\t\t\t<div class=\"ufbl-form-field\">\r\n\t\t\t\t\t\t\t\t<input type=\"submit\" class=\"ufbl-form-submit\" name=\"ufbl_field_3\" value=\"Submit (Veuillez v\u00e9rifier \u00e0 nouveau que vos coordonn\u00e9es sont correctes. \/ Please check again that your contact details are correct.)\"\/>\r\n\t\t\t\t\t\t\t\t\t\t\t\t\t\t\t\t<span class=\"ufbl-form-loader\" style=\"display:none\"><\/span>\r\n\t\t\t\t\t\t\t<\/div>\r\n\t\t\t\t\t\t<\/div>\r\n\t\t\t\t\t\t\t\t<div class=\"ufbl-form-message\" style=\"display: none;\"><\/div>\r\n\r\n\t\t\t<\/form>\r\n\r\n<\/div>\r\n\r\n\n\n\n\n<p><\/p>\n","protected":false},"excerpt":{"rendered":"Sign up for food shopping tour \/ S&#039;inscrire \u00e0 la tourn\u00e9e des magasins d&#039;alimentation Nom et pr\u00e9nom du repr\u00e9sentant \/ Full name of representative Email Mobile phone number (including country code.) \/ Num\u00e9ro de t\u00e9l\u00e9phone mobile (y compris l&#039;indicatif du pays.) Number of participants \/ Nombre de participants Shop of your choice \/ Magasin de [...]","protected":false},"author":1,"featured_media":0,"parent":0,"menu_order":0,"comment_status":"closed","ping_status":"closed","template":"","meta":{"footnotes":""},"categories":[],"tags":[],"class_list":["post-20536","page","type-page","status-publish"],"translation":{"provider":"WPGlobus","version":"3.0.2","language":"fr","enabled_languages":["en","fr"],"languages":{"en":{"title":true,"content":true,"excerpt":false},"fr":{"title":false,"content":false,"excerpt":false}}},"yoast_head":"<!-- This site is optimized with the Yoast SEO plugin v27.3 - https:\/\/yoast.com\/product\/yoast-seo-wordpress\/ -->\n<title>Sign up for food shopping tour \/ S&#039;inscrire \u00e0 la tourn\u00e9e des magasins d&#039;alimentation - theMatchaGreen<\/title>\n<meta name=\"robots\" content=\"index, follow, max-snippet:-1, max-image-preview:large, max-video-preview:-1\" \/>\n<link rel=\"canonical\" href=\"https:\/\/thematchagreen.com\/gb\/sign-up-for-food-shopping-tour-sinscrire-a-la-tournee-des-magasins-dalimentation\/\" \/>\n<meta property=\"og:locale\" content=\"fr_FR\" \/>\n<meta property=\"og:type\" content=\"article\" \/>\n<meta property=\"og:title\" content=\"Sign up for food shopping tour \/ S&#039;inscrire \u00e0 la tourn\u00e9e des magasins d&#039;alimentation - theMatchaGreen\" \/>\n<meta property=\"og:url\" content=\"https:\/\/thematchagreen.com\/gb\/sign-up-for-food-shopping-tour-sinscrire-a-la-tournee-des-magasins-dalimentation\/\" \/>\n<meta property=\"og:site_name\" content=\"theMatchaGreen\" \/>\n<meta property=\"article:publisher\" content=\"https:\/\/www.facebook.com\/thematchagreen\/?ref=aymt_homepage_panel\" \/>\n<meta property=\"article:modified_time\" content=\"2024-06-08T09:01:08+00:00\" \/>\n<meta name=\"twitter:card\" content=\"summary_large_image\" \/>\n<meta name=\"twitter:label1\" content=\"Est. reading time\" \/>\n\t<meta name=\"twitter:data1\" content=\"1 minute\" \/>\n<script type=\"application\/ld+json\" class=\"yoast-schema-graph\">{\"@context\":\"https:\\\/\\\/schema.org\",\"@graph\":[{\"@type\":\"WebPage\",\"@id\":\"https:\\\/\\\/thematchagreen.com\\\/gb\\\/sign-up-for-food-shopping-tour-sinscrire-a-la-tournee-des-magasins-dalimentation\\\/\",\"url\":\"https:\\\/\\\/thematchagreen.com\\\/gb\\\/sign-up-for-food-shopping-tour-sinscrire-a-la-tournee-des-magasins-dalimentation\\\/\",\"name\":\"Sign up for food shopping tour \\\/ S'inscrire \u00e0 la tourn\u00e9e des magasins d'alimentation - theMatchaGreen\",\"isPartOf\":{\"@id\":\"https:\\\/\\\/thematchagreen.com\\\/#website\"},\"datePublished\":\"2024-06-08T08:59:20+00:00\",\"dateModified\":\"2024-06-08T09:01:08+00:00\",\"breadcrumb\":{\"@id\":\"https:\\\/\\\/thematchagreen.com\\\/gb\\\/sign-up-for-food-shopping-tour-sinscrire-a-la-tournee-des-magasins-dalimentation\\\/#breadcrumb\"},\"inLanguage\":\"fr-FR\",\"potentialAction\":[{\"@type\":\"ReadAction\",\"target\":[\"https:\\\/\\\/thematchagreen.com\\\/gb\\\/sign-up-for-food-shopping-tour-sinscrire-a-la-tournee-des-magasins-dalimentation\\\/\"]}]},{\"@type\":\"BreadcrumbList\",\"@id\":\"https:\\\/\\\/thematchagreen.com\\\/gb\\\/sign-up-for-food-shopping-tour-sinscrire-a-la-tournee-des-magasins-dalimentation\\\/#breadcrumb\",\"itemListElement\":[{\"@type\":\"ListItem\",\"position\":1,\"name\":\"Home\",\"item\":\"https:\\\/\\\/thematchagreen.com\\\/\"},{\"@type\":\"ListItem\",\"position\":2,\"name\":\"Sign up for food shopping tour \\\/ S&#8217;inscrire \u00e0 la tourn\u00e9e des magasins d&#8217;alimentation\"}]},{\"@type\":\"WebSite\",\"@id\":\"https:\\\/\\\/thematchagreen.com\\\/#website\",\"url\":\"https:\\\/\\\/thematchagreen.com\\\/\",\"name\":\"theMatchaGreen\",\"description\":\"Japanese Cooking Classes in Canton Vaud\",\"publisher\":{\"@id\":\"https:\\\/\\\/thematchagreen.com\\\/#organization\"},\"potentialAction\":[{\"@type\":\"SearchAction\",\"target\":{\"@type\":\"EntryPoint\",\"urlTemplate\":\"https:\\\/\\\/thematchagreen.com\\\/?s={search_term_string}\"},\"query-input\":{\"@type\":\"PropertyValueSpecification\",\"valueRequired\":true,\"valueName\":\"search_term_string\"}}],\"inLanguage\":\"fr-FR\"},{\"@type\":\"Organization\",\"@id\":\"https:\\\/\\\/thematchagreen.com\\\/#organization\",\"name\":\"MatchaGreen\",\"url\":\"https:\\\/\\\/thematchagreen.com\\\/\",\"logo\":{\"@type\":\"ImageObject\",\"inLanguage\":\"fr-FR\",\"@id\":\"https:\\\/\\\/thematchagreen.com\\\/#\\\/schema\\\/logo\\\/image\\\/\",\"url\":\"https:\\\/\\\/thematchagreen.com\\\/wp-content\\\/uploads\\\/2019\\\/02\\\/test2-mg-banner-logo.png\",\"contentUrl\":\"https:\\\/\\\/thematchagreen.com\\\/wp-content\\\/uploads\\\/2019\\\/02\\\/test2-mg-banner-logo.png\",\"width\":800,\"height\":146,\"caption\":\"MatchaGreen\"},\"image\":{\"@id\":\"https:\\\/\\\/thematchagreen.com\\\/#\\\/schema\\\/logo\\\/image\\\/\"},\"sameAs\":[\"https:\\\/\\\/www.facebook.com\\\/thematchagreen\\\/?ref=aymt_homepage_panel\",\"https:\\\/\\\/www.instagram.com\\\/japanesecookingrecipesmatchagr\\\/\",\"https:\\\/\\\/www.pinterest.com\\\/thematchagreen\\\/\"]}]}<\/script>\n<!-- \/ Yoast SEO plugin. -->","yoast_head_json":{"title":"Sign up for food shopping tour \/ S'inscrire \u00e0 la tourn\u00e9e des magasins d'alimentation - theMatchaGreen","robots":{"index":"index","follow":"follow","max-snippet":"max-snippet:-1","max-image-preview":"max-image-preview:large","max-video-preview":"max-video-preview:-1"},"canonical":"https:\/\/thematchagreen.com\/gb\/sign-up-for-food-shopping-tour-sinscrire-a-la-tournee-des-magasins-dalimentation\/","og_locale":"fr_FR","og_type":"article","og_title":"Sign up for food shopping tour \/ S'inscrire \u00e0 la tourn\u00e9e des magasins d'alimentation - theMatchaGreen","og_url":"https:\/\/thematchagreen.com\/gb\/sign-up-for-food-shopping-tour-sinscrire-a-la-tournee-des-magasins-dalimentation\/","og_site_name":"theMatchaGreen","article_publisher":"https:\/\/www.facebook.com\/thematchagreen\/?ref=aymt_homepage_panel","article_modified_time":"2024-06-08T09:01:08+00:00","twitter_card":"summary_large_image","twitter_misc":{"Est. reading time":"1 minute"},"schema":{"@context":"https:\/\/schema.org","@graph":[{"@type":"WebPage","@id":"https:\/\/thematchagreen.com\/gb\/sign-up-for-food-shopping-tour-sinscrire-a-la-tournee-des-magasins-dalimentation\/","url":"https:\/\/thematchagreen.com\/gb\/sign-up-for-food-shopping-tour-sinscrire-a-la-tournee-des-magasins-dalimentation\/","name":"Sign up for food shopping tour \/ S'inscrire \u00e0 la tourn\u00e9e des magasins d'alimentation - theMatchaGreen","isPartOf":{"@id":"https:\/\/thematchagreen.com\/#website"},"datePublished":"2024-06-08T08:59:20+00:00","dateModified":"2024-06-08T09:01:08+00:00","breadcrumb":{"@id":"https:\/\/thematchagreen.com\/gb\/sign-up-for-food-shopping-tour-sinscrire-a-la-tournee-des-magasins-dalimentation\/#breadcrumb"},"inLanguage":"fr-FR","potentialAction":[{"@type":"ReadAction","target":["https:\/\/thematchagreen.com\/gb\/sign-up-for-food-shopping-tour-sinscrire-a-la-tournee-des-magasins-dalimentation\/"]}]},{"@type":"BreadcrumbList","@id":"https:\/\/thematchagreen.com\/gb\/sign-up-for-food-shopping-tour-sinscrire-a-la-tournee-des-magasins-dalimentation\/#breadcrumb","itemListElement":[{"@type":"ListItem","position":1,"name":"Home","item":"https:\/\/thematchagreen.com\/"},{"@type":"ListItem","position":2,"name":"Sign up for food shopping tour \/ S&#8217;inscrire \u00e0 la tourn\u00e9e des magasins d&#8217;alimentation"}]},{"@type":"WebSite","@id":"https:\/\/thematchagreen.com\/#website","url":"https:\/\/thematchagreen.com\/","name":"theMatchaGreen","description":"Japanese Cooking Classes in Canton Vaud","publisher":{"@id":"https:\/\/thematchagreen.com\/#organization"},"potentialAction":[{"@type":"SearchAction","target":{"@type":"EntryPoint","urlTemplate":"https:\/\/thematchagreen.com\/?s={search_term_string}"},"query-input":{"@type":"PropertyValueSpecification","valueRequired":true,"valueName":"search_term_string"}}],"inLanguage":"fr-FR"},{"@type":"Organization","@id":"https:\/\/thematchagreen.com\/#organization","name":"MatchaGreen","url":"https:\/\/thematchagreen.com\/","logo":{"@type":"ImageObject","inLanguage":"fr-FR","@id":"https:\/\/thematchagreen.com\/#\/schema\/logo\/image\/","url":"https:\/\/thematchagreen.com\/wp-content\/uploads\/2019\/02\/test2-mg-banner-logo.png","contentUrl":"https:\/\/thematchagreen.com\/wp-content\/uploads\/2019\/02\/test2-mg-banner-logo.png","width":800,"height":146,"caption":"MatchaGreen"},"image":{"@id":"https:\/\/thematchagreen.com\/#\/schema\/logo\/image\/"},"sameAs":["https:\/\/www.facebook.com\/thematchagreen\/?ref=aymt_homepage_panel","https:\/\/www.instagram.com\/japanesecookingrecipesmatchagr\/","https:\/\/www.pinterest.com\/thematchagreen\/"]}]}},"_links":{"self":[{"href":"https:\/\/thematchagreen.com\/fr\/wp-json\/wp\/v2\/pages\/20536","targetHints":{"allow":["GET"]}}],"collection":[{"href":"https:\/\/thematchagreen.com\/fr\/wp-json\/wp\/v2\/pages"}],"about":[{"href":"https:\/\/thematchagreen.com\/fr\/wp-json\/wp\/v2\/types\/page"}],"author":[{"embeddable":true,"href":"https:\/\/thematchagreen.com\/fr\/wp-json\/wp\/v2\/users\/1"}],"replies":[{"embeddable":true,"href":"https:\/\/thematchagreen.com\/fr\/wp-json\/wp\/v2\/comments?post=20536"}],"version-history":[{"count":0,"href":"https:\/\/thematchagreen.com\/fr\/wp-json\/wp\/v2\/pages\/20536\/revisions"}],"wp:attachment":[{"href":"https:\/\/thematchagreen.com\/fr\/wp-json\/wp\/v2\/media?parent=20536"}],"wp:term":[{"taxonomy":"category","embeddable":true,"href":"https:\/\/thematchagreen.com\/fr\/wp-json\/wp\/v2\/categories?post=20536"},{"taxonomy":"post_tag","embeddable":true,"href":"https:\/\/thematchagreen.com\/fr\/wp-json\/wp\/v2\/tags?post=20536"}],"curies":[{"name":"wp","href":"https:\/\/api.w.org\/{rel}","templated":true}]}}