{"id":20627,"date":"2024-06-09T09:34:30","date_gmt":"2024-06-09T07:34:30","guid":{"rendered":"https:\/\/thematchagreen.com\/?page_id=20627"},"modified":"2025-05-15T17:53:21","modified_gmt":"2025-05-15T15:53:21","slug":"visite-des-supermarches-a-tokyo","status":"publish","type":"page","link":"https:\/\/thematchagreen.com\/fr\/visite-des-supermarches-a-tokyo\/","title":{"rendered":"Visite \u00e0 Tokyo \/ Supermarch\u00e9 ou Kappabashi"},"content":{"rendered":"<\/p>\n\n\n<h2 class=\"wp-block-heading has-text-align-center has-x-large-font-size\">Visite \u00e0 Tokyo \/ Supermarch\u00e9 ou Kappabashi <\/h2>\n\n\n\n<p class=\"has-text-align-center has-medium-font-size\">Faire ses courses dans un supermarch\u00e9 japonais \u00e0 Tokyo comme un habitu\u00e9.<\/p>\n\n\n<div class=\"wp-block-image\">\n<figure class=\"aligncenter size-full is-resized\"><img fetchpriority=\"high\" decoding=\"async\" width=\"800\" height=\"603\" src=\"https:\/\/thematchagreen.com\/wp-content\/uploads\/2024\/06\/building_shoping_supermarket.png\" alt=\"\" class=\"wp-image-20702\" style=\"width:264px;height:auto\" srcset=\"https:\/\/thematchagreen.com\/wp-content\/uploads\/2024\/06\/building_shoping_supermarket.png 800w, https:\/\/thematchagreen.com\/wp-content\/uploads\/2024\/06\/building_shoping_supermarket-500x377.png 500w\" sizes=\"(max-width: 800px) 100vw, 800px\" \/><\/figure>\n<\/div>\n\n<div class=\"wp-block-image\">\n<figure class=\"aligncenter size-full is-resized\"><img decoding=\"async\" width=\"640\" height=\"480\" src=\"https:\/\/thematchagreen.com\/wp-content\/uploads\/2025\/05\/28558739_s-1.jpg\" alt=\"\" class=\"wp-image-21972\" style=\"width:279px;height:auto\" srcset=\"https:\/\/thematchagreen.com\/wp-content\/uploads\/2025\/05\/28558739_s-1.jpg 640w, https:\/\/thematchagreen.com\/wp-content\/uploads\/2025\/05\/28558739_s-1-500x375.jpg 500w\" sizes=\"(max-width: 640px) 100vw, 640px\" \/><\/figure>\n<\/div>\n\n\n<p>Si vous aimez la nourriture, vous appr\u00e9ciez s\u00fbrement de visiter det explorer les supermarch\u00e9s locaux pendant vos voyages, tout comme moi !<\/p>\n\n\n\n<p>Il s&#8217;agit d&#8217;une visite\u00a0<strong>guid\u00e9e d&#8217;un supermarch\u00e9<\/strong> <strong>priv\u00e9.<\/strong> Si vous \u00eates dans le centre de Tokyo pendant la p\u00e9riode suivante, pourquoi ne pas vous joindre \u00e0 moi pour faire vos courses et acheter des ustensiles de cuisine ? Go\u00fbter la cuisine japonaise ordinaire dans un supermarch\u00e9 local sera certainement amusant. Lors de cette visite, je vous emm\u00e8nerai dans un supermarch\u00e9 \u00e0<strong>\u00a0<a href=\"https:\/\/fr.wikipedia.org\/wiki\/Gare_d%27%C5%8Cmori\">Omori\/Ohmori,<\/a><\/strong>\u00a0\u00e0 Tokyo ou <strong><a href=\"https:\/\/www.japan.travel\/en\/spot\/390\/\">Kappabashi <\/a><\/strong>pr\u00e8s Asakusa.\u00a0<\/p>\n\n\n\n<p>(Si vous \u00eates dans le centre de Tokyo, je peux aussi vous rejoindre&nbsp;<strong>pr\u00e8s de votre lieu de r\u00e9sidence<\/strong>, n&#8217;h\u00e9sitez pas \u00e0&nbsp;<strong><a href=\"https:\/\/thematchagreen.com\/contact-matchagreen\/\">me contacter<\/a><\/strong>).<\/p>\n\n\n\n<p><strong>\u00d4mori station<\/strong><\/p>\n\n\n\n<p><iframe style=\"border: 0;\" src=\"https:\/\/www.google.com\/maps\/embed?pb=!1m18!1m12!1m3!1d12978.370208625187!2d139.70984369516376!3d35.588447288263254!2m3!1f0!2f0!3f0!3m2!1i1024!2i768!4f13.1!3m3!1m2!1s0x6018602df3b53d27%3A0xf91decfc265768b6!2s%C5%8Cmori%20Station!5e0!3m2!1sen!2sch!4v1717862775927!5m2!1sen!2sch\" width=\"400\" height=\"300\" allowfullscreen=\"allowfullscreen\"><\/iframe><\/p>\n\n\n\n<p><\/p>\n\n\n\n<p class=\"has-medium-font-size\"><a href=\"https:\/\/www.kappabashi.or.jp\/en\/access\/\"><strong>Access to Kappabashi<\/strong><\/a><\/p>\n\n\n\n<iframe src=\"https:\/\/www.google.com\/maps\/embed?pb=!1m14!1m8!1m3!1d6479.186378563806!2d139.7870646!3d35.7116273!3m2!1i1024!2i768!4f13.1!3m3!1m2!1s0x60188e95e87e855d%3A0x214435b365c89bf3!2sKappabashi%20Kitchen%20Street!5e0!3m2!1sen!2sch!4v1747250123960!5m2!1sen!2sch\" width=\"600\" height=\"450\" style=\"border:0;\" allowfullscreen=\"\" loading=\"lazy\" referrerpolicy=\"no-referrer-when-downgrade\"><\/iframe>\n\n\n\n<p class=\"has-text-align-center\">*<\/p>\n\n\n\n\n\n<p><\/p>\n\n\n\n<h1 class=\"wp-block-heading has-text-align-center\" style=\"font-size:30px\">Visite un Supermarch\u00e9 ou Kappabashi \u00e0 Tokyo<\/h1>\n\n\n\n<p class=\"has-text-align-center\">*<\/p>\n\n\n\n<p class=\"has-text-align-center has-medium-font-size\"><strong><u>DATES de la VISITE GUID\u00c9E<\/u><\/strong><\/p>\n\n\n\n<p class=\"has-text-align-center\">Veuillez choisir une date parmi les suivantes ;<\/p>\n\n\n\n<p class=\"has-text-align-center has-medium-font-size\"><strong>17 (je), 18 (ve), 21 (lu), 22 (ma), 23 (me), 24 (je), 25 (ve) juillet 2025<\/strong><\/p>\n\n\n\n<p class=\"has-text-align-center has-medium-font-size\">L&#8217;heure de&nbsp;RDV&nbsp;sera&nbsp;<strong>entre 10h et 17h<\/strong>. (La derni\u00e8re visite de C&amp;D commence \u00e0 14 heures).<\/p>\n\n\n\n<p class=\"has-text-align-center\">Je recommande&nbsp;<strong>le matin,<\/strong>&nbsp;car il y a moins de monde.<\/p>\n\n\n\n<p class=\"has-text-align-center\">N&#8217;h\u00e9sitez pas \u00e0&nbsp;<strong><a href=\"https:\/\/thematchagreen.com\/fr\/contact-matchagreen\/\">me contacter<\/a><\/strong>&nbsp;pour&nbsp;vos futur schedule.<\/p>\n\n\n\n<p class=\"has-text-align-center\">*<\/p>\n\n\n\n<p class=\"has-text-align-center has-medium-font-size\"><strong><u>MENU de TOUR<\/u><\/strong><\/p>\n\n\n\n<p class=\"has-text-align-center\">*Choisissez&nbsp;<strong>l&#8217;un des deux magasins<\/strong>&nbsp;ci-dessous (<strong>A, B, C ou D).<\/strong><\/p>\n\n\n\n<p class=\"has-medium-font-size\"><strong><u>A :&nbsp;<a href=\"https:\/\/stores.itoyokado.co.jp\/en\/227\">Ito-Yokado Omori<\/a><\/u><\/strong>\/Ohmori&nbsp;(grandes cha\u00eenes de supermarch\u00e9s) : from CHF40\/\u20ac40 p.p. 1h<\/p>\n\n\n\n<ul class=\"wp-block-list\">\n<li>7 minutes de&nbsp;<strong><a href=\"https:\/\/fr.wikipedia.org\/wiki\/Gare_d%27%C5%8Cmori\">JR Omori<\/a><\/strong>\/Ohmori&nbsp;(<strong>JK18 JR Keihin-Tohoku line<\/strong>, la deuxi\u00e8me station de JR Shinagawa Station.)<\/li>\n\n\n\n<li>3 minutes d&#8217;<strong><a href=\"https:\/\/en.wikipedia.org\/wiki\/%C5%8Cmorikaigan_Station\">Ohmorikaigan<\/a>&nbsp;<\/strong>(<strong>KK07 Keikyu-Main line,<\/strong>&nbsp;liaison directe avec l&#8217;a\u00e9roport de Haneda).<\/li>\n<\/ul>\n\n\n\n<p>Il y a un rayon alimentaire et un rayon d\u2019utensile de cuisine au m\u00eame \u00e9tage pour ceux qui veulent voir les deux. Il y a \u00e9galement un autre magasin de produits alimentaires \u201c&nbsp;<a href=\"https:\/\/www.kaldi.co.jp\/\">KALDI (le site web est uniquement en japonais)<\/a>&nbsp;\u201c o\u00f9 vous pouvez trouver des produits un peu inhabituels. Au m\u00eame \u00e9tage, il y a une boulangerie et un caf\u00e9 populaire, le &#8221;&nbsp;<a href=\"https:\/\/www.komeda.co.jp\/\">Komeda coffee<\/a>&nbsp;&#8220;, qui sert des repas l\u00e9gers (savourez le &#8221; pain &#8221; japonais !).<\/p>\n\n\n\n<p>&nbsp;<\/p>\n\n\n\n<p class=\"has-medium-font-size\"><strong><u>B :&nbsp;<a href=\"https:\/\/www.atre.co.jp\/omori\/shop\/4112\/\">Atr\u00e9 Omori<\/a><\/u><\/strong>\/Ohmori&nbsp;(dans le b\u00e2timent de la gare JR Omori\/Ohmori, g\u00e9r\u00e9 par le magasin Tokyu) : from CHF40\/\u20ac40 p.p. 1h<\/p>\n\n\n\n<ul class=\"wp-block-list\">\n<li>Directement connect\u00e9 et \u00e0 1 min de la gare&nbsp;<strong><a href=\"https:\/\/fr.wikipedia.org\/wiki\/Gare_d%27%C5%8Cmori\">JR Omori<\/a><\/strong>\/Ohmori(<strong>ligne JK18 JR Keihin-Tohoku<\/strong>).&nbsp;<\/li>\n<\/ul>\n\n\n\n<p>Tr\u00e8s pratique, directement reli\u00e9 \u00e0 la gare&nbsp;<strong><a href=\"https:\/\/fr.wikipedia.org\/wiki\/Gare_d%27%C5%8Cmori\">d&#8217;Omori \/ Ohmori.<\/a>&nbsp;Plus<\/strong>&nbsp;petit que Ito-Yokado, mais tout de m\u00eame assez agr\u00e9able pour faire ses courses. L&#8217;\u00e9tage du<a href=\"https:\/\/www.atre.co.jp\/omori\/floorguide\/15\/68\/\">&nbsp;<strong>restaurant<\/strong><\/a><strong>&nbsp;<\/strong>dans le m\u00eame b\u00e2timent est \u00e9galement bien approvisionn\u00e9, vous pouvez donc profiter d&#8217;un repas apr\u00e8s votre visite. Il existe \u00e9galement une petite boutique &#8221;&nbsp;<a href=\"https:\/\/www.kaldi.co.jp\/\">KALDI (le site web est uniquement en japonais)<\/a>&nbsp;&#8221; dans le m\u00eame b\u00e2timent.<\/p>\n\n\n\n<p>Veuillez noter qu&#8217;il&nbsp;<strong>N\u2019y a PAS d&#8217;ustensiles de cuisine<\/strong>&nbsp;dans ce b\u00e2timent, les achats ne concernent&nbsp;<strong>que la nourriture<\/strong>.<\/p>\n\n\n\n<p class=\"has-medium-font-size\"><strong>C:&nbsp;<a href=\"https:\/\/www.japan.travel\/en\/spot\/390\/\">Kappabashi (kitchenwear shops street)<\/a><\/strong>&nbsp;: \u00e0 partir de CHF85 \/ \u20ac85p.p. 2h<\/p>\n\n\n\n<p><sup data-fn=\"9131bffe-8631-444d-93a6-b2f48ad13f2d\" class=\"fn\"><a id=\"9131bffe-8631-444d-93a6-b2f48ad13f2d-link\" href=\"#9131bffe-8631-444d-93a6-b2f48ad13f2d\">1<\/a><\/sup>5 min de <strong><a href=\"https:\/\/www.tokyometro.jp\/lang_en\/station\/tawaramachi\/index.html\">Tawaramac<\/a>hi <\/strong>(ligne G18 du m\u00e9tro de Tokyo Ginza) et 6 min d&#8217;<strong>Iriya<\/strong> (ligne Hibiya du m\u00e9tro de Tokyo), 15 min d&#8217;Asakusa (Tsukuba express, ligne Tobu, ligne Toei Toei Asakusa)<\/p>\n\n\n\n<p>Kappabashi propose tout ce dont vous avez besoin en mati\u00e8re d&#8217;ustensiles de cuisine et de restaurants, des amateurs aux professionnels. Ici, on ach\u00e8te des ustensiles de cuisine, pas de la nourriture.<\/p>\n\n\n\n<p class=\"has-medium-font-size\"><strong>D:<\/strong>&nbsp;<strong><a href=\"https:\/\/www.japan.travel\/en\/spot\/390\/\">Kappabashi<\/a>&nbsp;&amp; Supermarket&nbsp;<\/strong>: from CHF120 \/ \u20ac120 p.p. 3h<\/p>\n\n\n\n<p>Apr\u00e8s la visite de Kappabashi (circuit C), l&#8217;excursion se poursuit dans un supermarch\u00e9 voisin.<\/p>\n\n\n\n<p class=\"has-medium-font-size\">*Si vous pr\u00e9f\u00e9rez visiter un supermarch\u00e9&nbsp;<strong>Pr\u00e9s de Votre Lieu de S\u00e9jour<\/strong>, veuillez&nbsp;<strong><a href=\"https:\/\/thematchagreen.com\/fr\/contact-matchagreen\/\">me contacter<\/a><\/strong>&nbsp;pour en discuter.<\/p>\n\n\n\n<p class=\"has-text-align-center\">*<\/p>\n\n\n\n<p class=\"has-text-align-center has-medium-font-size\"><strong><u>CONDITIONS de la TOUR <\/u><\/strong><\/p>\n\n\n\n<ul class=\"wp-block-list\">\n<li>La visite est guid\u00e9e par Akiko, instructeurs cuisine japonaise (en anglais ou en fran\u00e7ais).<\/li>\n<\/ul>\n\n\n\n<ul class=\"wp-block-list\">\n<li>Veuillez noter que vous \u00eates responsable du paiement de tous vos achats.<\/li>\n<\/ul>\n\n\n\n<ul class=\"wp-block-list\">\n<li>Veuillez me faire savoir \u00e0 l&#8217;avance si vous avez une&nbsp;<strong>liste de courses<\/strong>&nbsp;ou ce que&nbsp;<strong>vous recherchez<\/strong>. J&#8217;essaierai de le trouver \u00e0 l&#8217;avance si possible.<\/li>\n<\/ul>\n\n\n\n<p class=\"has-text-align-center\">*<\/p>\n\n\n\n<p class=\"has-text-align-center has-medium-font-size\"><strong><u>CO\u00dbT des TOURS<\/u><\/strong><\/p>\n\n\n\n<ul class=\"wp-block-list\">\n<li><strong>Tour A&amp;B<\/strong>&nbsp;(supermarch\u00e9): Adultes d\u00e9s 16y&nbsp;<strong>CHF40 \/ \u20ac40p.p.,&nbsp;<\/strong>Enfants jusqu&#8217;\u00e0 12 ans CHF20 \/ \u20ac20p.p., Enfants de moins de 6 ans gratuit<\/li>\n\n\n\n<li><strong>Tour C<\/strong>&nbsp;(Kappabashi): Adultes \u00e0 partir d\u00e9s 16y&nbsp;<strong>CHF85 \/ \u20ac85p.p.,&nbsp;<\/strong>Enfants jusqu&#8217;\u00e0 12 ans CHF20 \/ \u20ac20p.p., Enfants de moins de 6 ans gratuit&nbsp;<\/li>\n\n\n\n<li><strong>Tour D <\/strong>(Kappabashi&amp;Supermarch\u00e9): Adultes \u00e0 partir de 16 ans <strong>CHF120 \/ \u20ac120p.p<\/strong>., Enfants jusqu&#8217;\u00e0 12 ans CHF60 \/ \u20ac60p.p., Enfants de moins de 6 ans gratuits<\/li>\n\n\n\n<li>Veuillez me contacter pour <strong>toute autre devise<\/strong>.<\/li>\n\n\n\n<li><\/li>\n\n\n\n<li>Des extensions : <strong><strong>CHF20(\u20ac20)p.p<\/strong>.&nbsp;et enfants: CHF10(\u20ac10)p.p. de 30 min.<\/strong> (En raison de contraintes de calendrier, il se peut que d&#8217;autres extensions ne soient pas possibles).<\/li>\n\n\n\n<li><\/li>\n\n\n\n<li>Si vous avez besoin de plus de temps, le prix est r\u00e9duit si vous en faites la demande <strong>lors de la r\u00e9servation du cours.<\/strong> Veuillez me contacter pour plus de d\u00e9tails. (ex. CHF60 \/ \u20ac60 p.p. par 2h au lieu CHF80 \/\u20ac120p.p) <\/li>\n\n\n\n<li><\/li>\n\n\n\n<li>Les&nbsp;<strong>frais doivent \u00eatre pay\u00e9s \u00e0 l&#8217;avance<\/strong>&nbsp;(IBAN ou Twint (Suisse)). Les frais pour le temps suppl\u00e9mentaire doivent \u00eatre pay\u00e9s uniquement en esp\u00e8ces le jour m\u00eame.&nbsp;<\/li>\n<\/ul>\n\n\n\n<p class=\"has-text-align-center\">*<\/p>\n\n\n\n<p class=\"has-text-align-center has-medium-font-size\"><strong><u>ANNULATION<\/u><\/strong><\/p>\n\n\n\n<ul class=\"wp-block-list\">\n<li>Aucun remboursement ne sera effectu\u00e9 en cas&nbsp;<strong>d&#8217;annulation moins de 36 heures<\/strong>&nbsp;avant l&#8217;heure du&nbsp;RDV&nbsp;de la r\u00e9union ou sans pr\u00e9avis.<\/li>\n<\/ul>\n\n\n\n<ul class=\"wp-block-list\">\n<li>En cas de retard \u00e0 l&#8217;heure du rendez-vous, la dur\u00e9e de la visite sera&nbsp;<strong>raccourcie ou un suppl\u00e9ment<\/strong>&nbsp;(CHF20 par 30 min) sera factur\u00e9 pour les retards de&nbsp;<strong>plus de 15 min<\/strong>&nbsp;(sauf en cas de catastrophe naturelle, de retard des transports publics, etc.)<\/li>\n<\/ul>\n\n\n\n<ul class=\"wp-block-list\">\n<li>Si vous avez des questions, n&#8217;h\u00e9sitez pas \u00e0&nbsp;<a href=\"https:\/\/thematchagreen.com\/fr\/contact-matchagreen\/\"><strong>me contacter<\/strong><\/a><strong>.<\/strong><\/li>\n<\/ul>\n\n\n\n<p>*Il se peut que mon message de r\u00e9ponse se trouve dans votre&nbsp;<strong>bo\u00eete \u00e0 courrier ind\u00e9sirable SPAM<\/strong>&nbsp;Veuillez v\u00e9rifier si vous ne recevez pas de r\u00e9ponse de ma&nbsp;<strong>part dans les 24 heures<\/strong>. Si ce n&#8217;est pas le cas,&nbsp;<strong><a href=\"https:\/\/thematchagreen.com\/fr\/contact-matchagreen\/\">contactez-moi<\/a>&nbsp;\u00e0 nouveau<\/strong>&nbsp;ou envoyez-moi un message&nbsp;<strong><a href=\"https:\/\/www.instagram.com\/thematchagreen\/\">via instagram.<\/a><\/strong>&nbsp;Je vous remercie de votre attention.<\/p>\n\n\n\n<p>Je me r\u00e9jouis d&#8217;avoir de vos nouvelles. Venez d\u00e9couvrir la nourriture et les supermarch\u00e9s japonais avec moi, une fanatique du shopping japonais !<\/p>\n\n\n\n<p class=\"has-text-align-center has-large-font-size\"><a href=\"https:\/\/thematchagreen.com\/sign-up-for-food-shopping-tour-sinscrire-a-la-tournee-des-magasins-dalimentation\/\" target=\"_blank\" rel=\"noreferrer noopener\">Signup for the visit&nbsp;\/ S&#8217;inscrire \u00e0 la visite<\/a><\/p>\n\n\n\n<h1 class=\"wp-block-heading has-text-align-center has-x-large-font-size\">&nbsp;<\/h1>\n\n\n<ol class=\"wp-block-footnotes\"><li id=\"9131bffe-8631-444d-93a6-b2f48ad13f2d\"> <a href=\"#9131bffe-8631-444d-93a6-b2f48ad13f2d-link\" aria-label=\"Jump to footnote reference 1\">\u21a9\ufe0e<\/a><\/li><\/ol>\n\n<p>","protected":false},"excerpt":{"rendered":"<p>Visite \u00e0 Tokyo \/ Supermarch\u00e9 ou Kappabashi Faire ses courses dans un supermarch\u00e9 japonais \u00e0 Tokyo comme un habitu\u00e9. Si vous aimez la nourriture, vous appr\u00e9ciez s\u00fbrement de visiter det explorer les supermarch\u00e9s locaux pendant vos voyages, tout comme moi ! Il s&#8217;agit d&#8217;une visite\u00a0guid\u00e9e d&#8217;un supermarch\u00e9 priv\u00e9. Si vous \u00eates dans le centre de [&hellip;]<\/p>\n","protected":false},"author":1,"featured_media":0,"parent":0,"menu_order":0,"comment_status":"closed","ping_status":"closed","template":"","meta":{"footnotes":"[{\"id\":\"9131bffe-8631-444d-93a6-b2f48ad13f2d\",\"content\":\"\"}]"},"categories":[],"tags":[],"class_list":["post-20627","page","type-page","status-publish"],"translation":{"provider":"WPGlobus","version":"3.0.2","language":"fr","enabled_languages":["en","fr"],"languages":{"en":{"title":true,"content":true,"excerpt":false},"fr":{"title":true,"content":true,"excerpt":false}}},"yoast_head":"<!-- This site is optimized with the Yoast SEO plugin v27.3 - https:\/\/yoast.com\/product\/yoast-seo-wordpress\/ -->\n<title>Visite \u00e0 Tokyo \/ Supermarch\u00e9 ou Kappabashi - theMatchaGreen<\/title>\n<meta name=\"robots\" content=\"index, follow, max-snippet:-1, max-image-preview:large, max-video-preview:-1\" \/>\n<link rel=\"canonical\" href=\"https:\/\/thematchagreen.com\/visite-des-supermarches-a-tokyo\/\" \/>\n<meta property=\"og:locale\" content=\"fr_FR\" \/>\n<meta property=\"og:type\" content=\"article\" \/>\n<meta property=\"og:title\" content=\"Visite \u00e0 Tokyo \/ Supermarch\u00e9 ou Kappabashi - theMatchaGreen\" \/>\n<meta property=\"og:url\" content=\"https:\/\/thematchagreen.com\/visite-des-supermarches-a-tokyo\/\" \/>\n<meta property=\"og:site_name\" content=\"theMatchaGreen\" \/>\n<meta property=\"article:publisher\" content=\"https:\/\/www.facebook.com\/thematchagreen\/?ref=aymt_homepage_panel\" \/>\n<meta property=\"article:modified_time\" content=\"2025-05-15T15:53:21+00:00\" \/>\n<meta property=\"og:image\" content=\"https:\/\/thematchagreen.com\/wp-content\/uploads\/2024\/06\/image-7.png\" \/>\n\t<meta property=\"og:image:width\" content=\"800\" \/>\n\t<meta property=\"og:image:height\" content=\"603\" \/>\n\t<meta property=\"og:image:type\" content=\"image\/png\" \/>\n<meta name=\"twitter:card\" content=\"summary_large_image\" \/>\n<meta name=\"twitter:label1\" content=\"Est. reading time\" \/>\n\t<meta name=\"twitter:data1\" content=\"5 minutes\" \/>\n<script type=\"application\/ld+json\" class=\"yoast-schema-graph\">{\"@context\":\"https:\\\/\\\/schema.org\",\"@graph\":[{\"@type\":\"WebPage\",\"@id\":\"https:\\\/\\\/thematchagreen.com\\\/visite-des-supermarches-a-tokyo\\\/\",\"url\":\"https:\\\/\\\/thematchagreen.com\\\/visite-des-supermarches-a-tokyo\\\/\",\"name\":\"Visite \u00e0 Tokyo \\\/ Supermarch\u00e9 ou Kappabashi - theMatchaGreen\",\"isPartOf\":{\"@id\":\"https:\\\/\\\/thematchagreen.com\\\/#website\"},\"primaryImageOfPage\":{\"@id\":\"https:\\\/\\\/thematchagreen.com\\\/visite-des-supermarches-a-tokyo\\\/#primaryimage\"},\"image\":{\"@id\":\"https:\\\/\\\/thematchagreen.com\\\/visite-des-supermarches-a-tokyo\\\/#primaryimage\"},\"thumbnailUrl\":\"https:\\\/\\\/thematchagreen.com\\\/wp-content\\\/uploads\\\/2024\\\/06\\\/image-7.png\",\"datePublished\":\"2024-06-09T07:34:30+00:00\",\"dateModified\":\"2025-05-15T15:53:21+00:00\",\"breadcrumb\":{\"@id\":\"https:\\\/\\\/thematchagreen.com\\\/visite-des-supermarches-a-tokyo\\\/#breadcrumb\"},\"inLanguage\":\"fr-FR\",\"potentialAction\":[{\"@type\":\"ReadAction\",\"target\":[\"https:\\\/\\\/thematchagreen.com\\\/visite-des-supermarches-a-tokyo\\\/\"]}]},{\"@type\":\"ImageObject\",\"inLanguage\":\"fr-FR\",\"@id\":\"https:\\\/\\\/thematchagreen.com\\\/visite-des-supermarches-a-tokyo\\\/#primaryimage\",\"url\":\"https:\\\/\\\/thematchagreen.com\\\/wp-content\\\/uploads\\\/2024\\\/06\\\/image-7.png\",\"contentUrl\":\"https:\\\/\\\/thematchagreen.com\\\/wp-content\\\/uploads\\\/2024\\\/06\\\/image-7.png\"},{\"@type\":\"BreadcrumbList\",\"@id\":\"https:\\\/\\\/thematchagreen.com\\\/visite-des-supermarches-a-tokyo\\\/#breadcrumb\",\"itemListElement\":[{\"@type\":\"ListItem\",\"position\":1,\"name\":\"Home\",\"item\":\"https:\\\/\\\/thematchagreen.com\\\/\"},{\"@type\":\"ListItem\",\"position\":2,\"name\":\"Supermarket Visit in Tokyo\"}]},{\"@type\":\"WebSite\",\"@id\":\"https:\\\/\\\/thematchagreen.com\\\/#website\",\"url\":\"https:\\\/\\\/thematchagreen.com\\\/\",\"name\":\"theMatchaGreen\",\"description\":\"Japanese Cooking Classes in Canton Vaud\",\"publisher\":{\"@id\":\"https:\\\/\\\/thematchagreen.com\\\/#organization\"},\"potentialAction\":[{\"@type\":\"SearchAction\",\"target\":{\"@type\":\"EntryPoint\",\"urlTemplate\":\"https:\\\/\\\/thematchagreen.com\\\/?s={search_term_string}\"},\"query-input\":{\"@type\":\"PropertyValueSpecification\",\"valueRequired\":true,\"valueName\":\"search_term_string\"}}],\"inLanguage\":\"fr-FR\"},{\"@type\":\"Organization\",\"@id\":\"https:\\\/\\\/thematchagreen.com\\\/#organization\",\"name\":\"MatchaGreen\",\"url\":\"https:\\\/\\\/thematchagreen.com\\\/\",\"logo\":{\"@type\":\"ImageObject\",\"inLanguage\":\"fr-FR\",\"@id\":\"https:\\\/\\\/thematchagreen.com\\\/#\\\/schema\\\/logo\\\/image\\\/\",\"url\":\"https:\\\/\\\/thematchagreen.com\\\/wp-content\\\/uploads\\\/2019\\\/02\\\/test2-mg-banner-logo.png\",\"contentUrl\":\"https:\\\/\\\/thematchagreen.com\\\/wp-content\\\/uploads\\\/2019\\\/02\\\/test2-mg-banner-logo.png\",\"width\":800,\"height\":146,\"caption\":\"MatchaGreen\"},\"image\":{\"@id\":\"https:\\\/\\\/thematchagreen.com\\\/#\\\/schema\\\/logo\\\/image\\\/\"},\"sameAs\":[\"https:\\\/\\\/www.facebook.com\\\/thematchagreen\\\/?ref=aymt_homepage_panel\",\"https:\\\/\\\/www.instagram.com\\\/japanesecookingrecipesmatchagr\\\/\",\"https:\\\/\\\/www.pinterest.com\\\/thematchagreen\\\/\"]}]}<\/script>\n<!-- \/ Yoast SEO plugin. -->","yoast_head_json":{"title":"Visite \u00e0 Tokyo \/ Supermarch\u00e9 ou Kappabashi - theMatchaGreen","robots":{"index":"index","follow":"follow","max-snippet":"max-snippet:-1","max-image-preview":"max-image-preview:large","max-video-preview":"max-video-preview:-1"},"canonical":"https:\/\/thematchagreen.com\/visite-des-supermarches-a-tokyo\/","og_locale":"fr_FR","og_type":"article","og_title":"Visite \u00e0 Tokyo \/ Supermarch\u00e9 ou Kappabashi - theMatchaGreen","og_url":"https:\/\/thematchagreen.com\/visite-des-supermarches-a-tokyo\/","og_site_name":"theMatchaGreen","article_publisher":"https:\/\/www.facebook.com\/thematchagreen\/?ref=aymt_homepage_panel","article_modified_time":"2025-05-15T15:53:21+00:00","og_image":[{"width":800,"height":603,"url":"https:\/\/thematchagreen.com\/wp-content\/uploads\/2024\/06\/image-7.png","type":"image\/png"}],"twitter_card":"summary_large_image","twitter_misc":{"Est. reading time":"5 minutes"},"schema":{"@context":"https:\/\/schema.org","@graph":[{"@type":"WebPage","@id":"https:\/\/thematchagreen.com\/visite-des-supermarches-a-tokyo\/","url":"https:\/\/thematchagreen.com\/visite-des-supermarches-a-tokyo\/","name":"Visite \u00e0 Tokyo \/ Supermarch\u00e9 ou Kappabashi - theMatchaGreen","isPartOf":{"@id":"https:\/\/thematchagreen.com\/#website"},"primaryImageOfPage":{"@id":"https:\/\/thematchagreen.com\/visite-des-supermarches-a-tokyo\/#primaryimage"},"image":{"@id":"https:\/\/thematchagreen.com\/visite-des-supermarches-a-tokyo\/#primaryimage"},"thumbnailUrl":"https:\/\/thematchagreen.com\/wp-content\/uploads\/2024\/06\/image-7.png","datePublished":"2024-06-09T07:34:30+00:00","dateModified":"2025-05-15T15:53:21+00:00","breadcrumb":{"@id":"https:\/\/thematchagreen.com\/visite-des-supermarches-a-tokyo\/#breadcrumb"},"inLanguage":"fr-FR","potentialAction":[{"@type":"ReadAction","target":["https:\/\/thematchagreen.com\/visite-des-supermarches-a-tokyo\/"]}]},{"@type":"ImageObject","inLanguage":"fr-FR","@id":"https:\/\/thematchagreen.com\/visite-des-supermarches-a-tokyo\/#primaryimage","url":"https:\/\/thematchagreen.com\/wp-content\/uploads\/2024\/06\/image-7.png","contentUrl":"https:\/\/thematchagreen.com\/wp-content\/uploads\/2024\/06\/image-7.png"},{"@type":"BreadcrumbList","@id":"https:\/\/thematchagreen.com\/visite-des-supermarches-a-tokyo\/#breadcrumb","itemListElement":[{"@type":"ListItem","position":1,"name":"Home","item":"https:\/\/thematchagreen.com\/"},{"@type":"ListItem","position":2,"name":"Supermarket Visit in Tokyo"}]},{"@type":"WebSite","@id":"https:\/\/thematchagreen.com\/#website","url":"https:\/\/thematchagreen.com\/","name":"theMatchaGreen","description":"Japanese Cooking Classes in Canton Vaud","publisher":{"@id":"https:\/\/thematchagreen.com\/#organization"},"potentialAction":[{"@type":"SearchAction","target":{"@type":"EntryPoint","urlTemplate":"https:\/\/thematchagreen.com\/?s={search_term_string}"},"query-input":{"@type":"PropertyValueSpecification","valueRequired":true,"valueName":"search_term_string"}}],"inLanguage":"fr-FR"},{"@type":"Organization","@id":"https:\/\/thematchagreen.com\/#organization","name":"MatchaGreen","url":"https:\/\/thematchagreen.com\/","logo":{"@type":"ImageObject","inLanguage":"fr-FR","@id":"https:\/\/thematchagreen.com\/#\/schema\/logo\/image\/","url":"https:\/\/thematchagreen.com\/wp-content\/uploads\/2019\/02\/test2-mg-banner-logo.png","contentUrl":"https:\/\/thematchagreen.com\/wp-content\/uploads\/2019\/02\/test2-mg-banner-logo.png","width":800,"height":146,"caption":"MatchaGreen"},"image":{"@id":"https:\/\/thematchagreen.com\/#\/schema\/logo\/image\/"},"sameAs":["https:\/\/www.facebook.com\/thematchagreen\/?ref=aymt_homepage_panel","https:\/\/www.instagram.com\/japanesecookingrecipesmatchagr\/","https:\/\/www.pinterest.com\/thematchagreen\/"]}]}},"_links":{"self":[{"href":"https:\/\/thematchagreen.com\/fr\/wp-json\/wp\/v2\/pages\/20627","targetHints":{"allow":["GET"]}}],"collection":[{"href":"https:\/\/thematchagreen.com\/fr\/wp-json\/wp\/v2\/pages"}],"about":[{"href":"https:\/\/thematchagreen.com\/fr\/wp-json\/wp\/v2\/types\/page"}],"author":[{"embeddable":true,"href":"https:\/\/thematchagreen.com\/fr\/wp-json\/wp\/v2\/users\/1"}],"replies":[{"embeddable":true,"href":"https:\/\/thematchagreen.com\/fr\/wp-json\/wp\/v2\/comments?post=20627"}],"version-history":[{"count":42,"href":"https:\/\/thematchagreen.com\/fr\/wp-json\/wp\/v2\/pages\/20627\/revisions"}],"predecessor-version":[{"id":21978,"href":"https:\/\/thematchagreen.com\/fr\/wp-json\/wp\/v2\/pages\/20627\/revisions\/21978"}],"wp:attachment":[{"href":"https:\/\/thematchagreen.com\/fr\/wp-json\/wp\/v2\/media?parent=20627"}],"wp:term":[{"taxonomy":"category","embeddable":true,"href":"https:\/\/thematchagreen.com\/fr\/wp-json\/wp\/v2\/categories?post=20627"},{"taxonomy":"post_tag","embeddable":true,"href":"https:\/\/thematchagreen.com\/fr\/wp-json\/wp\/v2\/tags?post=20627"}],"curies":[{"name":"wp","href":"https:\/\/api.w.org\/{rel}","templated":true}]}}