{"id":20996,"date":"2024-09-14T09:55:46","date_gmt":"2024-09-14T07:55:46","guid":{"rendered":"https:\/\/thematchagreen.com\/?page_id=20996"},"modified":"2025-10-13T10:14:52","modified_gmt":"2025-10-13T08:14:52","slug":"vegetarian-with-japanese-food-2","status":"publish","type":"page","link":"https:\/\/thematchagreen.com\/fr\/vegetarian-with-japanese-food-2\/","title":{"rendered":"Vegetarian with Japanese Food"},"content":{"rendered":"\n<h1 class=\"wp-block-heading has-text-align-center has-x-large-font-size\">Cours de Cuisine Japonais <\/h1>\n\n\n\n<h1 class=\"wp-block-heading has-text-align-center\">Japanese Cooking Class  <\/h1>\n\n\n\n<p class=\"has-text-align-center has-large-font-size\">Vegetarian with Japanese Food<\/p>\n\n\n\n<p class=\"has-text-align-center\">*Le prix d\u00e9pend du cours. \/ Price depends on course. <\/p>\n\n\n\n<p class=\"has-text-align-center\">(Japanese Home Cooking: CHF120 \/ Ramen&amp;Gyoza: CHF115 \/ Japanese Confectionery: CHF95)<\/p>\n\n\n\n<p class=\"has-text-align-center has-text-color has-link-color has-large-font-size wp-elements-a64d77b06be3f8e16506e8dfb0087681\" style=\"color:#156044\"><strong>Vegetarian Japanese Home Cooking<\/strong> <\/p>\n\n\n\n<p><\/p>\n\n\n\n<p class=\"has-text-align-center\"><\/p>\n\n\n\n<p class=\"has-text-align-center has-large-font-size\"><\/p>\n\n\n<div class=\"twocol-one\">\n\n\n<p>Ce cours vous permettra d&#8217;apprendre de nombreux plats v\u00e9g\u00e9tariens japonais traditionnels et de fusion.<\/p>\n\n\n\n<\/div>\n\n\n\n<div class=\"twocol-one last\">\n\n\n\n<p>You can learn many Japanese traditional and fusion vegetarian meals at this class.<\/p>\n\n\n\n<\/div>\n\n\n\n<p class=\"has-text-align-center\">*<\/p>\n\n\n\n<p class=\"has-text-align-center has-text-color has-link-color has-medium-font-size wp-elements-654abf874f103a6ac2c551272c1fd633\" style=\"color:#be4f00\"><strong>Menu \u00e0 partir d&#8217;octobre 2025 \/ Menu from October 202<\/strong>5<\/p>\n\n\n\n<p>Le menu v\u00e9g\u00e9tarien de cette saison est identique \u00e0 celui des cours regulier. <strong>Veuillez s\u00e9lectionner \u00ab v\u00e9g\u00e9tarien \u00bb <\/strong>lors de votre inscription au cours.<\/p>\n\n\n\n<p>This season&#8217;s vegetarian menu is identical to the standard class offering. When booking your class, <strong>please select \u201cVegetarian\u201d.<\/strong><\/p>\n\n\n\n<p class=\"has-text-align-center has-black-color has-text-color has-link-color wp-elements-025b2da7182cbb79e981c62a8543a480\">*<\/p>\n\n\n<div class=\"twocol-one\">\n\n\n<p>\ud83c\uddeb\ud83c\uddf7La plupart des cours v\u00e9g\u00e9tariens sont organis\u00e9s s\u00e9par\u00e9ment de nos cours r\u00e9guliers. Veuillez consulter les cours de &#8220;<a href=\"https:\/\/thematchagreen.com\/regular-workshops\/japanese-home-cooking\/\"><strong>Japanese Home Cooking (cuisine familiale japonaise)<\/strong><\/a>&#8221; et de &#8220;<a href=\"https:\/\/thematchagreen.com\/fr\/regular-workshops\/workshop-ramen-making-gyoza\/\"><strong>Ramen &amp; Gyoza Making (fabrication de ramen et de gyoza<\/strong>)<\/a>&#8220;. Le cours de &#8220;<a href=\"https:\/\/thematchagreen.com\/fr\/douceurs-japonaises\/\"><strong>Japanese Confectionery (confiserie japonaise)<\/strong><\/a>&#8221; se d\u00e9roule selon le menu (le menu change deux fois par an).<\/p>\n\n\n\n<\/div>\n\n\n\n<div class=\"twocol-one last\">\n\n\n\n<p>\ud83c\uddec\ud83c\udde7Most vegetarian classes are held separately from our regular classes. Please see the \u201c<a href=\"https:\/\/thematchagreen.com\/regular-workshops\/japanese-home-cooking\/\"><strong>Japanese Home Cooking<\/strong><\/a>\u201d and \u201c<a href=\"https:\/\/thematchagreen.com\/regular-workshops\/workshop-ramen-making-gyoza\/\"><strong>Ramen &amp; Gyoza Making<\/strong><\/a>\u201d classes. \u201c<a href=\"https:\/\/thematchagreen.com\/douceurs-japonaises\/\"><strong>Japanese Confectionery<\/strong>\u201c<\/a>&nbsp;class is&nbsp;according to the menu (menu changes twice a year).<\/p>\n\n\n\n<\/div>\n\n\n\n<p class=\"has-text-align-center\">*<\/p>\n\n\n\n<p class=\"has-text-align-center\">*<\/p>\n\n\n\n<p><\/p>\n\n\n\n<p><\/p>\n\n\n\n<hr class=\"wp-block-separator has-alpha-channel-opacity\"\/>\n\n\n\n<h2 class=\"wp-block-heading has-text-align-center\"><strong><a href=\"https:\/\/thematchagreen.com\/sign-up-for-workshop\/\" target=\"_blank\" rel=\"noreferrer noopener\">Sign up for the workshop \/ S\u2019inscrire au cours<\/a><\/strong><\/h2>\n\n\n\n<p class=\"has-text-align-center has-medium-font-size\"><strong><a href=\"https:\/\/thematchagreen.com\/workshop-calendar\/\" target=\"_blank\" rel=\"noreferrer noopener\">Workshop Calendar<\/a><\/strong><\/p>\n\n\n\n<p class=\"has-text-align-center has-medium-font-size\"><strong><a href=\"https:\/\/thematchagreen.com\/contact-matchagreen\">Contact theMatchaGreen<\/a><\/strong><\/p>\n\n\n\n<p><\/p>\n","protected":false},"excerpt":{"rendered":"<p>Cours de Cuisine Japonais Japanese Cooking Class Vegetarian with Japanese Food *Le prix d\u00e9pend du cours. \/ Price depends on course. (Japanese Home Cooking: CHF120 \/ Ramen&amp;Gyoza: CHF115 \/ Japanese Confectionery: CHF95) Vegetarian Japanese Home Cooking * Menu \u00e0 partir d&#8217;octobre 2025 \/ Menu from October 2025 Le menu v\u00e9g\u00e9tarien de cette saison est identique [&hellip;]<\/p>\n","protected":false},"author":1,"featured_media":0,"parent":0,"menu_order":0,"comment_status":"closed","ping_status":"closed","template":"","meta":{"footnotes":""},"categories":[],"tags":[],"class_list":["post-20996","page","type-page","status-publish"],"translation":{"provider":"WPGlobus","version":"3.0.2","language":"fr","enabled_languages":["en","fr"],"languages":{"en":{"title":true,"content":true,"excerpt":false},"fr":{"title":false,"content":false,"excerpt":false}}},"yoast_head":"<!-- This site is optimized with the Yoast SEO plugin v27.3 - https:\/\/yoast.com\/product\/yoast-seo-wordpress\/ -->\n<title>Vegetarian with Japanese Food - theMatchaGreen<\/title>\n<meta name=\"robots\" content=\"index, follow, max-snippet:-1, max-image-preview:large, max-video-preview:-1\" \/>\n<link rel=\"canonical\" href=\"https:\/\/thematchagreen.com\/vegetarian-with-japanese-food-2\/\" \/>\n<meta property=\"og:locale\" content=\"fr_FR\" \/>\n<meta property=\"og:type\" content=\"article\" \/>\n<meta property=\"og:title\" content=\"Vegetarian with Japanese Food - theMatchaGreen\" \/>\n<meta property=\"og:url\" content=\"https:\/\/thematchagreen.com\/vegetarian-with-japanese-food-2\/\" \/>\n<meta property=\"og:site_name\" content=\"theMatchaGreen\" \/>\n<meta property=\"article:publisher\" content=\"https:\/\/www.facebook.com\/thematchagreen\/?ref=aymt_homepage_panel\" \/>\n<meta property=\"article:modified_time\" content=\"2025-10-13T08:14:52+00:00\" \/>\n<meta name=\"twitter:card\" content=\"summary_large_image\" \/>\n<meta name=\"twitter:label1\" content=\"Est. reading time\" \/>\n\t<meta name=\"twitter:data1\" content=\"1 minute\" \/>\n<script type=\"application\/ld+json\" class=\"yoast-schema-graph\">{\"@context\":\"https:\\\/\\\/schema.org\",\"@graph\":[{\"@type\":\"WebPage\",\"@id\":\"https:\\\/\\\/thematchagreen.com\\\/vegetarian-with-japanese-food-2\\\/\",\"url\":\"https:\\\/\\\/thematchagreen.com\\\/vegetarian-with-japanese-food-2\\\/\",\"name\":\"Vegetarian with Japanese Food - theMatchaGreen\",\"isPartOf\":{\"@id\":\"https:\\\/\\\/thematchagreen.com\\\/#website\"},\"datePublished\":\"2024-09-14T07:55:46+00:00\",\"dateModified\":\"2025-10-13T08:14:52+00:00\",\"breadcrumb\":{\"@id\":\"https:\\\/\\\/thematchagreen.com\\\/vegetarian-with-japanese-food-2\\\/#breadcrumb\"},\"inLanguage\":\"fr-FR\",\"potentialAction\":[{\"@type\":\"ReadAction\",\"target\":[\"https:\\\/\\\/thematchagreen.com\\\/vegetarian-with-japanese-food-2\\\/\"]}]},{\"@type\":\"BreadcrumbList\",\"@id\":\"https:\\\/\\\/thematchagreen.com\\\/vegetarian-with-japanese-food-2\\\/#breadcrumb\",\"itemListElement\":[{\"@type\":\"ListItem\",\"position\":1,\"name\":\"Home\",\"item\":\"https:\\\/\\\/thematchagreen.com\\\/\"},{\"@type\":\"ListItem\",\"position\":2,\"name\":\"Vegetarian with Japanese Food\"}]},{\"@type\":\"WebSite\",\"@id\":\"https:\\\/\\\/thematchagreen.com\\\/#website\",\"url\":\"https:\\\/\\\/thematchagreen.com\\\/\",\"name\":\"theMatchaGreen\",\"description\":\"Japanese Cooking Classes in Canton Vaud\",\"publisher\":{\"@id\":\"https:\\\/\\\/thematchagreen.com\\\/#organization\"},\"potentialAction\":[{\"@type\":\"SearchAction\",\"target\":{\"@type\":\"EntryPoint\",\"urlTemplate\":\"https:\\\/\\\/thematchagreen.com\\\/?s={search_term_string}\"},\"query-input\":{\"@type\":\"PropertyValueSpecification\",\"valueRequired\":true,\"valueName\":\"search_term_string\"}}],\"inLanguage\":\"fr-FR\"},{\"@type\":\"Organization\",\"@id\":\"https:\\\/\\\/thematchagreen.com\\\/#organization\",\"name\":\"MatchaGreen\",\"url\":\"https:\\\/\\\/thematchagreen.com\\\/\",\"logo\":{\"@type\":\"ImageObject\",\"inLanguage\":\"fr-FR\",\"@id\":\"https:\\\/\\\/thematchagreen.com\\\/#\\\/schema\\\/logo\\\/image\\\/\",\"url\":\"https:\\\/\\\/thematchagreen.com\\\/wp-content\\\/uploads\\\/2019\\\/02\\\/test2-mg-banner-logo.png\",\"contentUrl\":\"https:\\\/\\\/thematchagreen.com\\\/wp-content\\\/uploads\\\/2019\\\/02\\\/test2-mg-banner-logo.png\",\"width\":800,\"height\":146,\"caption\":\"MatchaGreen\"},\"image\":{\"@id\":\"https:\\\/\\\/thematchagreen.com\\\/#\\\/schema\\\/logo\\\/image\\\/\"},\"sameAs\":[\"https:\\\/\\\/www.facebook.com\\\/thematchagreen\\\/?ref=aymt_homepage_panel\",\"https:\\\/\\\/www.instagram.com\\\/japanesecookingrecipesmatchagr\\\/\",\"https:\\\/\\\/www.pinterest.com\\\/thematchagreen\\\/\"]}]}<\/script>\n<!-- \/ Yoast SEO plugin. -->","yoast_head_json":{"title":"Vegetarian with Japanese Food - theMatchaGreen","robots":{"index":"index","follow":"follow","max-snippet":"max-snippet:-1","max-image-preview":"max-image-preview:large","max-video-preview":"max-video-preview:-1"},"canonical":"https:\/\/thematchagreen.com\/vegetarian-with-japanese-food-2\/","og_locale":"fr_FR","og_type":"article","og_title":"Vegetarian with Japanese Food - theMatchaGreen","og_url":"https:\/\/thematchagreen.com\/vegetarian-with-japanese-food-2\/","og_site_name":"theMatchaGreen","article_publisher":"https:\/\/www.facebook.com\/thematchagreen\/?ref=aymt_homepage_panel","article_modified_time":"2025-10-13T08:14:52+00:00","twitter_card":"summary_large_image","twitter_misc":{"Est. reading time":"1 minute"},"schema":{"@context":"https:\/\/schema.org","@graph":[{"@type":"WebPage","@id":"https:\/\/thematchagreen.com\/vegetarian-with-japanese-food-2\/","url":"https:\/\/thematchagreen.com\/vegetarian-with-japanese-food-2\/","name":"Vegetarian with Japanese Food - theMatchaGreen","isPartOf":{"@id":"https:\/\/thematchagreen.com\/#website"},"datePublished":"2024-09-14T07:55:46+00:00","dateModified":"2025-10-13T08:14:52+00:00","breadcrumb":{"@id":"https:\/\/thematchagreen.com\/vegetarian-with-japanese-food-2\/#breadcrumb"},"inLanguage":"fr-FR","potentialAction":[{"@type":"ReadAction","target":["https:\/\/thematchagreen.com\/vegetarian-with-japanese-food-2\/"]}]},{"@type":"BreadcrumbList","@id":"https:\/\/thematchagreen.com\/vegetarian-with-japanese-food-2\/#breadcrumb","itemListElement":[{"@type":"ListItem","position":1,"name":"Home","item":"https:\/\/thematchagreen.com\/"},{"@type":"ListItem","position":2,"name":"Vegetarian with Japanese Food"}]},{"@type":"WebSite","@id":"https:\/\/thematchagreen.com\/#website","url":"https:\/\/thematchagreen.com\/","name":"theMatchaGreen","description":"Japanese Cooking Classes in Canton Vaud","publisher":{"@id":"https:\/\/thematchagreen.com\/#organization"},"potentialAction":[{"@type":"SearchAction","target":{"@type":"EntryPoint","urlTemplate":"https:\/\/thematchagreen.com\/?s={search_term_string}"},"query-input":{"@type":"PropertyValueSpecification","valueRequired":true,"valueName":"search_term_string"}}],"inLanguage":"fr-FR"},{"@type":"Organization","@id":"https:\/\/thematchagreen.com\/#organization","name":"MatchaGreen","url":"https:\/\/thematchagreen.com\/","logo":{"@type":"ImageObject","inLanguage":"fr-FR","@id":"https:\/\/thematchagreen.com\/#\/schema\/logo\/image\/","url":"https:\/\/thematchagreen.com\/wp-content\/uploads\/2019\/02\/test2-mg-banner-logo.png","contentUrl":"https:\/\/thematchagreen.com\/wp-content\/uploads\/2019\/02\/test2-mg-banner-logo.png","width":800,"height":146,"caption":"MatchaGreen"},"image":{"@id":"https:\/\/thematchagreen.com\/#\/schema\/logo\/image\/"},"sameAs":["https:\/\/www.facebook.com\/thematchagreen\/?ref=aymt_homepage_panel","https:\/\/www.instagram.com\/japanesecookingrecipesmatchagr\/","https:\/\/www.pinterest.com\/thematchagreen\/"]}]}},"_links":{"self":[{"href":"https:\/\/thematchagreen.com\/fr\/wp-json\/wp\/v2\/pages\/20996","targetHints":{"allow":["GET"]}}],"collection":[{"href":"https:\/\/thematchagreen.com\/fr\/wp-json\/wp\/v2\/pages"}],"about":[{"href":"https:\/\/thematchagreen.com\/fr\/wp-json\/wp\/v2\/types\/page"}],"author":[{"embeddable":true,"href":"https:\/\/thematchagreen.com\/fr\/wp-json\/wp\/v2\/users\/1"}],"replies":[{"embeddable":true,"href":"https:\/\/thematchagreen.com\/fr\/wp-json\/wp\/v2\/comments?post=20996"}],"version-history":[{"count":2,"href":"https:\/\/thematchagreen.com\/fr\/wp-json\/wp\/v2\/pages\/20996\/revisions"}],"predecessor-version":[{"id":22172,"href":"https:\/\/thematchagreen.com\/fr\/wp-json\/wp\/v2\/pages\/20996\/revisions\/22172"}],"wp:attachment":[{"href":"https:\/\/thematchagreen.com\/fr\/wp-json\/wp\/v2\/media?parent=20996"}],"wp:term":[{"taxonomy":"category","embeddable":true,"href":"https:\/\/thematchagreen.com\/fr\/wp-json\/wp\/v2\/categories?post=20996"},{"taxonomy":"post_tag","embeddable":true,"href":"https:\/\/thematchagreen.com\/fr\/wp-json\/wp\/v2\/tags?post=20996"}],"curies":[{"name":"wp","href":"https:\/\/api.w.org\/{rel}","templated":true}]}}