{"id":21521,"date":"2025-02-11T20:31:30","date_gmt":"2025-02-11T19:31:30","guid":{"rendered":"https:\/\/thematchagreen.com\/?page_id=21521"},"modified":"2025-07-15T13:38:05","modified_gmt":"2025-07-15T11:38:05","slug":"preparation-dune-aventure-culinaire-au-japon","status":"publish","type":"page","link":"https:\/\/thematchagreen.com\/fr\/preparation-dune-aventure-culinaire-au-japon\/","title":{"rendered":"Aventure Culinaire au Japon"},"content":{"rendered":"\n<p id=\"block-f57b75a0-757d-40f1-8491-da8138d4d0bc\"><\/p>\n\n\n\n<h1 class=\"wp-block-heading has-text-align-center\" id=\"block-8cd696ef-c625-422a-8ffb-b2d6e0385c03\"><strong>Aventure Culinaire au Japon<\/strong><\/h1>\n\n\n\n<p class=\"has-text-align-center\" id=\"block-df72a875-1c39-4888-bc8f-da57207d7104\" style=\"font-size:22px\"><strong>Cours de Cuisine &amp; Connaissances de Base sur la Cuisine Japonaise<\/strong><\/p>\n\n\n<div class=\"wp-block-image\">\n<figure class=\"aligncenter is-resized\" id=\"block-de6f9364-f3a9-4bc3-9e54-affec997949c\"><img decoding=\"async\" src=\"https:\/\/thematchagreen.com\/wp-content\/uploads\/2025\/02\/Travel\u30af\u30e9\u30b9\u3000\u9577\u65b9\u5f62\uff11-1000x750.jpeg\" alt=\"This image has an empty alt attribute; its file name is Travel%E3%82%AF%E3%83%A9%E3%82%B9%E3%80%80%E9%95%B7%E6%96%B9%E5%BD%A2%EF%BC%91-1000x750.jpeg\" style=\"width:424px;height:auto\"\/><\/figure>\n<\/div>\n\n\n<p id=\"block-9e1d471f-743d-4fff-9c10-5628a8380efa\"><\/p>\n\n\n\n<p id=\"block-984cf3c7-be1e-4366-bf06-b61fa3955026\">\ud83c\uddeb\ud83c\uddf7Vous pr\u00e9voyez un voyage au Japon ? Vous avez h\u00e2te de d\u00e9couvrir la c\u00e9l\u00e8bre cuisine japonaise ?&nbsp;<\/p>\n\n\n\n<p id=\"block-896ff637-f0c6-4bc1-b079-e2f0106459e6\">Que vous ayez un int\u00e9r\u00eat particulier pour la cuisine japonaise ou que vous soyez simplement curieux, ce cours vous aidera \u00e0 pr\u00e9parer votre voyage au Japon.<\/p>\n\n\n\n<p id=\"block-b066eeee-ff68-4151-a6ce-271f541254cb\"><\/p>\n\n\n\n<h2 class=\"wp-block-heading has-text-align-center\" id=\"block-b21f11ab-40dc-441a-bd4d-e147c4c48d5f\"><strong> Aventure Culinaire au Japon<\/strong><\/h2>\n\n\n\n<p class=\"has-text-align-center\" id=\"block-6981c934-756b-4c5b-b627-b072ad61da44\" style=\"font-size:22px\"><strong>Cours de Cuisine &amp; Connaissances de Base sur la Cuisine Japonaise<\/strong><\/p>\n\n\n\n<p class=\"has-text-align-center\" id=\"block-ed478203-2a6b-4f08-9cc3-f7f66fd1d5c8\" style=\"font-size:20px\">Menu : Onigiri (Tuna-mayo\/Kombu(V)) et Saumon Teriyaki \/ Aubergine Teriyaki(V)<\/p>\n\n\n\n<p id=\"block-d38f9553-fe97-48bd-8deb-8c0581db652b\"><\/p>\n\n\n\n<p id=\"block-8b5ad692-24ce-4177-b339-5f14f4cb83ed\"><strong><u>Le contenu principal est le suivant <\/u><\/strong>:<\/p>\n\n\n\n<ul id=\"block-f1a2a331-c956-40a0-92ec-0ea49c5de768\" class=\"wp-block-list\">\n<li><strong>Cours de Cuisine Japonaise&nbsp;<\/strong>: Cuisinez ensemble des plats japonais et d\u00e9gustez-les ensemble.<\/li>\n\n\n\n<li><strong>Informations G\u00e9n\u00e9rales sur la Cuisine Japonaise, les Bonnes Mani\u00e8res, etc.<\/strong>&nbsp;: Comment commander dans les restaurants, l&#8217;ordre dans lequel manger les plats, ce qu&#8217;il faut faire (et ce qu&#8217;il ne faut pas faire ! etc.).<\/li>\n\n\n\n<li><strong>Plats Recommand\u00e9s au Japon<\/strong>&nbsp;: Introduction \u00e0 la d\u00e9licieuse gastronomie japonaise pour vous aider \u00e0 planifier votre exp\u00e9rience culinaire au Japon !<\/li>\n\n\n\n<li><strong>Achats Li\u00e9s \u00e0 la Cuisine<\/strong>&nbsp;: Ingr\u00e9dients, ustensiles de cuisine, articles de table, souvenirs &#8211; quoi acheter et o\u00f9 l&#8217;acheter.<\/li>\n\n\n\n<li><strong>Question et R\u00e9ponse:<\/strong>&nbsp;Je r\u00e9pondrai \u00e0 vos questions (une question par personne envoy\u00e9e \u00e0 l&#8217;avance lors de la r\u00e9servation, puis bien s\u00fbr toutes les questions que vous aurez pendant le cours jusqu&#8217;\u00e0 la fin de celui-ci).<\/li>\n<\/ul>\n\n\n\n<p id=\"block-0bc4995b-da64-41f3-b17f-4ade55c32f33\"><strong><u>Notes<\/u><\/strong><\/p>\n\n\n\n<ul id=\"block-5732ce92-0937-41eb-900c-cdd65be740ee\" class=\"wp-block-list\">\n<li>Les explications concernent la cuisine japonaise et les sujets li\u00e9s \u00e0 la cuisine en g\u00e9n\u00e9ral.&nbsp;Je pourrai \u00e9galement commenter mon exp\u00e9riences de voyage au Japon, mais je ne suis pas une agente de voyage et NE suis PAS qualifi\u00e9es pour donner des conseils de voyage.<\/li>\n\n\n\n<li>Ces informations sont bas\u00e9es sur mon opinion et mes connaissances. Je ne recommande aucun produit ou lieu en particulier.<\/li>\n\n\n\n<li>Je ne serai pas en mesure de recommander des restaurants ou des produits alimentaires sp\u00e9cifiques. La sc\u00e8ne alimentaire \u00e9volue tr\u00e8s rapidement au Japon et vous trouverez une multitude d&#8217;informations sur place et en ligne.&nbsp;<\/li>\n\n\n\n<li><strong>Une question par personne<\/strong> est accept\u00e9e \u00e0 <strong>l&#8217;avance <\/strong>lors de la r\u00e9servation du cours<strong>(uniquement sur&nbsp;la cuisine japonaise<\/strong> et <strong>les sujets li\u00e9s \u00e0 la cuisine en g\u00e9n\u00e9ral<\/strong>).<\/li>\n\n\n\n<li><strong>ALLERGIES ALIMENTAIRES<\/strong>&nbsp;: Veuillez indiquer au moment de la r\u00e9servation si vous avez des allergies. Dans la mesure du possible, j&#8217;essaierai de les prendre en compte, mais sachez qu&#8217;il y a certaines choses que je ne peux pas faire. Veuillez \u00e9galement noter que tous les aliments pr\u00e9sent\u00e9s seront cuisin\u00e9s au m\u00eame endroit. N&#8217;h\u00e9sitez pas \u00e0 me contacter si vous avez des questions. Je vous remercie de votre compr\u00e9hension.<\/li>\n<\/ul>\n\n\n\n<p id=\"block-671a5c2a-9000-4153-9a70-be91bc1f5f61\">.<\/p>\n\n\n\n<p class=\"has-text-align-center\" id=\"block-14e24d8a-ed70-48fb-8406-424eec8ee7ff\" style=\"font-size:20px\"><strong> Aventure Culinaire au Japon<\/strong> : <strong>CHF110p.p.<\/strong><\/p>\n\n\n\n<h2 class=\"wp-block-heading has-text-align-center\" id=\"block-7a84a8b2-faff-465e-aad8-fb4b0e899e85\" style=\"font-size:22px\"><a href=\"https:\/\/thematchagreen.com\/sign-up-for-workshop\/\" target=\"_blank\" rel=\"noreferrer noopener\">Sign up for the class \/ S&#8217;inscrire au cours<\/a><\/h2>\n\n\n\n<h3 class=\"wp-block-heading has-text-align-center\" id=\"block-b9288515-6e50-4db7-8f52-9cc09aeef917\"><a href=\"https:\/\/thematchagreen.com\/contact-matchagreen\/\" target=\"_blank\" rel=\"noreferrer noopener\">Contact theMatchaGreen<\/a><\/h3>\n\n\n\n<h3 class=\"wp-block-heading has-text-align-center\" id=\"block-318ce962-3cec-414f-9419-00165357d1c6\"><a href=\"https:\/\/thematchagreen.com\/horaire\/\" target=\"_blank\" rel=\"noreferrer noopener\">Cooking Classes Schedule<\/a><\/h3>\n\n\n\n<p id=\"block-8263d43a-eef0-43e6-9033-7604e3300d70\">.<\/p>\n\n\n\n<p id=\"block-26d1b175-220f-4617-8f51-e3d6a56f1e3f\"><\/p>\n","protected":false},"excerpt":{"rendered":"<p>Aventure Culinaire au Japon Cours de Cuisine &amp; Connaissances de Base sur la Cuisine Japonaise \ud83c\uddeb\ud83c\uddf7Vous pr\u00e9voyez un voyage au Japon ? Vous avez h\u00e2te de d\u00e9couvrir la c\u00e9l\u00e8bre cuisine japonaise ?&nbsp; Que vous ayez un int\u00e9r\u00eat particulier pour la cuisine japonaise ou que vous soyez simplement curieux, ce cours vous aidera \u00e0 pr\u00e9parer votre [&hellip;]<\/p>\n","protected":false},"author":1,"featured_media":0,"parent":0,"menu_order":0,"comment_status":"closed","ping_status":"closed","template":"","meta":{"footnotes":""},"categories":[],"tags":[],"class_list":["post-21521","page","type-page","status-publish"],"translation":{"provider":"WPGlobus","version":"3.0.2","language":"fr","enabled_languages":["en","fr"],"languages":{"en":{"title":true,"content":true,"excerpt":false},"fr":{"title":true,"content":true,"excerpt":false}}},"yoast_head":"<!-- This site is optimized with the Yoast SEO plugin v27.3 - https:\/\/yoast.com\/product\/yoast-seo-wordpress\/ -->\n<title>Aventure Culinaire au Japon - theMatchaGreen<\/title>\n<meta name=\"robots\" content=\"index, follow, max-snippet:-1, max-image-preview:large, max-video-preview:-1\" \/>\n<link rel=\"canonical\" href=\"https:\/\/thematchagreen.com\/preparation-dune-aventure-culinaire-au-japon\/\" \/>\n<meta property=\"og:locale\" content=\"fr_FR\" \/>\n<meta property=\"og:type\" content=\"article\" \/>\n<meta property=\"og:title\" content=\"Aventure Culinaire au Japon - theMatchaGreen\" \/>\n<meta property=\"og:url\" content=\"https:\/\/thematchagreen.com\/preparation-dune-aventure-culinaire-au-japon\/\" \/>\n<meta property=\"og:site_name\" content=\"theMatchaGreen\" \/>\n<meta property=\"article:publisher\" content=\"https:\/\/www.facebook.com\/thematchagreen\/?ref=aymt_homepage_panel\" \/>\n<meta property=\"article:modified_time\" content=\"2025-07-15T11:38:05+00:00\" \/>\n<meta name=\"twitter:card\" content=\"summary_large_image\" \/>\n<meta name=\"twitter:label1\" content=\"Est. reading time\" \/>\n\t<meta name=\"twitter:data1\" content=\"2 minutes\" \/>\n<script type=\"application\/ld+json\" class=\"yoast-schema-graph\">{\"@context\":\"https:\\\/\\\/schema.org\",\"@graph\":[{\"@type\":\"WebPage\",\"@id\":\"https:\\\/\\\/thematchagreen.com\\\/preparation-dune-aventure-culinaire-au-japon\\\/\",\"url\":\"https:\\\/\\\/thematchagreen.com\\\/preparation-dune-aventure-culinaire-au-japon\\\/\",\"name\":\"Aventure Culinaire au Japon - theMatchaGreen\",\"isPartOf\":{\"@id\":\"https:\\\/\\\/thematchagreen.com\\\/#website\"},\"datePublished\":\"2025-02-11T19:31:30+00:00\",\"dateModified\":\"2025-07-15T11:38:05+00:00\",\"breadcrumb\":{\"@id\":\"https:\\\/\\\/thematchagreen.com\\\/preparation-dune-aventure-culinaire-au-japon\\\/#breadcrumb\"},\"inLanguage\":\"fr-FR\",\"potentialAction\":[{\"@type\":\"ReadAction\",\"target\":[\"https:\\\/\\\/thematchagreen.com\\\/preparation-dune-aventure-culinaire-au-japon\\\/\"]}]},{\"@type\":\"BreadcrumbList\",\"@id\":\"https:\\\/\\\/thematchagreen.com\\\/preparation-dune-aventure-culinaire-au-japon\\\/#breadcrumb\",\"itemListElement\":[{\"@type\":\"ListItem\",\"position\":1,\"name\":\"Home\",\"item\":\"https:\\\/\\\/thematchagreen.com\\\/\"},{\"@type\":\"ListItem\",\"position\":2,\"name\":\"Aventure Culinaire au Japon\"}]},{\"@type\":\"WebSite\",\"@id\":\"https:\\\/\\\/thematchagreen.com\\\/#website\",\"url\":\"https:\\\/\\\/thematchagreen.com\\\/\",\"name\":\"theMatchaGreen\",\"description\":\"Japanese Cooking Classes in Canton Vaud\",\"publisher\":{\"@id\":\"https:\\\/\\\/thematchagreen.com\\\/#organization\"},\"potentialAction\":[{\"@type\":\"SearchAction\",\"target\":{\"@type\":\"EntryPoint\",\"urlTemplate\":\"https:\\\/\\\/thematchagreen.com\\\/?s={search_term_string}\"},\"query-input\":{\"@type\":\"PropertyValueSpecification\",\"valueRequired\":true,\"valueName\":\"search_term_string\"}}],\"inLanguage\":\"fr-FR\"},{\"@type\":\"Organization\",\"@id\":\"https:\\\/\\\/thematchagreen.com\\\/#organization\",\"name\":\"MatchaGreen\",\"url\":\"https:\\\/\\\/thematchagreen.com\\\/\",\"logo\":{\"@type\":\"ImageObject\",\"inLanguage\":\"fr-FR\",\"@id\":\"https:\\\/\\\/thematchagreen.com\\\/#\\\/schema\\\/logo\\\/image\\\/\",\"url\":\"https:\\\/\\\/thematchagreen.com\\\/wp-content\\\/uploads\\\/2019\\\/02\\\/test2-mg-banner-logo.png\",\"contentUrl\":\"https:\\\/\\\/thematchagreen.com\\\/wp-content\\\/uploads\\\/2019\\\/02\\\/test2-mg-banner-logo.png\",\"width\":800,\"height\":146,\"caption\":\"MatchaGreen\"},\"image\":{\"@id\":\"https:\\\/\\\/thematchagreen.com\\\/#\\\/schema\\\/logo\\\/image\\\/\"},\"sameAs\":[\"https:\\\/\\\/www.facebook.com\\\/thematchagreen\\\/?ref=aymt_homepage_panel\",\"https:\\\/\\\/www.instagram.com\\\/japanesecookingrecipesmatchagr\\\/\",\"https:\\\/\\\/www.pinterest.com\\\/thematchagreen\\\/\"]}]}<\/script>\n<!-- \/ Yoast SEO plugin. -->","yoast_head_json":{"title":"Aventure Culinaire au Japon - theMatchaGreen","robots":{"index":"index","follow":"follow","max-snippet":"max-snippet:-1","max-image-preview":"max-image-preview:large","max-video-preview":"max-video-preview:-1"},"canonical":"https:\/\/thematchagreen.com\/preparation-dune-aventure-culinaire-au-japon\/","og_locale":"fr_FR","og_type":"article","og_title":"Aventure Culinaire au Japon - theMatchaGreen","og_url":"https:\/\/thematchagreen.com\/preparation-dune-aventure-culinaire-au-japon\/","og_site_name":"theMatchaGreen","article_publisher":"https:\/\/www.facebook.com\/thematchagreen\/?ref=aymt_homepage_panel","article_modified_time":"2025-07-15T11:38:05+00:00","twitter_card":"summary_large_image","twitter_misc":{"Est. reading time":"2 minutes"},"schema":{"@context":"https:\/\/schema.org","@graph":[{"@type":"WebPage","@id":"https:\/\/thematchagreen.com\/preparation-dune-aventure-culinaire-au-japon\/","url":"https:\/\/thematchagreen.com\/preparation-dune-aventure-culinaire-au-japon\/","name":"Aventure Culinaire au Japon - theMatchaGreen","isPartOf":{"@id":"https:\/\/thematchagreen.com\/#website"},"datePublished":"2025-02-11T19:31:30+00:00","dateModified":"2025-07-15T11:38:05+00:00","breadcrumb":{"@id":"https:\/\/thematchagreen.com\/preparation-dune-aventure-culinaire-au-japon\/#breadcrumb"},"inLanguage":"fr-FR","potentialAction":[{"@type":"ReadAction","target":["https:\/\/thematchagreen.com\/preparation-dune-aventure-culinaire-au-japon\/"]}]},{"@type":"BreadcrumbList","@id":"https:\/\/thematchagreen.com\/preparation-dune-aventure-culinaire-au-japon\/#breadcrumb","itemListElement":[{"@type":"ListItem","position":1,"name":"Home","item":"https:\/\/thematchagreen.com\/"},{"@type":"ListItem","position":2,"name":"Aventure Culinaire au Japon"}]},{"@type":"WebSite","@id":"https:\/\/thematchagreen.com\/#website","url":"https:\/\/thematchagreen.com\/","name":"theMatchaGreen","description":"Japanese Cooking Classes in Canton Vaud","publisher":{"@id":"https:\/\/thematchagreen.com\/#organization"},"potentialAction":[{"@type":"SearchAction","target":{"@type":"EntryPoint","urlTemplate":"https:\/\/thematchagreen.com\/?s={search_term_string}"},"query-input":{"@type":"PropertyValueSpecification","valueRequired":true,"valueName":"search_term_string"}}],"inLanguage":"fr-FR"},{"@type":"Organization","@id":"https:\/\/thematchagreen.com\/#organization","name":"MatchaGreen","url":"https:\/\/thematchagreen.com\/","logo":{"@type":"ImageObject","inLanguage":"fr-FR","@id":"https:\/\/thematchagreen.com\/#\/schema\/logo\/image\/","url":"https:\/\/thematchagreen.com\/wp-content\/uploads\/2019\/02\/test2-mg-banner-logo.png","contentUrl":"https:\/\/thematchagreen.com\/wp-content\/uploads\/2019\/02\/test2-mg-banner-logo.png","width":800,"height":146,"caption":"MatchaGreen"},"image":{"@id":"https:\/\/thematchagreen.com\/#\/schema\/logo\/image\/"},"sameAs":["https:\/\/www.facebook.com\/thematchagreen\/?ref=aymt_homepage_panel","https:\/\/www.instagram.com\/japanesecookingrecipesmatchagr\/","https:\/\/www.pinterest.com\/thematchagreen\/"]}]}},"_links":{"self":[{"href":"https:\/\/thematchagreen.com\/fr\/wp-json\/wp\/v2\/pages\/21521","targetHints":{"allow":["GET"]}}],"collection":[{"href":"https:\/\/thematchagreen.com\/fr\/wp-json\/wp\/v2\/pages"}],"about":[{"href":"https:\/\/thematchagreen.com\/fr\/wp-json\/wp\/v2\/types\/page"}],"author":[{"embeddable":true,"href":"https:\/\/thematchagreen.com\/fr\/wp-json\/wp\/v2\/users\/1"}],"replies":[{"embeddable":true,"href":"https:\/\/thematchagreen.com\/fr\/wp-json\/wp\/v2\/comments?post=21521"}],"version-history":[{"count":98,"href":"https:\/\/thematchagreen.com\/fr\/wp-json\/wp\/v2\/pages\/21521\/revisions"}],"predecessor-version":[{"id":22033,"href":"https:\/\/thematchagreen.com\/fr\/wp-json\/wp\/v2\/pages\/21521\/revisions\/22033"}],"wp:attachment":[{"href":"https:\/\/thematchagreen.com\/fr\/wp-json\/wp\/v2\/media?parent=21521"}],"wp:term":[{"taxonomy":"category","embeddable":true,"href":"https:\/\/thematchagreen.com\/fr\/wp-json\/wp\/v2\/categories?post=21521"},{"taxonomy":"post_tag","embeddable":true,"href":"https:\/\/thematchagreen.com\/fr\/wp-json\/wp\/v2\/tags?post=21521"}],"curies":[{"name":"wp","href":"https:\/\/api.w.org\/{rel}","templated":true}]}}