{"id":3117,"date":"2015-05-04T19:59:17","date_gmt":"2015-05-04T17:59:17","guid":{"rendered":"https:\/\/thematchagreen.com\/?page_id=3117"},"modified":"2024-05-25T09:53:05","modified_gmt":"2024-05-25T07:53:05","slug":"sign-up-for-workshop","status":"publish","type":"page","link":"https:\/\/thematchagreen.com\/fr\/sign-up-for-workshop\/","title":{"rendered":"S&#8217;inscrire \u00e0 un cours\/atelier"},"content":{"rendered":"\n<p><\/p>\n\n\n\n<p>Il se peut que nous ne soyons pas en mesure de r\u00e9pondre imm\u00e9diatement \u00e0 votre demande. Si vous ne recevez pas de r\u00e9ponse de notre part <strong>dans les 24 heures<\/strong>, veuillez nous contacter \u00e0 nouveau. Apr\u00e8s l&#8217;inscription, nous vous enverrons une confirmation du cours \u00e0 votre adresse \u00e9lectronique, qui se retrouve <strong><mark style=\"background-color:rgba(0, 0, 0, 0);color:#028354\" class=\"has-inline-color\">souvent dans les spams<\/mark><\/strong>. Veuillez \u00e9galement v\u00e9rifier votre adresse \u00e9lectronique. Merci d&#8217;avance. <\/p>\n\n\n\n<p><\/p>\n\n\n\n<p>We may not be able to answer your enquiry immediately. If you do not receive any response from us <strong>within 24 hours<\/strong>, please contact us again. After registration, we will send you a confirmation of the class to your email address, which <strong><mark style=\"background-color:rgba(0, 0, 0, 0);color:#02905c\" class=\"has-inline-color\">often goes into spam.<\/mark> <\/strong>Please check your email address as well. Thank you.<\/p>\n\n\n\n<p><\/p>\n\n\n<table>\n<tbody>\n<tr>\n<td style=\"vertical-align: top;\">\n<h2>Sign up for a cooking class\/workshop<\/h2>\n<\/td>\n<td style=\"vertical-align: top;\">\n<h2>Inscription \u00e0 un cours\/atelier de cuisine<\/h2>\n<\/td>\n<\/tr>\n<tr>\n<td style=\"vertical-align: top;\">When you have found the workshop you would like to attend on the Calendar, please fill in the form below. I will reply to you within two working days (from Monday to Friday). If for some reason you do not receive a reply, please send an email to <strong><a href=\"https:\/\/thematchagreen.com\/contact-matchagreen\/\" target=\"_blank\" rel=\"noopener noreferrer\">contact@thematchagreen.com<\/a><\/strong>\n<p>*<b>Note<\/b>: Please mention <strong>if you would be able to take the class in French too<\/strong>. I might ask you to change the class date due to the language.The workshop venue is between Lausanne and Morges in Canton Vaud, Switzerland. We will send you the exact address when we confirm your place at the workshop.<\/p>\n<\/td>\n<td style=\"vertical-align: top;\"><em>Apr\u00e8s avoir trouv\u00e9 le cours qui vous int\u00e9resse dans notre calendrier, veuillez remplir le formulaire ci-dessous. Je vous r\u00e9pondrai dans les deux jours ouvrables (de lundi \u00e0 vendredi). <\/em><em>Si, pour quelque raison que ce soit, vous ne recevez pas ma r\u00e9ponse, veuillez nous contacter sur <strong><a href=\"https:\/\/thematchagreen.com\/contact-matchagreen\/\" target=\"_blank\" rel=\"noopener noreferrer\">contact@thematchagreen.com<\/a><\/strong><\/em>\n<p>*<strong>Noter<\/strong> : Veuillez mentionner <strong>si vous pouvez prendre le cours en anglais aussi<\/strong>. Je pourrais vous demander de changer la date de la classe en raison de la langue.<em>L&#8217;atelier aura lieu entre Lausanne and Morges dans Canton Vaud, Suisse. Nous vous enverrons l&#8217;adresse exact lors de la confirmation de votre inscription \u00e0 l&#8217;atelier.<\/em><\/p>\n<\/td>\n<\/tr>\n<tr>\n<td style=\"vertical-align: top;\">If you are a group of <strong>more than 4 people<\/strong>, we should be able to arrange a date and time that suits you.<\/td>\n<td style=\"vertical-align: top;\"><em>Si vous \u00eates un groupe de <strong>plus de 4 personnes<\/strong>, il est en principe possible de s&#8217;entendre sur le jour et l&#8217;heure.<\/em><\/td>\n<\/tr>\n<\/tbody>\n<\/table>\n<div><div class=\"ufbl-form-wrapper ufbl-default-template\" style=\"width:600px;\">\r\n    <form method=\"post\" action=\"\" class=\"ufbl-front-form\">\r\n\t\t\t\t\t\t<input type=\"hidden\" name=\"form_id\" value=\"1\" class=\"form-id\"\/>\r\n\t\t\t\t\t\t\t\t<div class=\"ufbl-form-field-wrap \" id=\"1\">\r\n\t\t\t\t\t\t\t<label>Your full name \/ Votre nom et pr\u00e9nom *<\/label>\r\n\t\t\t\t\t\t\t<div class=\"ufbl-form-field\">\r\n\t\t\t\t\t\t\t\t<input type=\"text\" name=\"ufbl_field_1\" class=\"ufbl-form-textfield ufbl-required\" data-max-chars=\"100\" data-min-chars=\"4\" data-error-message=\"Please enter your name here \/ Veuillez saisir votre nom ici\" placeholder=\"name \/ nom\" value=\"\"\/>\r\n\t\t\t\t\t\t\t\t<div class=\"ufbl-error\"  data-error-key=\"ufbl_field_1\"><\/div>\r\n\t\t\t\t\t\t\t<\/div>\r\n\t\t\t\t\t\t<\/div>\r\n\t\t\t\t\t\t\t\t\t\t\t\t<div class=\"ufbl-form-field-wrap \" >\r\n\t\t\t\t\t\t\t<label>Class name \/ Nom du cours *<\/label>\r\n\t\t\t\t\t\t\t<div class=\"ufbl-form-field\">\r\n\t\t\t\t\t\t\t\t\t\t\t\t\t\t\t\t\t\t<div class=\"ufbl-sub-field-wrap\"><input type=\"checkbox\" value=\"Ramen & Gyoza Making\" name=\"ufbl_field_18[]\" class=\"ufbl-form-checkbox ufbl-required\" id=\"1-ufbl_field_18-0\"\/><label for=\"1-ufbl_field_18-0\">Ramen & Gyoza Making<\/label><\/div>\r\n\t\t\t\t\t\t\t\t\t\t\t\t\t\t\t\t\t\t\t\t<div class=\"ufbl-sub-field-wrap\"><input type=\"checkbox\" value=\"V\u00e9g\u00e9tarien Ramen & Gyoza Making\" name=\"ufbl_field_18[]\" class=\"ufbl-form-checkbox ufbl-required\" id=\"1-ufbl_field_18-1\"\/><label for=\"1-ufbl_field_18-1\">Vegetarian Ramen & Gyoza Making<\/label><\/div>\r\n\t\t\t\t\t\t\t\t\t\t\t\t\t\t\t\t\t\t\t\t<div class=\"ufbl-sub-field-wrap\"><input type=\"checkbox\" value=\"Sushi Making Basics\" name=\"ufbl_field_18[]\" class=\"ufbl-form-checkbox ufbl-required\" id=\"1-ufbl_field_18-2\"\/><label for=\"1-ufbl_field_18-2\">Sushi Making Basics<\/label><\/div>\r\n\t\t\t\t\t\t\t\t\t\t\t\t\t\t\t\t\t\t\t\t<div class=\"ufbl-sub-field-wrap\"><input type=\"checkbox\" value=\"Cuisine Japonaise Tous les jours\" name=\"ufbl_field_18[]\" class=\"ufbl-form-checkbox ufbl-required\" id=\"1-ufbl_field_18-3\"\/><label for=\"1-ufbl_field_18-3\">Japanese Home Cooking \/ Cuisine japonaise tous les jours<\/label><\/div>\r\n\t\t\t\t\t\t\t\t\t\t\t\t\t\t\t\t\t\t\t\t<div class=\"ufbl-sub-field-wrap\"><input type=\"checkbox\" value=\"V\u00e9g\u00e9tarien Cuisine Japonaise Tous les Jours\" name=\"ufbl_field_18[]\" class=\"ufbl-form-checkbox ufbl-required\" id=\"1-ufbl_field_18-4\"\/><label for=\"1-ufbl_field_18-4\">Vegetarian Japanese Home Cooking \/ Cuisine japonaise tous les jours<\/label><\/div>\r\n\t\t\t\t\t\t\t\t\t\t\t\t\t\t\t\t\t\t\t\t<div class=\"ufbl-sub-field-wrap\"><input type=\"checkbox\" value=\"Japanese Street Food\" name=\"ufbl_field_18[]\" class=\"ufbl-form-checkbox ufbl-required\" id=\"1-ufbl_field_18-5\"\/><label for=\"1-ufbl_field_18-5\">Japanese Street Food<\/label><\/div>\r\n\t\t\t\t\t\t\t\t\t\t\t\t\t\t\t\t\t\t\t\t<div class=\"ufbl-sub-field-wrap\"><input type=\"checkbox\" value=\"Japanese Confectionery \/ Douceur japonaise\" name=\"ufbl_field_18[]\" class=\"ufbl-form-checkbox ufbl-required\" id=\"1-ufbl_field_18-6\"\/><label for=\"1-ufbl_field_18-6\">Japanese Confectionery \/ Douceur japonaise<\/label><\/div>\r\n\t\t\t\t\t\t\t\t\t\t\t\t\t\t\t\t\t\t\t\t<div class=\"ufbl-sub-field-wrap\"><input type=\"checkbox\" value=\"Other \/ Autre\" name=\"ufbl_field_18[]\" class=\"ufbl-form-checkbox ufbl-required\" id=\"1-ufbl_field_18-7\"\/><label for=\"1-ufbl_field_18-7\">Other \/ Autre<\/label><\/div>\r\n\t\t\t\t\t\t\t\t\t\t\t\t\t\t\t\t\t\t<div class=\"ufbl-error\" data-error-key=\"ufbl_field_18\"><\/div>\r\n\t\t\t\t\t\t\t<\/div>\r\n\t\t\t\t\t\t<\/div>\r\n\t\t\t\t\t\t\t\t\t\t\t\t<div class=\"ufbl-form-field-wrap \" >\r\n\t\t\t\t\t\t\t<label>Date and time of class \/ Date et heure du cours *<\/label>\r\n\t\t\t\t\t\t\t<div class=\"ufbl-form-field\">\r\n\t\t\t\t\t\t\t\t<input type=\"text\" name=\"ufbl_field_13\" class=\"ufbl-form-textfield ufbl-required\" data-max-chars=\"\" data-min-chars=\"6\" data-error-message=\"Please enter the date and time of this workshop \/ Veuillez saisir la date et heure du cours\" placeholder=\"Date\/time of workshop \/ Date\/heure de l&#039;atelier\" value=\"\"\/>\r\n\t\t\t\t\t\t\t\t<div class=\"ufbl-error\"  data-error-key=\"ufbl_field_13\"><\/div>\r\n\t\t\t\t\t\t\t<\/div>\r\n\t\t\t\t\t\t<\/div>\r\n\t\t\t\t\t\t\t\t\t\t\t\t<div class=\"ufbl-form-field-wrap \" >\r\n\t\t\t\t\t\t\t<label>Number of people attending \/ Nr de participants *<\/label>\r\n\t\t\t\t\t\t\t<div class=\"ufbl-form-field\">\r\n\t\t\t\t\t\t\t\t<input type=\"number\" name=\"ufbl_field_4\" class=\"ufbl-number-field ufbl-required\" data-error-message=\"Please enter the number\" placeholder=\"\" value=\"\" data-max-chars=\"10\" data-min-chars=\"1\"\/>\r\n\t\t\t\t\t\t\t\t<div class=\"ufbl-error\" data-error-key=\"ufbl_field_4\"><\/div>\r\n\t\t\t\t\t\t\t<\/div>\r\n\t\t\t\t\t\t<\/div>\r\n\t\t\t\t\t\t\t\t\t\t\t\t<div class=\"ufbl-form-field-wrap email\" id=\"2\">\r\n\t\t\t\t\t\t\t<label>Your email \/ Votre adresse courriel *<\/label>\r\n\t\t\t\t\t\t\t<div class=\"ufbl-form-field\">\r\n\t\t\t\t\t\t\t\t<input type=\"email\" name=\"ufbl_field_2\" class=\"ufbl-email-field ufbl-required\" data-error-message=\"\" placeholder=\"someone@example.ch\" value=\"\"\/>\r\n\t\t\t\t\t\t\t\t<div class=\"ufbl-error\"  data-error-key=\"ufbl_field_2\"><\/div>\r\n\t\t\t\t\t\t\t<\/div>\r\n\t\t\t\t\t\t<\/div>\r\n\t\t\t\t\t\t\t\t\t\t\t\t<div class=\"ufbl-form-field-wrap \" id=\"8\">\r\n\t\t\t\t\t\t\t<label>Your mobile number \/ Votre nr. mobile *<\/label>\r\n\t\t\t\t\t\t\t<div class=\"ufbl-form-field\">\r\n\t\t\t\t\t\t\t\t<input type=\"text\" name=\"ufbl_field_11\" class=\"ufbl-form-textfield ufbl-required\" data-max-chars=\"\" data-min-chars=\"10\" data-error-message=\"Please enter your mobile number \/ Veuillez saisir votre nr. de t\u00e9l\u00e9phone mobile\" placeholder=\"(in case I need to text you : au cas o\u00f9 je dois vous envoyer un message)\" value=\"\"\/>\r\n\t\t\t\t\t\t\t\t<div class=\"ufbl-error\"  data-error-key=\"ufbl_field_11\"><\/div>\r\n\t\t\t\t\t\t\t<\/div>\r\n\t\t\t\t\t\t<\/div>\r\n\t\t\t\t\t\t\t\t\t\t\t\t<div class=\"ufbl-form-field-wrap 6\" id=\"6\">\r\n\t\t\t\t\t\t\t<label>Preferred language \/ Langue pr\u00e9f\u00e9r\u00e9e *<\/label>\r\n\t\t\t\t\t\t\t<div class=\"ufbl-form-field\">\r\n\t\t\t\t\t\t\t\t<select name=\"ufbl_field_6\" class=\"ufbl-form-dropdown ufbl-required\" >\r\n\t\t\t\t\t\t\t\t\t\t\t\t\t\t\t\t\t\t\t\t<option value=\"Please select\">Please select<\/option>\r\n\t\t\t\t\t\t\t\t\t\t\t\t\t\t\t\t\t\t\t\t\t\t<option value=\"English\">English<\/option>\r\n\t\t\t\t\t\t\t\t\t\t\t\t\t\t\t\t\t\t\t\t\t\t<option value=\"Fran\u00e7ais\">Fran\u00e7ais<\/option>\r\n\t\t\t\t\t\t\t\t\t\t\t\t\t\t\t\t\t\t\t\t\t\t<option value=\"English & Fran\u00e7ais\">English & Fran\u00e7ais<\/option>\r\n\t\t\t\t\t\t\t\t\t\t\t\t\t\t\t\t\t\t\t<\/select>\r\n\r\n\t\t\t\t\t\t\t\t<div class=\"ufbl-error\" data-error-key=\"ufbl_field_6\"><\/div>\r\n\t\t\t\t\t\t\t<\/div>\r\n\t\t\t\t\t\t<\/div>\r\n\t\t\t\t\t\t\t\t\t\t\t\t<div class=\"ufbl-form-field-wrap \" >\r\n\t\t\t\t\t\t\t<label>Voucher number (if you have one) \/ Nr de bon, si vous en avez)<\/label>\r\n\t\t\t\t\t\t\t<div class=\"ufbl-form-field\">\r\n\t\t\t\t\t\t\t\t<input type=\"text\" name=\"ufbl_field_14\" class=\"ufbl-form-textfield \" data-max-chars=\"\" data-min-chars=\"\" data-error-message=\"Please fill the voucher number\" placeholder=\"\" value=\"\"\/>\r\n\t\t\t\t\t\t\t\t<div class=\"ufbl-error\"  data-error-key=\"ufbl_field_14\"><\/div>\r\n\t\t\t\t\t\t\t<\/div>\r\n\t\t\t\t\t\t<\/div>\r\n\t\t\t\t\t\t\t\t\t\t\t\t<div class=\"ufbl-form-field-wrap \" >\r\n\t\t\t\t\t\t\t<label>Taking photos in class and putting them on websites, etc. \/ Prendre des photos en classe et les mettre sur des sites web, etc. *<\/label>\r\n\t\t\t\t\t\t\t<div class=\"ufbl-form-field\">\r\n\t\t\t\t\t\t\t\t<select name=\"ufbl_field_17\" class=\"ufbl-form-dropdown ufbl-required\" >\r\n\t\t\t\t\t\t\t\t\t\t\t\t\t\t\t\t\t\t\t\t<option value=\"&lt;reference_dropdown\">Please select.<\/option>\r\n\t\t\t\t\t\t\t\t\t\t\t\t\t\t\t\t\t\t\t\t\t\t<option value=\"Yes, no problem. \/ Oui, aucun probl\u00e8me.\">Yes, no problem. \/ Oui, aucun probl\u00e8me.<\/option>\r\n\t\t\t\t\t\t\t\t\t\t\t\t\t\t\t\t\t\t\t\t\t\t<option value=\"Yes, but not the face\">Yes, but not the face. \/ Oui, mais pas le visage.<\/option>\r\n\t\t\t\t\t\t\t\t\t\t\t\t\t\t\t\t\t\t\t\t\t\t<option value=\"No, I don't want to. \/ Non, je ne veux pas.\">No, I don't want to. \/ Non, je ne veux pas.<\/option>\r\n\t\t\t\t\t\t\t\t\t\t\t\t\t\t\t\t\t\t\t<\/select>\r\n\r\n\t\t\t\t\t\t\t\t<div class=\"ufbl-error\" data-error-key=\"ufbl_field_17\"><\/div>\r\n\t\t\t\t\t\t\t<\/div>\r\n\t\t\t\t\t\t<\/div>\r\n\t\t\t\t\t\t\t\t\t\t\t\t<div class=\"ufbl-form-field-wrap \" >\r\n\t\t\t\t\t\t\t<label>Is this your first time? \/ Votre premi\u00e8re fois ? *<\/label>\r\n\t\t\t\t\t\t\t<div class=\"ufbl-form-field\">\r\n\t\t\t\t\t\t\t\t<select name=\"ufbl_field_21\" class=\"ufbl-form-dropdown \" >\r\n\t\t\t\t\t\t\t\t\t\t\t\t\t\t\t\t\t\t\t\t<option value=\"\">Please select.<\/option>\r\n\t\t\t\t\t\t\t\t\t\t\t\t\t\t\t\t\t\t\t\t\t\t<option value=\"First time. \/ Premi\u00e8re fois.\">First time. \/ Premi\u00e8re fois.<\/option>\r\n\t\t\t\t\t\t\t\t\t\t\t\t\t\t\t\t\t\t\t\t\t\t<option value=\"Second times. \/ Deuxi\u00e8me fois.\">Second times. \/ Deuxi\u00e8me fois.<\/option>\r\n\t\t\t\t\t\t\t\t\t\t\t\t\t\t\t\t\t\t\t\t\t\t<option value=\"Several times. \/ Plusieurs fois.\">Several times. \/ Plusieurs fois.<\/option>\r\n\t\t\t\t\t\t\t\t\t\t\t\t\t\t\t\t\t\t\t<\/select>\r\n\r\n\t\t\t\t\t\t\t\t<div class=\"ufbl-error\" data-error-key=\"ufbl_field_21\"><\/div>\r\n\t\t\t\t\t\t\t<\/div>\r\n\t\t\t\t\t\t<\/div>\r\n\t\t\t\t\t\t\t\t\t\t\t\t<div class=\"ufbl-form-field-wrap \" id=\"9\">\r\n\t\t\t\t\t\t\t<label>Any comments \/ des remarques (Especially if you have FOOD ALLERGIES \/ Surtout si vous avez des ALLERGIES ALIMENTATAIRE.)<\/label>\r\n\t\t\t\t\t\t\t<div class=\"ufbl-form-field\">\r\n\t\t\t\t\t\t\t\t<textarea name=\"ufbl_field_12\" class=\"ufbl-form-textarea \" data-max-chars=\"200\" data-min-chars=\"0\" data-error-message=\"\" rows=\"5\" cols=\"10\" placeholder=\"Any comments : des remarques\"><\/textarea>\r\n\t\t\t\t\t\t\t\t<div class=\"ufbl-error\"  data-error-key=\"ufbl_field_12\"><\/div>\r\n\t\t\t\t\t\t\t<\/div>\r\n\t\t\t\t\t\t<\/div>\r\n\t\t\t\t\t\t\t\t\t\t\t\t<div class=\"ufbl-form-field-wrap \" id=\"7\">\r\n\t\t\t\t\t\t\t<label>Answer the question \/ R\u00e9pondre \u00e0 la question *<\/label>\r\n\t\t\t\t\t\t\t<div class=\"ufbl-form-field\">\r\n\t\t\t\t\t\t\t\t\t\t\t\t\t\t\t\t\t<div class=\"ufbl-math-captcha-wrap\">\r\n\t\t\t\t\t\t\t\t\t\t<span class=\"ufbl-captcha-num\">3<\/span> + <span>5<\/span> = <input type=\"text\" name=\"ufbl_field_7\" class=\"ufbl-math-captcha-ans\" placeholder=\"total\"\/>\r\n\t\t\t\t\t\t\t\t\t\t<input type=\"hidden\" name=\"ufbl_field_7_num_1\" value=\"3\"\/>\r\n\t\t\t\t\t\t\t\t\t\t<input type=\"hidden\" name=\"ufbl_field_7_num_2\" value=\"5\"\/>\r\n\t\t\t\t\t\t\t\t\t<\/div>\r\n\t\t\t\t\t\t\t\t\r\n\t\t\t\t\t\t\t\t<div class=\"ufbl-error\" data-error-key=\"ufbl_field_7\"><\/div>\r\n\t\t\t\t\t\t\t<\/div>\r\n\t\t\t\t\t\t<\/div>\r\n\t\t\t\t\t\t\t\t\t\t\t\t<div class=\"ufbl-form-field-wrap \" id=\"8\">\r\n\t\t\t\t\t\t\t<div class=\"ufbl-form-field\">\r\n\t\t\t\t\t\t\t\t<input type=\"submit\" class=\"ufbl-form-submit\" name=\"ufbl_field_9\" value=\"Send \/ Envoyer\"\/>\r\n\t\t\t\t\t\t\t\t\t\t\t\t\t\t\t\t<span class=\"ufbl-form-loader\" style=\"display:none\"><\/span>\r\n\t\t\t\t\t\t\t<\/div>\r\n\t\t\t\t\t\t<\/div>\r\n\t\t\t\t\t\t\t\t<div class=\"ufbl-form-message\" style=\"display: none;\"><\/div>\r\n\r\n\t\t\t<\/form>\r\n\r\n<\/div>\r\n\r\n<\/div>\n<table style=\"font-size: 100%;\" width=\"100%\">\n<tbody>\n<tr>\n<td style=\"vertical-align: top;\">\u00a0<\/td>\n<td style=\"vertical-align: top;\">Merci de votre int\u00e9r\u00eat. Je me r\u00e9jouis de vous voir \u00e0 l&#8217;atelier!<\/td>\n<\/tr>\n<\/tbody>\n<\/table>\n<p><span style=\"color: #4a7571;\"><strong>theMatchaGree<\/strong><\/span><\/p>\n<div class=\"twocol-one\">\n<p><span style=\"color: #333333;\"><strong><a href=\"https:\/\/www.gastrovaud.ch\/wp-content\/uploads\/2019\/09\/ALLERGIE_A3_DETAILS_FR_GastroVd_BD.pdf\" target=\"_blank\" rel=\"noopener\">Allergies<\/a>;<\/strong><\/span><br \/><span style=\"color: #333333;\"><strong>We listen to you.<\/strong><\/span><\/p>\n<p>Dear customer,<br \/>On request, we will be happy to provide you with information on foods that can trigger allergies or intolerances.<\/p>\n<p>theMatchaGreen<\/p>\n<\/div> <div class=\"twocol-one last\">\n<p><span style=\"color: #333333;\"><strong><a href=\"https:\/\/www.gastrovaud.ch\/wp-content\/uploads\/2019\/09\/ALLERGIE_A3_DETAILS_FR_GastroVd_BD.pdf\" target=\"_blank\" rel=\"noopener\">Allergies<\/a>;<\/strong><\/span><br \/><span style=\"color: #333333;\"><strong>Nous sommes \u00e0 l&#8217;\u00e9coute.<\/strong><\/span><\/p>\n<p>Ch\u00e8re cliente, cher client,<br \/>Sur demande, nos vous donneront volontiers des informations sur les mets qui peuvent d\u00e9clencher des allergies ou des intol\u00e9rances.<\/p>\n<p>theMatchaGreen<\/p>\n<\/div>","protected":false},"excerpt":{"rendered":"<p>Il se peut que nous ne soyons pas en mesure de r\u00e9pondre imm\u00e9diatement \u00e0 votre demande. Si vous ne recevez pas de r\u00e9ponse de notre part dans les 24 heures, veuillez nous contacter \u00e0 nouveau. Apr\u00e8s l&#8217;inscription, nous vous enverrons une confirmation du cours \u00e0 votre adresse \u00e9lectronique, qui se retrouve souvent dans les spams. [&hellip;]<\/p>\n","protected":false},"author":1,"featured_media":0,"parent":0,"menu_order":49,"comment_status":"closed","ping_status":"closed","template":"","meta":{"footnotes":""},"categories":[],"tags":[554],"class_list":{"0":"post-3117","1":"page","2":"type-page","3":"status-publish","5":"tag-sign-up-form"},"translation":{"provider":"WPGlobus","version":"3.0.2","language":"fr","enabled_languages":["en","fr"],"languages":{"en":{"title":true,"content":true,"excerpt":false},"fr":{"title":true,"content":true,"excerpt":false}}},"yoast_head":"<!-- This site is optimized with the Yoast SEO plugin v27.3 - https:\/\/yoast.com\/product\/yoast-seo-wordpress\/ -->\n<title>S&#039;inscrire \u00e0 un cours\/atelier - Please use this page to sign up for a course.<\/title>\n<meta name=\"robots\" content=\"index, follow, max-snippet:-1, max-image-preview:large, max-video-preview:-1\" \/>\n<link rel=\"canonical\" href=\"https:\/\/thematchagreen.com\/sign-up-for-workshop\/\" \/>\n<meta property=\"og:locale\" content=\"fr_FR\" \/>\n<meta property=\"og:type\" content=\"article\" \/>\n<meta property=\"og:title\" content=\"S&#039;inscrire \u00e0 un cours\/atelier - theMatchaGreen\" \/>\n<meta property=\"og:url\" content=\"https:\/\/thematchagreen.com\/sign-up-for-workshop\/\" \/>\n<meta property=\"og:site_name\" content=\"theMatchaGreen\" \/>\n<meta property=\"article:publisher\" content=\"https:\/\/www.facebook.com\/thematchagreen\/?ref=aymt_homepage_panel\" \/>\n<meta property=\"article:modified_time\" content=\"2024-05-25T07:53:05+00:00\" \/>\n<meta name=\"twitter:card\" content=\"summary_large_image\" \/>\n<meta name=\"twitter:label1\" content=\"Est. reading time\" \/>\n\t<meta name=\"twitter:data1\" content=\"2 minutes\" \/>\n<script type=\"application\/ld+json\" class=\"yoast-schema-graph\">{\"@context\":\"https:\\\/\\\/schema.org\",\"@graph\":[{\"@type\":\"WebPage\",\"@id\":\"https:\\\/\\\/thematchagreen.com\\\/sign-up-for-workshop\\\/\",\"url\":\"https:\\\/\\\/thematchagreen.com\\\/sign-up-for-workshop\\\/\",\"name\":\"S'inscrire \u00e0 un cours\\\/atelier - Please use this page to sign up for a course.\",\"isPartOf\":{\"@id\":\"https:\\\/\\\/thematchagreen.com\\\/#website\"},\"datePublished\":\"2015-05-04T17:59:17+00:00\",\"dateModified\":\"2024-05-25T07:53:05+00:00\",\"description\":\"Please use this page to sign up for a workshop in Japanese and fusion cuisine.\",\"breadcrumb\":{\"@id\":\"https:\\\/\\\/thematchagreen.com\\\/sign-up-for-workshop\\\/#breadcrumb\"},\"inLanguage\":\"fr-FR\",\"potentialAction\":[{\"@type\":\"ReadAction\",\"target\":[\"https:\\\/\\\/thematchagreen.com\\\/sign-up-for-workshop\\\/\"]}]},{\"@type\":\"BreadcrumbList\",\"@id\":\"https:\\\/\\\/thematchagreen.com\\\/sign-up-for-workshop\\\/#breadcrumb\",\"itemListElement\":[{\"@type\":\"ListItem\",\"position\":1,\"name\":\"Home\",\"item\":\"https:\\\/\\\/thematchagreen.com\\\/\"},{\"@type\":\"ListItem\",\"position\":2,\"name\":\"Sign up for a class\\\/workshop\"}]},{\"@type\":\"WebSite\",\"@id\":\"https:\\\/\\\/thematchagreen.com\\\/#website\",\"url\":\"https:\\\/\\\/thematchagreen.com\\\/\",\"name\":\"theMatchaGreen\",\"description\":\"Japanese Cooking Classes in Canton Vaud\",\"publisher\":{\"@id\":\"https:\\\/\\\/thematchagreen.com\\\/#organization\"},\"potentialAction\":[{\"@type\":\"SearchAction\",\"target\":{\"@type\":\"EntryPoint\",\"urlTemplate\":\"https:\\\/\\\/thematchagreen.com\\\/?s={search_term_string}\"},\"query-input\":{\"@type\":\"PropertyValueSpecification\",\"valueRequired\":true,\"valueName\":\"search_term_string\"}}],\"inLanguage\":\"fr-FR\"},{\"@type\":\"Organization\",\"@id\":\"https:\\\/\\\/thematchagreen.com\\\/#organization\",\"name\":\"MatchaGreen\",\"url\":\"https:\\\/\\\/thematchagreen.com\\\/\",\"logo\":{\"@type\":\"ImageObject\",\"inLanguage\":\"fr-FR\",\"@id\":\"https:\\\/\\\/thematchagreen.com\\\/#\\\/schema\\\/logo\\\/image\\\/\",\"url\":\"https:\\\/\\\/thematchagreen.com\\\/wp-content\\\/uploads\\\/2019\\\/02\\\/test2-mg-banner-logo.png\",\"contentUrl\":\"https:\\\/\\\/thematchagreen.com\\\/wp-content\\\/uploads\\\/2019\\\/02\\\/test2-mg-banner-logo.png\",\"width\":800,\"height\":146,\"caption\":\"MatchaGreen\"},\"image\":{\"@id\":\"https:\\\/\\\/thematchagreen.com\\\/#\\\/schema\\\/logo\\\/image\\\/\"},\"sameAs\":[\"https:\\\/\\\/www.facebook.com\\\/thematchagreen\\\/?ref=aymt_homepage_panel\",\"https:\\\/\\\/www.instagram.com\\\/japanesecookingrecipesmatchagr\\\/\",\"https:\\\/\\\/www.pinterest.com\\\/thematchagreen\\\/\"]}]}<\/script>\n<!-- \/ Yoast SEO plugin. -->","yoast_head_json":{"title":"S'inscrire \u00e0 un cours\/atelier - Please use this page to sign up for a course.","robots":{"index":"index","follow":"follow","max-snippet":"max-snippet:-1","max-image-preview":"max-image-preview:large","max-video-preview":"max-video-preview:-1"},"canonical":"https:\/\/thematchagreen.com\/sign-up-for-workshop\/","og_locale":"fr_FR","og_type":"article","og_title":"S'inscrire \u00e0 un cours\/atelier - theMatchaGreen","og_url":"https:\/\/thematchagreen.com\/sign-up-for-workshop\/","og_site_name":"theMatchaGreen","article_publisher":"https:\/\/www.facebook.com\/thematchagreen\/?ref=aymt_homepage_panel","article_modified_time":"2024-05-25T07:53:05+00:00","twitter_card":"summary_large_image","twitter_misc":{"Est. reading time":"2 minutes"},"schema":{"@context":"https:\/\/schema.org","@graph":[{"@type":"WebPage","@id":"https:\/\/thematchagreen.com\/sign-up-for-workshop\/","url":"https:\/\/thematchagreen.com\/sign-up-for-workshop\/","name":"S'inscrire \u00e0 un cours\/atelier - Please use this page to sign up for a course.","isPartOf":{"@id":"https:\/\/thematchagreen.com\/#website"},"datePublished":"2015-05-04T17:59:17+00:00","dateModified":"2024-05-25T07:53:05+00:00","description":"Please use this page to sign up for a workshop in Japanese and fusion cuisine.","breadcrumb":{"@id":"https:\/\/thematchagreen.com\/sign-up-for-workshop\/#breadcrumb"},"inLanguage":"fr-FR","potentialAction":[{"@type":"ReadAction","target":["https:\/\/thematchagreen.com\/sign-up-for-workshop\/"]}]},{"@type":"BreadcrumbList","@id":"https:\/\/thematchagreen.com\/sign-up-for-workshop\/#breadcrumb","itemListElement":[{"@type":"ListItem","position":1,"name":"Home","item":"https:\/\/thematchagreen.com\/"},{"@type":"ListItem","position":2,"name":"Sign up for a class\/workshop"}]},{"@type":"WebSite","@id":"https:\/\/thematchagreen.com\/#website","url":"https:\/\/thematchagreen.com\/","name":"theMatchaGreen","description":"Japanese Cooking Classes in Canton Vaud","publisher":{"@id":"https:\/\/thematchagreen.com\/#organization"},"potentialAction":[{"@type":"SearchAction","target":{"@type":"EntryPoint","urlTemplate":"https:\/\/thematchagreen.com\/?s={search_term_string}"},"query-input":{"@type":"PropertyValueSpecification","valueRequired":true,"valueName":"search_term_string"}}],"inLanguage":"fr-FR"},{"@type":"Organization","@id":"https:\/\/thematchagreen.com\/#organization","name":"MatchaGreen","url":"https:\/\/thematchagreen.com\/","logo":{"@type":"ImageObject","inLanguage":"fr-FR","@id":"https:\/\/thematchagreen.com\/#\/schema\/logo\/image\/","url":"https:\/\/thematchagreen.com\/wp-content\/uploads\/2019\/02\/test2-mg-banner-logo.png","contentUrl":"https:\/\/thematchagreen.com\/wp-content\/uploads\/2019\/02\/test2-mg-banner-logo.png","width":800,"height":146,"caption":"MatchaGreen"},"image":{"@id":"https:\/\/thematchagreen.com\/#\/schema\/logo\/image\/"},"sameAs":["https:\/\/www.facebook.com\/thematchagreen\/?ref=aymt_homepage_panel","https:\/\/www.instagram.com\/japanesecookingrecipesmatchagr\/","https:\/\/www.pinterest.com\/thematchagreen\/"]}]}},"_links":{"self":[{"href":"https:\/\/thematchagreen.com\/fr\/wp-json\/wp\/v2\/pages\/3117","targetHints":{"allow":["GET"]}}],"collection":[{"href":"https:\/\/thematchagreen.com\/fr\/wp-json\/wp\/v2\/pages"}],"about":[{"href":"https:\/\/thematchagreen.com\/fr\/wp-json\/wp\/v2\/types\/page"}],"author":[{"embeddable":true,"href":"https:\/\/thematchagreen.com\/fr\/wp-json\/wp\/v2\/users\/1"}],"replies":[{"embeddable":true,"href":"https:\/\/thematchagreen.com\/fr\/wp-json\/wp\/v2\/comments?post=3117"}],"version-history":[{"count":1,"href":"https:\/\/thematchagreen.com\/fr\/wp-json\/wp\/v2\/pages\/3117\/revisions"}],"predecessor-version":[{"id":22185,"href":"https:\/\/thematchagreen.com\/fr\/wp-json\/wp\/v2\/pages\/3117\/revisions\/22185"}],"wp:attachment":[{"href":"https:\/\/thematchagreen.com\/fr\/wp-json\/wp\/v2\/media?parent=3117"}],"wp:term":[{"taxonomy":"category","embeddable":true,"href":"https:\/\/thematchagreen.com\/fr\/wp-json\/wp\/v2\/categories?post=3117"},{"taxonomy":"post_tag","embeddable":true,"href":"https:\/\/thematchagreen.com\/fr\/wp-json\/wp\/v2\/tags?post=3117"}],"curies":[{"name":"wp","href":"https:\/\/api.w.org\/{rel}","templated":true}]}}