{"id":3209,"date":"2018-05-07T10:15:58","date_gmt":"2018-05-07T08:15:58","guid":{"rendered":"https:\/\/thematchagreen.com\/?page_id=3209"},"modified":"2024-05-25T10:03:36","modified_gmt":"2024-05-25T08:03:36","slug":"contact-matchagreen","status":"publish","type":"page","link":"https:\/\/thematchagreen.com\/fr\/contact-matchagreen\/","title":{"rendered":"Contacter"},"content":{"rendered":"\n<p><\/p>\n\n\n\n<h1 class=\"wp-block-heading\">Contact theMatchaGreen<\/h1>\n\n\n<div class=\"twocol-one\">\n<p>If you would like to sign up for a cooking class or ask about a private lesson, click here: <strong><a href=\"https:\/\/thematchagreen.com\/?page_id=3117\" target=\"_blank\" rel=\"noopener noreferrer\">Sign up for a workshop<\/a><\/strong><\/p>\n<p>If you would like to<\/p>\n<ul type=\"square\">\n<li><strong>work with theMatchaGreen<\/strong><\/li>\n<li><strong>ask us to create a recipe for you, or<\/strong><\/li>\n<li><strong>anything else<\/strong><\/li>\n<\/ul>\n<p>&#8230; please fill in the form below. (After the text in French)<\/p>\n<p><strong> I will contact you within two working days.<\/strong><\/p>\n<p>\u26a0\ufe0fIf you have any problems contacting me using the form below, please send me a message to<\/p>\n<p><strong>contact@thematchagreen.com<\/strong><\/p>\n<p>We may not be able to answer your enquiry immediately. If you do not receive any response from us within 24 hours, please contact us again. After registration, we will send you a confirmation of the class to your email address, which often goes into spam. Please check your email address as well. Thank you for your cooperation.<\/p>\n<\/div>\n\n\n<div class=\"twocol-one last\">\n<p><em>Si vous souhaitez vous inscrire \u00e0 un atelier ou poser des questions sur une le\u00e7on priv\u00e9e, <\/em><\/p>\n<p><em>cliquez ici : <strong><a href=\"https:\/\/thematchagreen.com\/sign-up-for-workshop\/\">Inscrivez-vous \u00e0 un atelier<\/a><\/strong> <\/em><\/p>\n<p><em>Si vous souhaitez<\/em><\/p>\n<ul>\n<li><strong><em>travailler avec theMatchaGreen<br \/>\n<\/em><\/strong><\/li>\n<li><strong><em>nous demander de cr\u00e9er une recette pour vous, <\/em><\/strong><\/li>\n<li><em><strong>ou quoi que ce soit d&#8217;autre<\/strong><br \/>\n<\/em><\/li>\n<\/ul>\n<p><em>&#8230; veuillez svp remplir le formulaire ci-dessous. <\/em><\/p>\n<p><em>Je vous contacterai dans les deux jours ouvrables.<\/em><\/p>\n<p>\u26a0\ufe0fSi vous avez des difficult\u00e9s \u00e0 me contacter avec le formulaire ci-dessous, veuillez m&#8217;envoyer un message \u00a0\u00e0<\/p>\n<p><strong>contact@thematchagreen.com.<\/strong><\/p>\n<p>Il se peut que nous ne soyons pas en mesure de r\u00e9pondre imm\u00e9diatement \u00e0 votre demande. Si vous ne recevez pas de r\u00e9ponse de notre part dans les 24 heures, veuillez nous contacter \u00e0 nouveau. Apr\u00e8s l\u2019inscription, nous vous enverrons une confirmation du cours \u00e0 votre adresse \u00e9lectronique, qui se retrouve souvent dans les spams. Veuillez \u00e9galement v\u00e9rifier votre adresse \u00e9lectronique. Je vous remercie de votre coop\u00e9ration.<\/p>\n<\/div>\n\n\n\n<hr class=\"wp-block-separator has-alpha-channel-opacity\"\/>\n\n\n<div class=\"ufbl-form-wrapper ufbl-no-design-template\" style=\"width:400px;\">\r\n    <form method=\"post\" action=\"\" class=\"ufbl-front-form\">\r\n\t\t\t\t\t\t<input type=\"hidden\" name=\"form_id\" value=\"2\" class=\"form-id\"\/>\r\n\t\t\t\t\t\t\t\t<div class=\"ufbl-form-field-wrap \" id=\"1\">\r\n\t\t\t\t\t\t\t<label>Your name : Votre nom *<\/label>\r\n\t\t\t\t\t\t\t<div class=\"ufbl-form-field\">\r\n\t\t\t\t\t\t\t\t<input type=\"text\" name=\"ufbl_field_1\" class=\"ufbl-form-textfield ufbl-required\" data-max-chars=\"100\" data-min-chars=\"4\" data-error-message=\"Please enter your name here\" placeholder=\"name\/nom\" value=\"\"\/>\r\n\t\t\t\t\t\t\t\t<div class=\"ufbl-error\"  data-error-key=\"ufbl_field_1\"><\/div>\r\n\t\t\t\t\t\t\t<\/div>\r\n\t\t\t\t\t\t<\/div>\r\n\t\t\t\t\t\t\t\t\t\t\t\t<div class=\"ufbl-form-field-wrap email\" id=\"2\">\r\n\t\t\t\t\t\t\t<label>Email : adresse courriel *<\/label>\r\n\t\t\t\t\t\t\t<div class=\"ufbl-form-field\">\r\n\t\t\t\t\t\t\t\t<input type=\"email\" name=\"ufbl_field_4\" class=\"ufbl-email-field ufbl-required\" data-error-message=\"\" placeholder=\"someone@somewhere.ch\" value=\"\"\/>\r\n\t\t\t\t\t\t\t\t<div class=\"ufbl-error\"  data-error-key=\"ufbl_field_4\"><\/div>\r\n\t\t\t\t\t\t\t<\/div>\r\n\t\t\t\t\t\t<\/div>\r\n\t\t\t\t\t\t\t\t\t\t\t\t<div class=\"ufbl-form-field-wrap \" >\r\n\t\t\t\t\t\t\t<label>Your mobile phone number \/ Votre num\u00e9ro de t\u00e9l\u00e9phone portable *<\/label>\r\n\t\t\t\t\t\t\t<div class=\"ufbl-form-field\">\r\n\t\t\t\t\t\t\t\t<input type=\"text\" name=\"ufbl_field_8\" class=\"ufbl-form-textfield ufbl-required\" data-max-chars=\"\" data-min-chars=\"\" data-error-message=\"\" placeholder=\"\" value=\"\"\/>\r\n\t\t\t\t\t\t\t\t<div class=\"ufbl-error\"  data-error-key=\"ufbl_field_8\"><\/div>\r\n\t\t\t\t\t\t\t<\/div>\r\n\t\t\t\t\t\t<\/div>\r\n\t\t\t\t\t\t\t\t\t\t\t\t<div class=\"ufbl-form-field-wrap \" >\r\n\t\t\t\t\t\t\t<label>Preferred dates and time \/ Dates pr\u00e9f\u00e9r\u00e9es et heures<\/label>\r\n\t\t\t\t\t\t\t<div class=\"ufbl-form-field\">\r\n\t\t\t\t\t\t\t\t<input type=\"text\" name=\"ufbl_field_12\" class=\"ufbl-form-textfield \" data-max-chars=\"\" data-min-chars=\"\" data-error-message=\"\" placeholder=\"\" value=\"\"\/>\r\n\t\t\t\t\t\t\t\t<div class=\"ufbl-error\"  data-error-key=\"ufbl_field_12\"><\/div>\r\n\t\t\t\t\t\t\t<\/div>\r\n\t\t\t\t\t\t<\/div>\r\n\t\t\t\t\t\t\t\t\t\t\t\t<div class=\"ufbl-form-field-wrap \" >\r\n\t\t\t\t\t\t\t<label>Expected number of participants \/Nombre de participants pr\u00e9vu<\/label>\r\n\t\t\t\t\t\t\t<div class=\"ufbl-form-field\">\r\n\t\t\t\t\t\t\t\t<input type=\"number\" name=\"ufbl_field_9\" class=\"ufbl-number-field \" data-error-message=\"\" placeholder=\"\" value=\"\" data-max-chars=\"\" data-min-chars=\"\"\/>\r\n\t\t\t\t\t\t\t\t<div class=\"ufbl-error\" data-error-key=\"ufbl_field_9\"><\/div>\r\n\t\t\t\t\t\t\t<\/div>\r\n\t\t\t\t\t\t<\/div>\r\n\t\t\t\t\t\t\t\t\t\t\t\t<div class=\"ufbl-form-field-wrap \" >\r\n\t\t\t\t\t\t\t<label>Private workshop with\/for, \/ Atelier priv\u00e9 avec\/pour,<\/label>\r\n\t\t\t\t\t\t\t<div class=\"ufbl-form-field\">\r\n\t\t\t\t\t\t\t\t\t\t\t\t\t\t\t\t\t\t<div class=\"ufbl-sub-field-wrap\"><input type=\"checkbox\" value=\"reference_checkbox\" name=\"ufbl_field_10[]\" class=\"ufbl-form-checkbox \" id=\"2-ufbl_field_10-0\"\/><label for=\"2-ufbl_field_10-0\">Family or friends \/ Famille ou amis<\/label><\/div>\r\n\t\t\t\t\t\t\t\t\t\t\t\t\t\t\t\t\t\t\t\t<div class=\"ufbl-sub-field-wrap\"><input type=\"checkbox\" value=\"Family or friends \/ Famille ou amis\" name=\"ufbl_field_10[]\" class=\"ufbl-form-checkbox \" id=\"2-ufbl_field_10-1\"\/><label for=\"2-ufbl_field_10-1\">Team building with colleague \/ Team building avec des coll\u00e8gues<\/label><\/div>\r\n\t\t\t\t\t\t\t\t\t\t\t\t\t\t\t\t\t\t\t\t<div class=\"ufbl-sub-field-wrap\"><input type=\"checkbox\" value=\"Team building with colleague \/ Team building avec des coll\u00e8gues\" name=\"ufbl_field_10[]\" class=\"ufbl-form-checkbox \" id=\"2-ufbl_field_10-2\"\/><label for=\"2-ufbl_field_10-2\">Hen party \/ Enterrement de vie de jeune fille<\/label><\/div>\r\n\t\t\t\t\t\t\t\t\t\t\t\t\t\t\t\t\t\t\t\t<div class=\"ufbl-sub-field-wrap\"><input type=\"checkbox\" value=\"Hen party \/ Enterrement de vie de jeune fille\" name=\"ufbl_field_10[]\" class=\"ufbl-form-checkbox \" id=\"2-ufbl_field_10-3\"\/><label for=\"2-ufbl_field_10-3\">Other \/ Autre<\/label><\/div>\r\n\t\t\t\t\t\t\t\t\t\t\t\t\t\t\t\t\t\t<div class=\"ufbl-error\" data-error-key=\"ufbl_field_10\"><\/div>\r\n\t\t\t\t\t\t\t<\/div>\r\n\t\t\t\t\t\t<\/div>\r\n\t\t\t\t\t\t\t\t\t\t\t\t<div class=\"ufbl-form-field-wrap \" id=\"3\">\r\n\t\t\t\t\t\t\t<label>Questions\/comments : Questions\/remarques *<\/label>\r\n\t\t\t\t\t\t\t<div class=\"ufbl-form-field\">\r\n\t\t\t\t\t\t\t\t<textarea name=\"ufbl_field_3\" class=\"ufbl-form-textarea ufbl-required\" data-max-chars=\"200\" data-min-chars=\"10\" data-error-message=\"Please enter your message : veuillez saisir votre message ici\" rows=\"7\" cols=\"10\" placeholder=\"\">Please ask your question or make your suggestion here!<\/textarea>\r\n\t\t\t\t\t\t\t\t<div class=\"ufbl-error\"  data-error-key=\"ufbl_field_3\"><\/div>\r\n\t\t\t\t\t\t\t<\/div>\r\n\t\t\t\t\t\t<\/div>\r\n\t\t\t\t\t\t\t\t\t\t\t\t<div class=\"ufbl-form-field-wrap \" id=\"4\">\r\n\t\t\t\t\t\t\t<label>Answer the question : r\u00e9pondre \u00e0 la question<\/label>\r\n\t\t\t\t\t\t\t<div class=\"ufbl-form-field\">\r\n\t\t\t\t\t\t\t\t\t\t\t\t\t\t\t\t\t<div class=\"ufbl-math-captcha-wrap\">\r\n\t\t\t\t\t\t\t\t\t\t<span class=\"ufbl-captcha-num\">2<\/span> + <span>0<\/span> = <input type=\"text\" name=\"ufbl_field_5\" class=\"ufbl-math-captcha-ans\" placeholder=\"total\"\/>\r\n\t\t\t\t\t\t\t\t\t\t<input type=\"hidden\" name=\"ufbl_field_5_num_1\" value=\"2\"\/>\r\n\t\t\t\t\t\t\t\t\t\t<input type=\"hidden\" name=\"ufbl_field_5_num_2\" value=\"0\"\/>\r\n\t\t\t\t\t\t\t\t\t<\/div>\r\n\t\t\t\t\t\t\t\t\r\n\t\t\t\t\t\t\t\t<div class=\"ufbl-error\" data-error-key=\"ufbl_field_5\"><\/div>\r\n\t\t\t\t\t\t\t<\/div>\r\n\t\t\t\t\t\t<\/div>\r\n\t\t\t\t\t\t\t\t\t\t\t\t<div class=\"ufbl-form-field-wrap \" id=\"5\">\r\n\t\t\t\t\t\t\t<div class=\"ufbl-form-field\">\r\n\t\t\t\t\t\t\t\t<input type=\"submit\" class=\"ufbl-form-submit\" name=\"ufbl_field_6\" value=\"Send : Envoyer\"\/>\r\n\t\t\t\t\t\t\t\t\t\t\t\t\t\t\t\t<span class=\"ufbl-form-loader\" style=\"display:none\"><\/span>\r\n\t\t\t\t\t\t\t<\/div>\r\n\t\t\t\t\t\t<\/div>\r\n\t\t\t\t\t\t\t\t<div class=\"ufbl-form-message\" style=\"display: none;\"><\/div>\r\n\r\n\t\t\t<\/form>\r\n\r\n<\/div>\r\n\r\n\n\n\n\n<p>\u3042\u308a\u304c\u3068\u3046! Thank you! Merci!<\/p>\n","protected":false},"excerpt":{"rendered":"<p>Contact theMatchaGreen \u3042\u308a\u304c\u3068\u3046! Thank you! Merci!<\/p>\n","protected":false},"author":1,"featured_media":0,"parent":0,"menu_order":9,"comment_status":"closed","ping_status":"closed","template":"","meta":{"footnotes":""},"categories":[357],"tags":[],"class_list":{"0":"post-3209","1":"page","2":"type-page","3":"status-publish","5":"category-matchagreen-company"},"translation":{"provider":"WPGlobus","version":"3.0.2","language":"fr","enabled_languages":["en","fr"],"languages":{"en":{"title":true,"content":true,"excerpt":false},"fr":{"title":true,"content":true,"excerpt":false}}},"yoast_head":"<!-- This site is optimized with the Yoast SEO plugin v27.3 - https:\/\/yoast.com\/product\/yoast-seo-wordpress\/ -->\n<title>Contacter  - Please use this form to contact us at theMatchaGreen!<\/title>\n<meta name=\"robots\" content=\"index, follow, max-snippet:-1, max-image-preview:large, max-video-preview:-1\" \/>\n<link rel=\"canonical\" href=\"https:\/\/thematchagreen.com\/contact-matchagreen\/\" \/>\n<meta property=\"og:locale\" content=\"fr_FR\" \/>\n<meta property=\"og:type\" content=\"article\" \/>\n<meta property=\"og:title\" content=\"Contacter  - theMatchaGreen\" \/>\n<meta property=\"og:url\" content=\"https:\/\/thematchagreen.com\/contact-matchagreen\/\" \/>\n<meta property=\"og:site_name\" content=\"theMatchaGreen\" \/>\n<meta property=\"article:publisher\" content=\"https:\/\/www.facebook.com\/thematchagreen\/?ref=aymt_homepage_panel\" \/>\n<meta property=\"article:modified_time\" content=\"2024-05-25T08:03:36+00:00\" \/>\n<meta name=\"twitter:card\" content=\"summary_large_image\" \/>\n<meta name=\"twitter:label1\" content=\"Est. reading time\" \/>\n\t<meta name=\"twitter:data1\" content=\"2 minutes\" \/>\n<script type=\"application\/ld+json\" class=\"yoast-schema-graph\">{\"@context\":\"https:\\\/\\\/schema.org\",\"@graph\":[{\"@type\":\"WebPage\",\"@id\":\"https:\\\/\\\/thematchagreen.com\\\/contact-matchagreen\\\/\",\"url\":\"https:\\\/\\\/thematchagreen.com\\\/contact-matchagreen\\\/\",\"name\":\"Contacter - Please use this form to contact us at theMatchaGreen!\",\"isPartOf\":{\"@id\":\"https:\\\/\\\/thematchagreen.com\\\/#website\"},\"datePublished\":\"2018-05-07T08:15:58+00:00\",\"dateModified\":\"2024-05-25T08:03:36+00:00\",\"description\":\"Please use this form to contact us for any reason **except** to sign up for a course. You will find separate links on the website for course bookings.\",\"breadcrumb\":{\"@id\":\"https:\\\/\\\/thematchagreen.com\\\/contact-matchagreen\\\/#breadcrumb\"},\"inLanguage\":\"fr-FR\",\"potentialAction\":[{\"@type\":\"ReadAction\",\"target\":[\"https:\\\/\\\/thematchagreen.com\\\/contact-matchagreen\\\/\"]}]},{\"@type\":\"BreadcrumbList\",\"@id\":\"https:\\\/\\\/thematchagreen.com\\\/contact-matchagreen\\\/#breadcrumb\",\"itemListElement\":[{\"@type\":\"ListItem\",\"position\":1,\"name\":\"Home\",\"item\":\"https:\\\/\\\/thematchagreen.com\\\/\"},{\"@type\":\"ListItem\",\"position\":2,\"name\":\"Contact theMatchaGreen\"}]},{\"@type\":\"WebSite\",\"@id\":\"https:\\\/\\\/thematchagreen.com\\\/#website\",\"url\":\"https:\\\/\\\/thematchagreen.com\\\/\",\"name\":\"theMatchaGreen\",\"description\":\"Japanese Cooking Classes in Canton Vaud\",\"publisher\":{\"@id\":\"https:\\\/\\\/thematchagreen.com\\\/#organization\"},\"potentialAction\":[{\"@type\":\"SearchAction\",\"target\":{\"@type\":\"EntryPoint\",\"urlTemplate\":\"https:\\\/\\\/thematchagreen.com\\\/?s={search_term_string}\"},\"query-input\":{\"@type\":\"PropertyValueSpecification\",\"valueRequired\":true,\"valueName\":\"search_term_string\"}}],\"inLanguage\":\"fr-FR\"},{\"@type\":\"Organization\",\"@id\":\"https:\\\/\\\/thematchagreen.com\\\/#organization\",\"name\":\"MatchaGreen\",\"url\":\"https:\\\/\\\/thematchagreen.com\\\/\",\"logo\":{\"@type\":\"ImageObject\",\"inLanguage\":\"fr-FR\",\"@id\":\"https:\\\/\\\/thematchagreen.com\\\/#\\\/schema\\\/logo\\\/image\\\/\",\"url\":\"https:\\\/\\\/thematchagreen.com\\\/wp-content\\\/uploads\\\/2019\\\/02\\\/test2-mg-banner-logo.png\",\"contentUrl\":\"https:\\\/\\\/thematchagreen.com\\\/wp-content\\\/uploads\\\/2019\\\/02\\\/test2-mg-banner-logo.png\",\"width\":800,\"height\":146,\"caption\":\"MatchaGreen\"},\"image\":{\"@id\":\"https:\\\/\\\/thematchagreen.com\\\/#\\\/schema\\\/logo\\\/image\\\/\"},\"sameAs\":[\"https:\\\/\\\/www.facebook.com\\\/thematchagreen\\\/?ref=aymt_homepage_panel\",\"https:\\\/\\\/www.instagram.com\\\/japanesecookingrecipesmatchagr\\\/\",\"https:\\\/\\\/www.pinterest.com\\\/thematchagreen\\\/\"]}]}<\/script>\n<!-- \/ Yoast SEO plugin. -->","yoast_head_json":{"title":"Contacter  - Please use this form to contact us at theMatchaGreen!","robots":{"index":"index","follow":"follow","max-snippet":"max-snippet:-1","max-image-preview":"max-image-preview:large","max-video-preview":"max-video-preview:-1"},"canonical":"https:\/\/thematchagreen.com\/contact-matchagreen\/","og_locale":"fr_FR","og_type":"article","og_title":"Contacter  - theMatchaGreen","og_url":"https:\/\/thematchagreen.com\/contact-matchagreen\/","og_site_name":"theMatchaGreen","article_publisher":"https:\/\/www.facebook.com\/thematchagreen\/?ref=aymt_homepage_panel","article_modified_time":"2024-05-25T08:03:36+00:00","twitter_card":"summary_large_image","twitter_misc":{"Est. reading time":"2 minutes"},"schema":{"@context":"https:\/\/schema.org","@graph":[{"@type":"WebPage","@id":"https:\/\/thematchagreen.com\/contact-matchagreen\/","url":"https:\/\/thematchagreen.com\/contact-matchagreen\/","name":"Contacter - Please use this form to contact us at theMatchaGreen!","isPartOf":{"@id":"https:\/\/thematchagreen.com\/#website"},"datePublished":"2018-05-07T08:15:58+00:00","dateModified":"2024-05-25T08:03:36+00:00","description":"Please use this form to contact us for any reason **except** to sign up for a course. You will find separate links on the website for course bookings.","breadcrumb":{"@id":"https:\/\/thematchagreen.com\/contact-matchagreen\/#breadcrumb"},"inLanguage":"fr-FR","potentialAction":[{"@type":"ReadAction","target":["https:\/\/thematchagreen.com\/contact-matchagreen\/"]}]},{"@type":"BreadcrumbList","@id":"https:\/\/thematchagreen.com\/contact-matchagreen\/#breadcrumb","itemListElement":[{"@type":"ListItem","position":1,"name":"Home","item":"https:\/\/thematchagreen.com\/"},{"@type":"ListItem","position":2,"name":"Contact theMatchaGreen"}]},{"@type":"WebSite","@id":"https:\/\/thematchagreen.com\/#website","url":"https:\/\/thematchagreen.com\/","name":"theMatchaGreen","description":"Japanese Cooking Classes in Canton Vaud","publisher":{"@id":"https:\/\/thematchagreen.com\/#organization"},"potentialAction":[{"@type":"SearchAction","target":{"@type":"EntryPoint","urlTemplate":"https:\/\/thematchagreen.com\/?s={search_term_string}"},"query-input":{"@type":"PropertyValueSpecification","valueRequired":true,"valueName":"search_term_string"}}],"inLanguage":"fr-FR"},{"@type":"Organization","@id":"https:\/\/thematchagreen.com\/#organization","name":"MatchaGreen","url":"https:\/\/thematchagreen.com\/","logo":{"@type":"ImageObject","inLanguage":"fr-FR","@id":"https:\/\/thematchagreen.com\/#\/schema\/logo\/image\/","url":"https:\/\/thematchagreen.com\/wp-content\/uploads\/2019\/02\/test2-mg-banner-logo.png","contentUrl":"https:\/\/thematchagreen.com\/wp-content\/uploads\/2019\/02\/test2-mg-banner-logo.png","width":800,"height":146,"caption":"MatchaGreen"},"image":{"@id":"https:\/\/thematchagreen.com\/#\/schema\/logo\/image\/"},"sameAs":["https:\/\/www.facebook.com\/thematchagreen\/?ref=aymt_homepage_panel","https:\/\/www.instagram.com\/japanesecookingrecipesmatchagr\/","https:\/\/www.pinterest.com\/thematchagreen\/"]}]}},"_links":{"self":[{"href":"https:\/\/thematchagreen.com\/fr\/wp-json\/wp\/v2\/pages\/3209","targetHints":{"allow":["GET"]}}],"collection":[{"href":"https:\/\/thematchagreen.com\/fr\/wp-json\/wp\/v2\/pages"}],"about":[{"href":"https:\/\/thematchagreen.com\/fr\/wp-json\/wp\/v2\/types\/page"}],"author":[{"embeddable":true,"href":"https:\/\/thematchagreen.com\/fr\/wp-json\/wp\/v2\/users\/1"}],"replies":[{"embeddable":true,"href":"https:\/\/thematchagreen.com\/fr\/wp-json\/wp\/v2\/comments?post=3209"}],"version-history":[{"count":0,"href":"https:\/\/thematchagreen.com\/fr\/wp-json\/wp\/v2\/pages\/3209\/revisions"}],"wp:attachment":[{"href":"https:\/\/thematchagreen.com\/fr\/wp-json\/wp\/v2\/media?parent=3209"}],"wp:term":[{"taxonomy":"category","embeddable":true,"href":"https:\/\/thematchagreen.com\/fr\/wp-json\/wp\/v2\/categories?post=3209"},{"taxonomy":"post_tag","embeddable":true,"href":"https:\/\/thematchagreen.com\/fr\/wp-json\/wp\/v2\/tags?post=3209"}],"curies":[{"name":"wp","href":"https:\/\/api.w.org\/{rel}","templated":true}]}}