{"id":7173,"date":"2016-07-05T17:14:50","date_gmt":"2016-07-05T15:14:50","guid":{"rendered":"https:\/\/thematchagreen.com\/?page_id=7173"},"modified":"2023-08-29T14:04:19","modified_gmt":"2023-08-29T12:04:19","slug":"workshop-holiday-child-parent-sushi","status":"publish","type":"page","link":"https:\/\/thematchagreen.com\/fr\/regular-workshops\/workshop-holiday-child-parent-sushi\/","title":{"rendered":"Atelier de Vacances : Sushi Making"},"content":{"rendered":"<h1 style=\"text-align: center;\">Atelier de Vacance : Sushi Making<\/h1>\n<h3 style=\"text-align: center;\">(d\u00e9s CHF170 pour enfant &amp; parent)<\/h3>\n<h3 style=\"text-align: center;\">Making Sushi (\u00e0 exploiter apr\u00e8s l&#8217;atelier)<\/h3>\n<div><div class=\"threecol-one\"><img decoding=\"async\" class=\"alignnone size-thumbnail wp-image-8267\" src=\"https:\/\/thematchagreen.com\/wp-content\/uploads\/2016\/11\/P1380678-e1491299758194-200x200.jpg\" alt=\"sumeshi\" width=\"200\" height=\"200\" srcset=\"https:\/\/thematchagreen.com\/wp-content\/uploads\/2016\/11\/P1380678-e1491299758194-200x200.jpg 200w, https:\/\/thematchagreen.com\/wp-content\/uploads\/2016\/11\/P1380678-e1491299758194-50x50.jpg 50w, https:\/\/thematchagreen.com\/wp-content\/uploads\/2016\/11\/P1380678-e1491299758194-300x300.jpg 300w, https:\/\/thematchagreen.com\/wp-content\/uploads\/2016\/11\/P1380678-e1491299758194-60x60.jpg 60w, https:\/\/thematchagreen.com\/wp-content\/uploads\/2016\/11\/P1380678-e1491299758194-80x80.jpg 80w\" sizes=\"(max-width: 200px) 100vw, 200px\" \/><\/div> <div class=\"threecol-one\"><img decoding=\"async\" class=\"alignnone size-thumbnail wp-image-11348\" src=\"https:\/\/thematchagreen.com\/wp-content\/uploads\/2018\/06\/fullsizeoutput_2719-200x200.jpeg\" alt=\"children class\" width=\"200\" height=\"200\" \/><\/div> <div class=\"threecol-one last\"><img decoding=\"async\" class=\"alignnone size-thumbnail wp-image-11477\" src=\"https:\/\/thematchagreen.com\/wp-content\/uploads\/2018\/07\/fullsizeoutput_2729-200x200.jpeg\" alt=\"class\" width=\"200\" height=\"200\" \/><\/div><\/div>\n<h2 style=\"text-align: center;\"><\/h2>\n<h3>Vous apprendrez<\/h3>\n<ul>\n<li>Comment pr\u00e9parer le riz \u00e0 sushi<\/li>\n<li>Comment faire une forme de sushi (4 types diff\u00e9rents)<\/li>\n<\/ul>\n<p>*Veuillez noter que le contenu de cet atelier n&#8217;est pas exactement le m\u00eame que celui d&#8217;un cours de sushi r\u00e9gulier (sushi making basics).<\/p>\n<p>*Le cours dure entre 1,5 et 2 heures. \u00c0 la fin, vous repartez avec les sushis que vous avez confectionn\u00e9s.<\/p>\n<h3>Prix<\/h3>\n<ul>\n<li>170 CHF par groupe d&#8217;enfants et de parents (<strong>enfants de 6 \u00e0 15 ans, doivent \u00eatre accompagn\u00e9s d&#8217;un adulte)<\/strong><br \/>\n*CHF 75 pour chaque enfant suppl\u00e9mentaire (de 6 \u00e0 15 ans), CHF 90 pour chaque personne suppl\u00e9mentaire \u00e0 partir de 16 ans.<\/li>\n<li>Pour les <strong>enfants seuls<\/strong>, l&#8217;\u00e2ge minimum de l&#8217;enfant doit <strong>\u00eatre de 16 ans<\/strong> et le prix est de 90 CHF p.p.<\/li>\n<\/ul>\n<h3>Veuillez noter<\/h3>\n<ul>\n<li><strong>Un adulte doit accompagner<\/strong> l&#8217;enfant \u00e2g\u00e9 de 6 \u00e0 15 ans.<\/li>\n<li>Nous autorisons un adulte avec un enfant, ou avec un <strong>maximum de 3 enfants avec un co\u00fbt suppl\u00e9mentaire.<\/strong><\/li>\n<\/ul>\n<p style=\"text-align: center;\">Si vous avez encore des questions, veuillez <a href=\"https:\/\/thematchagreen.com\/contact-matchagreen\">nous contactez<\/a>.<br \/>\nA bient\u00f4t!<\/p>\n<h2 style=\"text-align: center;\"><a href=\"https:\/\/thematchagreen.com\/sign-up-for-workshop\/\">S&#8217;inscrire pour cet atelier<\/a><\/h2>\n","protected":false},"excerpt":{"rendered":"<p>Atelier de Vacance : Sushi Making (d\u00e9s CHF170 pour enfant &amp; parent) Making Sushi (\u00e0 exploiter apr\u00e8s l&#8217;atelier) Vous apprendrez Comment pr\u00e9parer le riz \u00e0 sushi Comment faire une forme de sushi (4 types diff\u00e9rents) *Veuillez noter que le contenu de cet atelier n&#8217;est pas exactement le m\u00eame que celui d&#8217;un cours de sushi r\u00e9gulier [&hellip;]<\/p>\n","protected":false},"author":1,"featured_media":8264,"parent":4300,"menu_order":40,"comment_status":"closed","ping_status":"closed","template":"","meta":{"footnotes":""},"categories":[337],"tags":[515,562,501],"class_list":{"0":"post-7173","1":"page","2":"type-page","3":"status-publish","4":"has-post-thumbnail","6":"category-workshops","7":"tag-children","8":"tag-holiday","9":"tag-sushi"},"translation":{"provider":"WPGlobus","version":"3.0.2","language":"fr","enabled_languages":["en","fr"],"languages":{"en":{"title":true,"content":true,"excerpt":false},"fr":{"title":true,"content":true,"excerpt":false}}},"yoast_head":"<!-- This site is optimized with the Yoast SEO plugin v27.3 - https:\/\/yoast.com\/product\/yoast-seo-wordpress\/ -->\n<title>Atelier de Vacances : Sushi Making - theMatchaGreen<\/title>\n<meta name=\"robots\" content=\"index, follow, max-snippet:-1, max-image-preview:large, max-video-preview:-1\" \/>\n<link rel=\"canonical\" href=\"https:\/\/thematchagreen.com\/regular-workshops\/workshop-holiday-child-parent-sushi\/\" \/>\n<meta property=\"og:locale\" content=\"fr_FR\" \/>\n<meta property=\"og:type\" content=\"article\" \/>\n<meta property=\"og:title\" content=\"Atelier de Vacances : Sushi Making - theMatchaGreen\" \/>\n<meta property=\"og:url\" content=\"https:\/\/thematchagreen.com\/regular-workshops\/workshop-holiday-child-parent-sushi\/\" \/>\n<meta property=\"og:site_name\" content=\"theMatchaGreen\" \/>\n<meta property=\"article:publisher\" content=\"https:\/\/www.facebook.com\/thematchagreen\/?ref=aymt_homepage_panel\" \/>\n<meta property=\"article:modified_time\" content=\"2023-08-29T12:04:19+00:00\" \/>\n<meta property=\"og:image\" content=\"https:\/\/thematchagreen.com\/wp-content\/uploads\/2016\/11\/P1380676-e1478551389775.jpg\" \/>\n\t<meta property=\"og:image:width\" content=\"1000\" \/>\n\t<meta property=\"og:image:height\" content=\"750\" \/>\n\t<meta property=\"og:image:type\" content=\"image\/jpeg\" \/>\n<meta name=\"twitter:card\" content=\"summary_large_image\" \/>\n<meta name=\"twitter:label1\" content=\"Est. reading time\" \/>\n\t<meta name=\"twitter:data1\" content=\"2 minutes\" \/>\n<script type=\"application\/ld+json\" class=\"yoast-schema-graph\">{\"@context\":\"https:\\\/\\\/schema.org\",\"@graph\":[{\"@type\":\"WebPage\",\"@id\":\"https:\\\/\\\/thematchagreen.com\\\/regular-workshops\\\/workshop-holiday-child-parent-sushi\\\/\",\"url\":\"https:\\\/\\\/thematchagreen.com\\\/regular-workshops\\\/workshop-holiday-child-parent-sushi\\\/\",\"name\":\"Atelier de Vacances : Sushi Making - theMatchaGreen\",\"isPartOf\":{\"@id\":\"https:\\\/\\\/thematchagreen.com\\\/#website\"},\"primaryImageOfPage\":{\"@id\":\"https:\\\/\\\/thematchagreen.com\\\/regular-workshops\\\/workshop-holiday-child-parent-sushi\\\/#primaryimage\"},\"image\":{\"@id\":\"https:\\\/\\\/thematchagreen.com\\\/regular-workshops\\\/workshop-holiday-child-parent-sushi\\\/#primaryimage\"},\"thumbnailUrl\":\"https:\\\/\\\/thematchagreen.com\\\/wp-content\\\/uploads\\\/2016\\\/11\\\/P1380676-e1478551389775.jpg\",\"datePublished\":\"2016-07-05T15:14:50+00:00\",\"dateModified\":\"2023-08-29T12:04:19+00:00\",\"breadcrumb\":{\"@id\":\"https:\\\/\\\/thematchagreen.com\\\/regular-workshops\\\/workshop-holiday-child-parent-sushi\\\/#breadcrumb\"},\"inLanguage\":\"fr-FR\",\"potentialAction\":[{\"@type\":\"ReadAction\",\"target\":[\"https:\\\/\\\/thematchagreen.com\\\/regular-workshops\\\/workshop-holiday-child-parent-sushi\\\/\"]}]},{\"@type\":\"ImageObject\",\"inLanguage\":\"fr-FR\",\"@id\":\"https:\\\/\\\/thematchagreen.com\\\/regular-workshops\\\/workshop-holiday-child-parent-sushi\\\/#primaryimage\",\"url\":\"https:\\\/\\\/thematchagreen.com\\\/wp-content\\\/uploads\\\/2016\\\/11\\\/P1380676-e1478551389775.jpg\",\"contentUrl\":\"https:\\\/\\\/thematchagreen.com\\\/wp-content\\\/uploads\\\/2016\\\/11\\\/P1380676-e1478551389775.jpg\",\"width\":1000,\"height\":750,\"caption\":\"sushi rice\"},{\"@type\":\"BreadcrumbList\",\"@id\":\"https:\\\/\\\/thematchagreen.com\\\/regular-workshops\\\/workshop-holiday-child-parent-sushi\\\/#breadcrumb\",\"itemListElement\":[{\"@type\":\"ListItem\",\"position\":1,\"name\":\"Home\",\"item\":\"https:\\\/\\\/thematchagreen.com\\\/\"},{\"@type\":\"ListItem\",\"position\":2,\"name\":\"Regular Classes\",\"item\":\"https:\\\/\\\/thematchagreen.com\\\/regular-workshops\\\/\"},{\"@type\":\"ListItem\",\"position\":3,\"name\":\"Holiday Workshop : Sushi Making\"}]},{\"@type\":\"WebSite\",\"@id\":\"https:\\\/\\\/thematchagreen.com\\\/#website\",\"url\":\"https:\\\/\\\/thematchagreen.com\\\/\",\"name\":\"theMatchaGreen\",\"description\":\"Japanese Cooking Classes in Canton Vaud\",\"publisher\":{\"@id\":\"https:\\\/\\\/thematchagreen.com\\\/#organization\"},\"potentialAction\":[{\"@type\":\"SearchAction\",\"target\":{\"@type\":\"EntryPoint\",\"urlTemplate\":\"https:\\\/\\\/thematchagreen.com\\\/?s={search_term_string}\"},\"query-input\":{\"@type\":\"PropertyValueSpecification\",\"valueRequired\":true,\"valueName\":\"search_term_string\"}}],\"inLanguage\":\"fr-FR\"},{\"@type\":\"Organization\",\"@id\":\"https:\\\/\\\/thematchagreen.com\\\/#organization\",\"name\":\"MatchaGreen\",\"url\":\"https:\\\/\\\/thematchagreen.com\\\/\",\"logo\":{\"@type\":\"ImageObject\",\"inLanguage\":\"fr-FR\",\"@id\":\"https:\\\/\\\/thematchagreen.com\\\/#\\\/schema\\\/logo\\\/image\\\/\",\"url\":\"https:\\\/\\\/thematchagreen.com\\\/wp-content\\\/uploads\\\/2019\\\/02\\\/test2-mg-banner-logo.png\",\"contentUrl\":\"https:\\\/\\\/thematchagreen.com\\\/wp-content\\\/uploads\\\/2019\\\/02\\\/test2-mg-banner-logo.png\",\"width\":800,\"height\":146,\"caption\":\"MatchaGreen\"},\"image\":{\"@id\":\"https:\\\/\\\/thematchagreen.com\\\/#\\\/schema\\\/logo\\\/image\\\/\"},\"sameAs\":[\"https:\\\/\\\/www.facebook.com\\\/thematchagreen\\\/?ref=aymt_homepage_panel\",\"https:\\\/\\\/www.instagram.com\\\/japanesecookingrecipesmatchagr\\\/\",\"https:\\\/\\\/www.pinterest.com\\\/thematchagreen\\\/\"]}]}<\/script>\n<!-- \/ Yoast SEO plugin. -->","yoast_head_json":{"title":"Atelier de Vacances : Sushi Making - theMatchaGreen","robots":{"index":"index","follow":"follow","max-snippet":"max-snippet:-1","max-image-preview":"max-image-preview:large","max-video-preview":"max-video-preview:-1"},"canonical":"https:\/\/thematchagreen.com\/regular-workshops\/workshop-holiday-child-parent-sushi\/","og_locale":"fr_FR","og_type":"article","og_title":"Atelier de Vacances : Sushi Making - theMatchaGreen","og_url":"https:\/\/thematchagreen.com\/regular-workshops\/workshop-holiday-child-parent-sushi\/","og_site_name":"theMatchaGreen","article_publisher":"https:\/\/www.facebook.com\/thematchagreen\/?ref=aymt_homepage_panel","article_modified_time":"2023-08-29T12:04:19+00:00","og_image":[{"width":1000,"height":750,"url":"https:\/\/thematchagreen.com\/wp-content\/uploads\/2016\/11\/P1380676-e1478551389775.jpg","type":"image\/jpeg"}],"twitter_card":"summary_large_image","twitter_misc":{"Est. reading time":"2 minutes"},"schema":{"@context":"https:\/\/schema.org","@graph":[{"@type":"WebPage","@id":"https:\/\/thematchagreen.com\/regular-workshops\/workshop-holiday-child-parent-sushi\/","url":"https:\/\/thematchagreen.com\/regular-workshops\/workshop-holiday-child-parent-sushi\/","name":"Atelier de Vacances : Sushi Making - theMatchaGreen","isPartOf":{"@id":"https:\/\/thematchagreen.com\/#website"},"primaryImageOfPage":{"@id":"https:\/\/thematchagreen.com\/regular-workshops\/workshop-holiday-child-parent-sushi\/#primaryimage"},"image":{"@id":"https:\/\/thematchagreen.com\/regular-workshops\/workshop-holiday-child-parent-sushi\/#primaryimage"},"thumbnailUrl":"https:\/\/thematchagreen.com\/wp-content\/uploads\/2016\/11\/P1380676-e1478551389775.jpg","datePublished":"2016-07-05T15:14:50+00:00","dateModified":"2023-08-29T12:04:19+00:00","breadcrumb":{"@id":"https:\/\/thematchagreen.com\/regular-workshops\/workshop-holiday-child-parent-sushi\/#breadcrumb"},"inLanguage":"fr-FR","potentialAction":[{"@type":"ReadAction","target":["https:\/\/thematchagreen.com\/regular-workshops\/workshop-holiday-child-parent-sushi\/"]}]},{"@type":"ImageObject","inLanguage":"fr-FR","@id":"https:\/\/thematchagreen.com\/regular-workshops\/workshop-holiday-child-parent-sushi\/#primaryimage","url":"https:\/\/thematchagreen.com\/wp-content\/uploads\/2016\/11\/P1380676-e1478551389775.jpg","contentUrl":"https:\/\/thematchagreen.com\/wp-content\/uploads\/2016\/11\/P1380676-e1478551389775.jpg","width":1000,"height":750,"caption":"sushi rice"},{"@type":"BreadcrumbList","@id":"https:\/\/thematchagreen.com\/regular-workshops\/workshop-holiday-child-parent-sushi\/#breadcrumb","itemListElement":[{"@type":"ListItem","position":1,"name":"Home","item":"https:\/\/thematchagreen.com\/"},{"@type":"ListItem","position":2,"name":"Regular Classes","item":"https:\/\/thematchagreen.com\/regular-workshops\/"},{"@type":"ListItem","position":3,"name":"Holiday Workshop : Sushi Making"}]},{"@type":"WebSite","@id":"https:\/\/thematchagreen.com\/#website","url":"https:\/\/thematchagreen.com\/","name":"theMatchaGreen","description":"Japanese Cooking Classes in Canton Vaud","publisher":{"@id":"https:\/\/thematchagreen.com\/#organization"},"potentialAction":[{"@type":"SearchAction","target":{"@type":"EntryPoint","urlTemplate":"https:\/\/thematchagreen.com\/?s={search_term_string}"},"query-input":{"@type":"PropertyValueSpecification","valueRequired":true,"valueName":"search_term_string"}}],"inLanguage":"fr-FR"},{"@type":"Organization","@id":"https:\/\/thematchagreen.com\/#organization","name":"MatchaGreen","url":"https:\/\/thematchagreen.com\/","logo":{"@type":"ImageObject","inLanguage":"fr-FR","@id":"https:\/\/thematchagreen.com\/#\/schema\/logo\/image\/","url":"https:\/\/thematchagreen.com\/wp-content\/uploads\/2019\/02\/test2-mg-banner-logo.png","contentUrl":"https:\/\/thematchagreen.com\/wp-content\/uploads\/2019\/02\/test2-mg-banner-logo.png","width":800,"height":146,"caption":"MatchaGreen"},"image":{"@id":"https:\/\/thematchagreen.com\/#\/schema\/logo\/image\/"},"sameAs":["https:\/\/www.facebook.com\/thematchagreen\/?ref=aymt_homepage_panel","https:\/\/www.instagram.com\/japanesecookingrecipesmatchagr\/","https:\/\/www.pinterest.com\/thematchagreen\/"]}]}},"_links":{"self":[{"href":"https:\/\/thematchagreen.com\/fr\/wp-json\/wp\/v2\/pages\/7173","targetHints":{"allow":["GET"]}}],"collection":[{"href":"https:\/\/thematchagreen.com\/fr\/wp-json\/wp\/v2\/pages"}],"about":[{"href":"https:\/\/thematchagreen.com\/fr\/wp-json\/wp\/v2\/types\/page"}],"author":[{"embeddable":true,"href":"https:\/\/thematchagreen.com\/fr\/wp-json\/wp\/v2\/users\/1"}],"replies":[{"embeddable":true,"href":"https:\/\/thematchagreen.com\/fr\/wp-json\/wp\/v2\/comments?post=7173"}],"version-history":[{"count":0,"href":"https:\/\/thematchagreen.com\/fr\/wp-json\/wp\/v2\/pages\/7173\/revisions"}],"up":[{"embeddable":true,"href":"https:\/\/thematchagreen.com\/fr\/wp-json\/wp\/v2\/pages\/4300"}],"wp:featuredmedia":[{"embeddable":true,"href":"https:\/\/thematchagreen.com\/fr\/wp-json\/wp\/v2\/media\/8264"}],"wp:attachment":[{"href":"https:\/\/thematchagreen.com\/fr\/wp-json\/wp\/v2\/media?parent=7173"}],"wp:term":[{"taxonomy":"category","embeddable":true,"href":"https:\/\/thematchagreen.com\/fr\/wp-json\/wp\/v2\/categories?post=7173"},{"taxonomy":"post_tag","embeddable":true,"href":"https:\/\/thematchagreen.com\/fr\/wp-json\/wp\/v2\/tags?post=7173"}],"curies":[{"name":"wp","href":"https:\/\/api.w.org\/{rel}","templated":true}]}}