{"id":7991,"date":"2018-09-29T17:15:43","date_gmt":"2018-09-29T15:15:43","guid":{"rendered":"https:\/\/thematchagreen.com\/?page_id=7991"},"modified":"2025-07-15T13:45:00","modified_gmt":"2025-07-15T11:45:00","slug":"workshop-sushi-basics","status":"publish","type":"page","link":"https:\/\/thematchagreen.com\/fr\/regular-workshops\/workshop-sushi-basics\/","title":{"rendered":"Pr\u00e9paration de Sushis : les bases"},"content":{"rendered":"<h1>Pr\u00e9paration de Sushis : les bases<\/h1>\n<p>Aimeriez-vous faire des sushis chez vous? L&#8217;atelier &#8220;Sushi : les bases&#8221; a \u00e8t\u00e8 con\u00e7u pour vous! Vous pourrez y apprendre comment pr\u00e9parer le riz pour sushi et les autres ingr\u00e9dients et la m\u00e9thode \u00e0 suivre pour les faire. Quand vous connaissez mes astuces, vous pourrez les faire chez vous!<br \/>\n<img decoding=\"async\" class=\"alignnone size-thumbnail wp-image-11806\" src=\"https:\/\/thematchagreen.com\/wp-content\/uploads\/2018\/08\/fullsizeoutput_286a-200x200.jpeg\" alt=\"\" width=\"200\" height=\"200\" \/>\u00a0 <img decoding=\"async\" class=\"alignnone size-thumbnail wp-image-8264\" src=\"https:\/\/thematchagreen.com\/wp-content\/uploads\/2016\/11\/P1380676-e1478551389775-200x200.jpg\" alt=\"sushi rice\" width=\"200\" height=\"200\" srcset=\"https:\/\/thematchagreen.com\/wp-content\/uploads\/2016\/11\/P1380676-e1478551389775-200x200.jpg 200w, https:\/\/thematchagreen.com\/wp-content\/uploads\/2016\/11\/P1380676-e1478551389775-50x50.jpg 50w, https:\/\/thematchagreen.com\/wp-content\/uploads\/2016\/11\/P1380676-e1478551389775-300x300.jpg 300w, https:\/\/thematchagreen.com\/wp-content\/uploads\/2016\/11\/P1380676-e1478551389775-60x60.jpg 60w, https:\/\/thematchagreen.com\/wp-content\/uploads\/2016\/11\/P1380676-e1478551389775-80x80.jpg 80w\" sizes=\"(max-width: 200px) 100vw, 200px\" \/>\u00a0 <img decoding=\"async\" class=\"alignnone size-thumbnail wp-image-8407\" src=\"https:\/\/thematchagreen.com\/wp-content\/uploads\/2016\/12\/P1020474-e1515530043330-200x200.jpg\" alt=\"tamagoyaki\" width=\"200\" height=\"200\" srcset=\"https:\/\/thematchagreen.com\/wp-content\/uploads\/2016\/12\/P1020474-e1515530043330-200x200.jpg 200w, https:\/\/thematchagreen.com\/wp-content\/uploads\/2016\/12\/P1020474-e1515530043330-50x50.jpg 50w, https:\/\/thematchagreen.com\/wp-content\/uploads\/2016\/12\/P1020474-e1515530043330-300x300.jpg 300w, https:\/\/thematchagreen.com\/wp-content\/uploads\/2016\/12\/P1020474-e1515530043330-60x60.jpg 60w, https:\/\/thematchagreen.com\/wp-content\/uploads\/2016\/12\/P1020474-e1515530043330-80x80.jpg 80w\" sizes=\"(max-width: 200px) 100vw, 200px\" \/><\/p>\n<div style=\"clear: both;\"><\/div>\n<h2>SUSHI MAKING BASICS : CHF120p.p.<\/h2>\n<ul>\n<li>Pr\u00e9parer du riz japonais et du riz pour sushi<\/li>\n<li>Hosomaki sushi (petit rouleaux)<\/li>\n<li>Futomaki sushi (grand rouleaux)<\/li>\n<li>Uramaki sushi (rouleaux de sushi \u00e0 l&#8217;envers)<\/li>\n<li>Temaki sushi (sushi roul\u00e9 \u00e0 la main)<\/li>\n<li>Tamagoyaki (omelette japonaise)<\/li>\n<\/ul>\n<p>*Un dessert et th\u00e9 japonais sont offert.<\/p>\n<p>* Pour les groupes de 2 ou plus, les cours ont lieu \u00e0 midi les jours ouvrables (lundi \u00e0 vendredi).<br \/>\nVous pouvez choisir la date, mais le cours restera ouvert \u00e0 d&#8217;autres participants \u00e9ventuels.<\/p>\n<p>D\u00e8s <b>6<\/b> personnes, un cours priv\u00e9 peut \u00eatre demand\u00e9 pour la date de votre choix, y compris un soir ou pendant le weekend.<\/p>\n<h3><\/h3>\n<p>*Veuillez noter que le contenu du cours &#8220;Atelier enfant&amp;parent&#8221; n&#8217;est pas exactement le m\u00eame que celui de notre cours normal &#8220;Sushi Making Basics&#8221;.<\/p>\n<h2><a href=\"https:\/\/thematchagreen.com\/sign-up-for-workshop\/\" target=\"_blank\" rel=\"noopener noreferrer\">S&#8217;inscrire \u00e0 ce cours<\/a><\/h2>\n<p style=\"text-align: left;\"><strong><a href=\"https:\/\/thematchagreen.com\/contact-matchagreen\">Contactez-theMatchaGreen<\/a>\u00a0<\/strong><\/p>\n<h2 style=\"text-align: left;\"><strong><a href=\"https:\/\/thematchagreen.com\/fr\/horaire\/\" target=\"_blank\" rel=\"noopener noreferrer\">Horaire des cours<\/a><\/strong><\/h2>\n","protected":false},"excerpt":{"rendered":"<p>Pr\u00e9paration de Sushis : les bases Aimeriez-vous faire des sushis chez vous? L&#8217;atelier &#8220;Sushi : les bases&#8221; a \u00e8t\u00e8 con\u00e7u pour vous! Vous pourrez y apprendre comment pr\u00e9parer le riz pour sushi et les autres ingr\u00e9dients et la m\u00e9thode \u00e0 suivre pour les faire. Quand vous connaissez mes astuces, vous pourrez les faire chez vous! [&hellip;]<\/p>\n","protected":false},"author":1,"featured_media":9204,"parent":4300,"menu_order":43,"comment_status":"closed","ping_status":"closed","template":"","meta":{"footnotes":""},"categories":[337],"tags":[594,501],"class_list":{"0":"post-7991","1":"page","2":"type-page","3":"status-publish","4":"has-post-thumbnail","6":"category-workshops","7":"tag-basics","8":"tag-sushi"},"translation":{"provider":"WPGlobus","version":"3.0.2","language":"fr","enabled_languages":["en","fr"],"languages":{"en":{"title":true,"content":true,"excerpt":false},"fr":{"title":true,"content":true,"excerpt":false}}},"yoast_head":"<!-- This site is optimized with the Yoast SEO plugin v27.3 - https:\/\/yoast.com\/product\/yoast-seo-wordpress\/ -->\n<title>Pr\u00e9paration de Sushis : les bases - theMatchaGreen<\/title>\n<meta name=\"robots\" content=\"index, follow, max-snippet:-1, max-image-preview:large, max-video-preview:-1\" \/>\n<link rel=\"canonical\" href=\"https:\/\/thematchagreen.com\/regular-workshops\/workshop-sushi-basics\/\" \/>\n<meta property=\"og:locale\" content=\"fr_FR\" \/>\n<meta property=\"og:type\" content=\"article\" \/>\n<meta property=\"og:title\" content=\"Pr\u00e9paration de Sushis : les bases - theMatchaGreen\" \/>\n<meta property=\"og:url\" content=\"https:\/\/thematchagreen.com\/regular-workshops\/workshop-sushi-basics\/\" \/>\n<meta property=\"og:site_name\" content=\"theMatchaGreen\" \/>\n<meta property=\"article:publisher\" content=\"https:\/\/www.facebook.com\/thematchagreen\/?ref=aymt_homepage_panel\" \/>\n<meta property=\"article:modified_time\" content=\"2025-07-15T11:45:00+00:00\" \/>\n<meta property=\"og:image\" content=\"https:\/\/thematchagreen.com\/wp-content\/uploads\/2016\/09\/fullsizeoutput_206b-e1503582470819.jpeg\" \/>\n\t<meta property=\"og:image:width\" content=\"1000\" \/>\n\t<meta property=\"og:image:height\" content=\"770\" \/>\n\t<meta property=\"og:image:type\" content=\"image\/jpeg\" \/>\n<meta name=\"twitter:card\" content=\"summary_large_image\" \/>\n<meta name=\"twitter:label1\" content=\"Est. reading time\" \/>\n\t<meta name=\"twitter:data1\" content=\"2 minutes\" \/>\n<script type=\"application\/ld+json\" class=\"yoast-schema-graph\">{\"@context\":\"https:\\\/\\\/schema.org\",\"@graph\":[{\"@type\":\"WebPage\",\"@id\":\"https:\\\/\\\/thematchagreen.com\\\/regular-workshops\\\/workshop-sushi-basics\\\/\",\"url\":\"https:\\\/\\\/thematchagreen.com\\\/regular-workshops\\\/workshop-sushi-basics\\\/\",\"name\":\"Pr\u00e9paration de Sushis : les bases - theMatchaGreen\",\"isPartOf\":{\"@id\":\"https:\\\/\\\/thematchagreen.com\\\/#website\"},\"primaryImageOfPage\":{\"@id\":\"https:\\\/\\\/thematchagreen.com\\\/regular-workshops\\\/workshop-sushi-basics\\\/#primaryimage\"},\"image\":{\"@id\":\"https:\\\/\\\/thematchagreen.com\\\/regular-workshops\\\/workshop-sushi-basics\\\/#primaryimage\"},\"thumbnailUrl\":\"https:\\\/\\\/thematchagreen.com\\\/wp-content\\\/uploads\\\/2016\\\/09\\\/fullsizeoutput_206b-e1503582470819.jpeg\",\"datePublished\":\"2018-09-29T15:15:43+00:00\",\"dateModified\":\"2025-07-15T11:45:00+00:00\",\"breadcrumb\":{\"@id\":\"https:\\\/\\\/thematchagreen.com\\\/regular-workshops\\\/workshop-sushi-basics\\\/#breadcrumb\"},\"inLanguage\":\"fr-FR\",\"potentialAction\":[{\"@type\":\"ReadAction\",\"target\":[\"https:\\\/\\\/thematchagreen.com\\\/regular-workshops\\\/workshop-sushi-basics\\\/\"]}]},{\"@type\":\"ImageObject\",\"inLanguage\":\"fr-FR\",\"@id\":\"https:\\\/\\\/thematchagreen.com\\\/regular-workshops\\\/workshop-sushi-basics\\\/#primaryimage\",\"url\":\"https:\\\/\\\/thematchagreen.com\\\/wp-content\\\/uploads\\\/2016\\\/09\\\/fullsizeoutput_206b-e1503582470819.jpeg\",\"contentUrl\":\"https:\\\/\\\/thematchagreen.com\\\/wp-content\\\/uploads\\\/2016\\\/09\\\/fullsizeoutput_206b-e1503582470819.jpeg\",\"width\":1000,\"height\":770,\"caption\":\"Uramaki sushi\"},{\"@type\":\"BreadcrumbList\",\"@id\":\"https:\\\/\\\/thematchagreen.com\\\/regular-workshops\\\/workshop-sushi-basics\\\/#breadcrumb\",\"itemListElement\":[{\"@type\":\"ListItem\",\"position\":1,\"name\":\"Home\",\"item\":\"https:\\\/\\\/thematchagreen.com\\\/\"},{\"@type\":\"ListItem\",\"position\":2,\"name\":\"Regular Classes\",\"item\":\"https:\\\/\\\/thematchagreen.com\\\/regular-workshops\\\/\"},{\"@type\":\"ListItem\",\"position\":3,\"name\":\"Sushi Making Basics\"}]},{\"@type\":\"WebSite\",\"@id\":\"https:\\\/\\\/thematchagreen.com\\\/#website\",\"url\":\"https:\\\/\\\/thematchagreen.com\\\/\",\"name\":\"theMatchaGreen\",\"description\":\"Japanese Cooking Classes in Canton Vaud\",\"publisher\":{\"@id\":\"https:\\\/\\\/thematchagreen.com\\\/#organization\"},\"potentialAction\":[{\"@type\":\"SearchAction\",\"target\":{\"@type\":\"EntryPoint\",\"urlTemplate\":\"https:\\\/\\\/thematchagreen.com\\\/?s={search_term_string}\"},\"query-input\":{\"@type\":\"PropertyValueSpecification\",\"valueRequired\":true,\"valueName\":\"search_term_string\"}}],\"inLanguage\":\"fr-FR\"},{\"@type\":\"Organization\",\"@id\":\"https:\\\/\\\/thematchagreen.com\\\/#organization\",\"name\":\"MatchaGreen\",\"url\":\"https:\\\/\\\/thematchagreen.com\\\/\",\"logo\":{\"@type\":\"ImageObject\",\"inLanguage\":\"fr-FR\",\"@id\":\"https:\\\/\\\/thematchagreen.com\\\/#\\\/schema\\\/logo\\\/image\\\/\",\"url\":\"https:\\\/\\\/thematchagreen.com\\\/wp-content\\\/uploads\\\/2019\\\/02\\\/test2-mg-banner-logo.png\",\"contentUrl\":\"https:\\\/\\\/thematchagreen.com\\\/wp-content\\\/uploads\\\/2019\\\/02\\\/test2-mg-banner-logo.png\",\"width\":800,\"height\":146,\"caption\":\"MatchaGreen\"},\"image\":{\"@id\":\"https:\\\/\\\/thematchagreen.com\\\/#\\\/schema\\\/logo\\\/image\\\/\"},\"sameAs\":[\"https:\\\/\\\/www.facebook.com\\\/thematchagreen\\\/?ref=aymt_homepage_panel\",\"https:\\\/\\\/www.instagram.com\\\/japanesecookingrecipesmatchagr\\\/\",\"https:\\\/\\\/www.pinterest.com\\\/thematchagreen\\\/\"]}]}<\/script>\n<!-- \/ Yoast SEO plugin. -->","yoast_head_json":{"title":"Pr\u00e9paration de Sushis : les bases - theMatchaGreen","robots":{"index":"index","follow":"follow","max-snippet":"max-snippet:-1","max-image-preview":"max-image-preview:large","max-video-preview":"max-video-preview:-1"},"canonical":"https:\/\/thematchagreen.com\/regular-workshops\/workshop-sushi-basics\/","og_locale":"fr_FR","og_type":"article","og_title":"Pr\u00e9paration de Sushis : les bases - theMatchaGreen","og_url":"https:\/\/thematchagreen.com\/regular-workshops\/workshop-sushi-basics\/","og_site_name":"theMatchaGreen","article_publisher":"https:\/\/www.facebook.com\/thematchagreen\/?ref=aymt_homepage_panel","article_modified_time":"2025-07-15T11:45:00+00:00","og_image":[{"width":1000,"height":770,"url":"https:\/\/thematchagreen.com\/wp-content\/uploads\/2016\/09\/fullsizeoutput_206b-e1503582470819.jpeg","type":"image\/jpeg"}],"twitter_card":"summary_large_image","twitter_misc":{"Est. reading time":"2 minutes"},"schema":{"@context":"https:\/\/schema.org","@graph":[{"@type":"WebPage","@id":"https:\/\/thematchagreen.com\/regular-workshops\/workshop-sushi-basics\/","url":"https:\/\/thematchagreen.com\/regular-workshops\/workshop-sushi-basics\/","name":"Pr\u00e9paration de Sushis : les bases - theMatchaGreen","isPartOf":{"@id":"https:\/\/thematchagreen.com\/#website"},"primaryImageOfPage":{"@id":"https:\/\/thematchagreen.com\/regular-workshops\/workshop-sushi-basics\/#primaryimage"},"image":{"@id":"https:\/\/thematchagreen.com\/regular-workshops\/workshop-sushi-basics\/#primaryimage"},"thumbnailUrl":"https:\/\/thematchagreen.com\/wp-content\/uploads\/2016\/09\/fullsizeoutput_206b-e1503582470819.jpeg","datePublished":"2018-09-29T15:15:43+00:00","dateModified":"2025-07-15T11:45:00+00:00","breadcrumb":{"@id":"https:\/\/thematchagreen.com\/regular-workshops\/workshop-sushi-basics\/#breadcrumb"},"inLanguage":"fr-FR","potentialAction":[{"@type":"ReadAction","target":["https:\/\/thematchagreen.com\/regular-workshops\/workshop-sushi-basics\/"]}]},{"@type":"ImageObject","inLanguage":"fr-FR","@id":"https:\/\/thematchagreen.com\/regular-workshops\/workshop-sushi-basics\/#primaryimage","url":"https:\/\/thematchagreen.com\/wp-content\/uploads\/2016\/09\/fullsizeoutput_206b-e1503582470819.jpeg","contentUrl":"https:\/\/thematchagreen.com\/wp-content\/uploads\/2016\/09\/fullsizeoutput_206b-e1503582470819.jpeg","width":1000,"height":770,"caption":"Uramaki sushi"},{"@type":"BreadcrumbList","@id":"https:\/\/thematchagreen.com\/regular-workshops\/workshop-sushi-basics\/#breadcrumb","itemListElement":[{"@type":"ListItem","position":1,"name":"Home","item":"https:\/\/thematchagreen.com\/"},{"@type":"ListItem","position":2,"name":"Regular Classes","item":"https:\/\/thematchagreen.com\/regular-workshops\/"},{"@type":"ListItem","position":3,"name":"Sushi Making Basics"}]},{"@type":"WebSite","@id":"https:\/\/thematchagreen.com\/#website","url":"https:\/\/thematchagreen.com\/","name":"theMatchaGreen","description":"Japanese Cooking Classes in Canton Vaud","publisher":{"@id":"https:\/\/thematchagreen.com\/#organization"},"potentialAction":[{"@type":"SearchAction","target":{"@type":"EntryPoint","urlTemplate":"https:\/\/thematchagreen.com\/?s={search_term_string}"},"query-input":{"@type":"PropertyValueSpecification","valueRequired":true,"valueName":"search_term_string"}}],"inLanguage":"fr-FR"},{"@type":"Organization","@id":"https:\/\/thematchagreen.com\/#organization","name":"MatchaGreen","url":"https:\/\/thematchagreen.com\/","logo":{"@type":"ImageObject","inLanguage":"fr-FR","@id":"https:\/\/thematchagreen.com\/#\/schema\/logo\/image\/","url":"https:\/\/thematchagreen.com\/wp-content\/uploads\/2019\/02\/test2-mg-banner-logo.png","contentUrl":"https:\/\/thematchagreen.com\/wp-content\/uploads\/2019\/02\/test2-mg-banner-logo.png","width":800,"height":146,"caption":"MatchaGreen"},"image":{"@id":"https:\/\/thematchagreen.com\/#\/schema\/logo\/image\/"},"sameAs":["https:\/\/www.facebook.com\/thematchagreen\/?ref=aymt_homepage_panel","https:\/\/www.instagram.com\/japanesecookingrecipesmatchagr\/","https:\/\/www.pinterest.com\/thematchagreen\/"]}]}},"_links":{"self":[{"href":"https:\/\/thematchagreen.com\/fr\/wp-json\/wp\/v2\/pages\/7991","targetHints":{"allow":["GET"]}}],"collection":[{"href":"https:\/\/thematchagreen.com\/fr\/wp-json\/wp\/v2\/pages"}],"about":[{"href":"https:\/\/thematchagreen.com\/fr\/wp-json\/wp\/v2\/types\/page"}],"author":[{"embeddable":true,"href":"https:\/\/thematchagreen.com\/fr\/wp-json\/wp\/v2\/users\/1"}],"replies":[{"embeddable":true,"href":"https:\/\/thematchagreen.com\/fr\/wp-json\/wp\/v2\/comments?post=7991"}],"version-history":[{"count":2,"href":"https:\/\/thematchagreen.com\/fr\/wp-json\/wp\/v2\/pages\/7991\/revisions"}],"predecessor-version":[{"id":22040,"href":"https:\/\/thematchagreen.com\/fr\/wp-json\/wp\/v2\/pages\/7991\/revisions\/22040"}],"up":[{"embeddable":true,"href":"https:\/\/thematchagreen.com\/fr\/wp-json\/wp\/v2\/pages\/4300"}],"wp:featuredmedia":[{"embeddable":true,"href":"https:\/\/thematchagreen.com\/fr\/wp-json\/wp\/v2\/media\/9204"}],"wp:attachment":[{"href":"https:\/\/thematchagreen.com\/fr\/wp-json\/wp\/v2\/media?parent=7991"}],"wp:term":[{"taxonomy":"category","embeddable":true,"href":"https:\/\/thematchagreen.com\/fr\/wp-json\/wp\/v2\/categories?post=7991"},{"taxonomy":"post_tag","embeddable":true,"href":"https:\/\/thematchagreen.com\/fr\/wp-json\/wp\/v2\/tags?post=7991"}],"curies":[{"name":"wp","href":"https:\/\/api.w.org\/{rel}","templated":true}]}}